{"id":10967,"date":"2021-02-21T14:10:21","date_gmt":"2021-02-21T14:10:21","guid":{"rendered":"https:\/\/www.autonvaraosahaku.fi\/?product=maxgear-26-0859-raitisilmasuodatin"},"modified":"2021-02-21T14:10:22","modified_gmt":"2021-02-21T14:10:22","slug":"maxgear-26-0859-raitisilmasuodatin","status":"publish","type":"product","link":"https:\/\/www.autonvaraosahaku.fi\/?product=maxgear-26-0859-raitisilmasuodatin","title":{"rendered":"MAXGEAR 26-0859 Raitisilmasuodatin"},"content":{"rendered":"<p>Suodatintyyppi: Aktiivihiilisuodatin; Pituus (mm): 239; Leveys (mm): 108; Korkeus (mm): 20; M\u00e4\u00e4r\u00e4yksikk\u00f6: Sarja; MERCEDES-BENZ: CITAN Kasten 415,CITAN Kombi 415,CITAN Mixto 415; OPEL: MOVANO B Kasten,MOVANO B Bus,MOVANO B Pritsche\/Fahrgestell; RENAULT: KANGOO \/ GRAND KANGOO KW0\/1_,MASTER III Kasten FV,KANGOO Express FW0\/1_,KANGOO BE BOP KW0\/1_,MASTER III Bus JV,MASTER III Pritsche\/Fahrgestell EV, HV, UV; NISSAN: NV400 Kasten,NV400 Bus,NV400 Pritsche\/Fahrgestell; VAUXHALL: MOVANO Mk II B VAN,MOVANO Mk II B Chassis\/Cab; 4158350600, 4158351100, A4158350600, A4158351100, 2789100Q0D, 4419683, 93197779, 7701209837, 7701209837, 93197779; Sis\u00e4ilmansuodatin,Suodatin, Sis\u00e4ilma<\/p>\n","protected":false},"excerpt":{"rendered":"<p>MAXGEAR Raitisilmasuodatin 26-0859 Sis\u00e4ilmansuodatin,Suodatin, Sis\u00e4ilma MERCEDES-BENZ,OPEL,RENAULT,CITAN Kasten 415,CITAN Kombi 415,CITAN Mixto 415<\/p>\n","protected":false},"featured_media":0,"template":"","meta":{"site-sidebar-layout":"default","site-content-layout":"default","ast-global-header-display":"","ast-main-header-display":"","ast-hfb-above-header-display":"","ast-hfb-below-header-display":"","ast-hfb-mobile-header-display":"","site-post-title":"","ast-breadcrumbs-content":"","ast-featured-img":"","footer-sml-layout":"","theme-transparent-header-meta":"","adv-header-id-meta":"","stick-header-meta":"","header-above-stick-meta":"","header-main-stick-meta":"","header-below-stick-meta":""},"pwb-brand":[48],"product_cat":[19],"product_tag":[],"class_list":{"0":"post-10967","1":"product","2":"type-product","3":"status-publish","5":"pwb-brand-maxgear","6":"product_cat-raitisilmasuodatin","7":"desktop-align-left","8":"tablet-align-left","9":"mobile-align-left","11":"first","12":"instock","13":"product-type-external"},"brands":[{"id":48,"name":"MAXGEAR","slug":"maxgear"}],"_links":{"self":[{"href":"https:\/\/www.autonvaraosahaku.fi\/index.php?rest_route=\/wp\/v2\/product\/10967","targetHints":{"allow":["GET"]}}],"collection":[{"href":"https:\/\/www.autonvaraosahaku.fi\/index.php?rest_route=\/wp\/v2\/product"}],"about":[{"href":"https:\/\/www.autonvaraosahaku.fi\/index.php?rest_route=\/wp\/v2\/types\/product"}],"wp:attachment":[{"href":"https:\/\/www.autonvaraosahaku.fi\/index.php?rest_route=%2Fwp%2Fv2%2Fmedia&parent=10967"}],"wp:term":[{"taxonomy":"pwb-brand","embeddable":true,"href":"https:\/\/www.autonvaraosahaku.fi\/index.php?rest_route=%2Fwp%2Fv2%2Fpwb-brand&post=10967"},{"taxonomy":"product_cat","embeddable":true,"href":"https:\/\/www.autonvaraosahaku.fi\/index.php?rest_route=%2Fwp%2Fv2%2Fproduct_cat&post=10967"},{"taxonomy":"product_tag","embeddable":true,"href":"https:\/\/www.autonvaraosahaku.fi\/index.php?rest_route=%2Fwp%2Fv2%2Fproduct_tag&post=10967"}],"curies":[{"name":"wp","href":"https:\/\/api.w.org\/{rel}","templated":true}]}}