{"id":10981,"date":"2021-02-21T14:10:25","date_gmt":"2021-02-21T14:10:25","guid":{"rendered":"https:\/\/www.autonvaraosahaku.fi\/?product=automega-160057310-paisuntasailio"},"modified":"2021-02-21T14:10:25","modified_gmt":"2021-02-21T14:10:25","slug":"automega-160057310-paisuntasailio","status":"publish","type":"product","link":"https:\/\/www.autonvaraosahaku.fi\/?product=automega-160057310-paisuntasailio","title":{"rendered":"AUTOMEGA 160057310 Paisuntas\u00e4ili\u00f6"},"content":{"rendered":"<p>Materiaali: Muovi; L\u00e4mmityslaite \/ j\u00e4\u00e4hdytys: pesunesteentasokatkaisijaliittimell\u00e4; Korvaava tuote\/korvaava tiedote 2: ilman kantta, Anturilla; Moottorinumero: ADX; VW: POLO 6N2,POLO 6N1; 6N0121407, 6N0121407A, 6N0121407B, 6N0121407, 6N0121407A, 6N0121407B, 6N0121407, 6N0121407A, 6N0121407B, 6N0121407, 6N0121407A, 6N0121407B; Nestes\u00e4ili\u00f6, J\u00e4\u00e4hdytysneste<\/p>\n","protected":false},"excerpt":{"rendered":"<p>AUTOMEGA Paisuntas\u00e4ili\u00f6 160057310 Nestes\u00e4ili\u00f6, J\u00e4\u00e4hdytysneste VW,POLO 6N2,POLO 6N1<\/p>\n","protected":false},"featured_media":0,"template":"","meta":{"site-sidebar-layout":"default","site-content-layout":"default","ast-global-header-display":"","ast-main-header-display":"","ast-hfb-above-header-display":"","ast-hfb-below-header-display":"","ast-hfb-mobile-header-display":"","site-post-title":"","ast-breadcrumbs-content":"","ast-featured-img":"","footer-sml-layout":"","theme-transparent-header-meta":"","adv-header-id-meta":"","stick-header-meta":"","header-above-stick-meta":"","header-main-stick-meta":"","header-below-stick-meta":""},"pwb-brand":[121],"product_cat":[127],"product_tag":[],"class_list":{"0":"post-10981","1":"product","2":"type-product","3":"status-publish","5":"pwb-brand-automega","6":"product_cat-paisuntasailio","7":"desktop-align-left","8":"tablet-align-left","9":"mobile-align-left","11":"first","12":"instock","13":"product-type-external"},"brands":[{"id":121,"name":"AUTOMEGA","slug":"automega"}],"_links":{"self":[{"href":"https:\/\/www.autonvaraosahaku.fi\/index.php?rest_route=\/wp\/v2\/product\/10981","targetHints":{"allow":["GET"]}}],"collection":[{"href":"https:\/\/www.autonvaraosahaku.fi\/index.php?rest_route=\/wp\/v2\/product"}],"about":[{"href":"https:\/\/www.autonvaraosahaku.fi\/index.php?rest_route=\/wp\/v2\/types\/product"}],"wp:attachment":[{"href":"https:\/\/www.autonvaraosahaku.fi\/index.php?rest_route=%2Fwp%2Fv2%2Fmedia&parent=10981"}],"wp:term":[{"taxonomy":"pwb-brand","embeddable":true,"href":"https:\/\/www.autonvaraosahaku.fi\/index.php?rest_route=%2Fwp%2Fv2%2Fpwb-brand&post=10981"},{"taxonomy":"product_cat","embeddable":true,"href":"https:\/\/www.autonvaraosahaku.fi\/index.php?rest_route=%2Fwp%2Fv2%2Fproduct_cat&post=10981"},{"taxonomy":"product_tag","embeddable":true,"href":"https:\/\/www.autonvaraosahaku.fi\/index.php?rest_route=%2Fwp%2Fv2%2Fproduct_tag&post=10981"}],"curies":[{"name":"wp","href":"https:\/\/api.w.org\/{rel}","templated":true}]}}