{"id":11004,"date":"2021-02-21T14:10:28","date_gmt":"2021-02-21T14:10:28","guid":{"rendered":"https:\/\/www.autonvaraosahaku.fi\/?product=metzger-4006053-termostaatti"},"modified":"2021-02-21T14:10:29","modified_gmt":"2021-02-21T14:10:29","slug":"metzger-4006053-termostaatti","status":"publish","type":"product","link":"https:\/\/www.autonvaraosahaku.fi\/?product=metzger-4006053-termostaatti","title":{"rendered":"METZGER 4006053 Termostaatti"},"content":{"rendered":"<p>Avausl\u00e4mp\u00f6tila [\u00b0C]: 88; L\u00e4pimitta 1 [mm]: 52; L\u00e4pimitta 2 [mm]: 35; Korkeus (mm): 31; Lis\u00e4tarvike\/lis\u00e4tieto: Tiivisteill\u00e4; Moottorimalli: ZETEC; MAZDA: TRIBUTE EP,121 III JASM, JBSM; FORD: FOCUS Kombi DNW,FOCUS DAW, DBW,FOCUS C-MAX,FIESTA IV JA_, JB_,GALAXY WA6,MAVERICK,FOCUS Stufenheck DFW,MONDEO II Kombi BNP,FIESTA III GFJ,TRANSIT CONNECT P65_, P70_, P80_,COUGAR EC_,MONDEO II BAP,TOURNEO CONNECT,ESCORT VII GAL, AAL, ABL,MONDEO II Stufenheck BFP,MONDEO I Kombi BNP,SIERRA GBG, GB4,MONDEO I GBP,ESCORT VII Kombi GAL, ANL,TRANSIT  MK-5 Bus E_ _,ESCORT VII Cabriolet ALL,ESCORT VI Cabriolet ALL,ESCORT VI GAL,SCORPIO II GFR, GGR,SIERRA Schr\u00e4gheck GBC, GBG,TRANSIT MK-5 Pritsche\/Fahrgestell E_ _,SCORPIO I GAE, GGE,ESCORT V Cabriolet ALL,MONDEO I Stufenheck GBP,TRANSIT Bus MK-4 E_ _,TRANSIT MK-5 Kasten E_ _,ESCORT &#8217;95 Express AVL,TRANSIT MK-4 Pritsche\/Fahrgestell E_ _,FIESTA Kasten J5_, J3_,SCORPIO II Kombi GNR, GGR,SCORPIO I Stufenheck GGE,ESCORT V GAL,ESCORT VII Stufenheck GAL, AFL,FIESTA Kasten JV_,TRANSIT MK-4 Kasten E_ _,SIERRA Kombi BNG,ESCORT VI Kombi GAL,ESCORT CLASSIC AAL, ABL,ESCORT CLASSIC Turnier ANL,ESCORT VI Stufenheck GAL,FIESTA Kasten F3L, F; 1001993, 1086282, 1663819, 6153501, 6169774, 6588962, 6866389, 89FF8575AA, 89FF8575AB, 89TM8575AA, 928M8575AE, 948M8575AA, 1E0715171, 1E0715171A; Termostaatti, J\u00e4\u00e4hdytysneste<\/p>\n","protected":false},"excerpt":{"rendered":"<p>METZGER Termostaatti 4006053 Termostaatti, J\u00e4\u00e4hdytysneste MAZDA,FORD,TRIBUTE EP,121 III JASM, JBSM,FOCUS Kombi DNW,FOCUS DAW, DBW,FOCUS C-MAX<\/p>\n","protected":false},"featured_media":0,"template":"","meta":{"site-sidebar-layout":"default","site-content-layout":"default","ast-global-header-display":"","ast-main-header-display":"","ast-hfb-above-header-display":"","ast-hfb-below-header-display":"","ast-hfb-mobile-header-display":"","site-post-title":"","ast-breadcrumbs-content":"","ast-featured-img":"","footer-sml-layout":"","theme-transparent-header-meta":"","adv-header-id-meta":"","stick-header-meta":"","header-above-stick-meta":"","header-main-stick-meta":"","header-below-stick-meta":""},"pwb-brand":[69],"product_cat":[174],"product_tag":[],"class_list":{"0":"post-11004","1":"product","2":"type-product","3":"status-publish","5":"pwb-brand-metzger","6":"product_cat-termostaatti","7":"desktop-align-left","8":"tablet-align-left","9":"mobile-align-left","11":"first","12":"instock","13":"product-type-external"},"brands":[{"id":69,"name":"METZGER","slug":"metzger"}],"_links":{"self":[{"href":"https:\/\/www.autonvaraosahaku.fi\/index.php?rest_route=\/wp\/v2\/product\/11004","targetHints":{"allow":["GET"]}}],"collection":[{"href":"https:\/\/www.autonvaraosahaku.fi\/index.php?rest_route=\/wp\/v2\/product"}],"about":[{"href":"https:\/\/www.autonvaraosahaku.fi\/index.php?rest_route=\/wp\/v2\/types\/product"}],"wp:attachment":[{"href":"https:\/\/www.autonvaraosahaku.fi\/index.php?rest_route=%2Fwp%2Fv2%2Fmedia&parent=11004"}],"wp:term":[{"taxonomy":"pwb-brand","embeddable":true,"href":"https:\/\/www.autonvaraosahaku.fi\/index.php?rest_route=%2Fwp%2Fv2%2Fpwb-brand&post=11004"},{"taxonomy":"product_cat","embeddable":true,"href":"https:\/\/www.autonvaraosahaku.fi\/index.php?rest_route=%2Fwp%2Fv2%2Fproduct_cat&post=11004"},{"taxonomy":"product_tag","embeddable":true,"href":"https:\/\/www.autonvaraosahaku.fi\/index.php?rest_route=%2Fwp%2Fv2%2Fproduct_tag&post=11004"}],"curies":[{"name":"wp","href":"https:\/\/api.w.org\/{rel}","templated":true}]}}