{"id":11005,"date":"2021-02-21T14:10:28","date_gmt":"2021-02-21T14:10:28","guid":{"rendered":"https:\/\/www.autonvaraosahaku.fi\/?product=tyc-19-0638-01-2-sumuvalot"},"modified":"2021-02-21T14:10:29","modified_gmt":"2021-02-21T14:10:29","slug":"tyc-19-0638-01-2-sumuvalot","status":"publish","type":"product","link":"https:\/\/www.autonvaraosahaku.fi\/?product=tyc-19-0638-01-2-sumuvalot","title":{"rendered":"TYC 19-0638-01-2 Sumuvalot"},"content":{"rendered":"<p>Asennuspuoli: Vasen; Rekister\u00f6ity tyyppi: E-hyv\u00e4ksytty; Lis\u00e4tarvike\/lis\u00e4tieto: Ilman lampun kantaa; Lamppumalli: P21W; MERCEDES-BENZ: CITAN Kasten 415,CITAN Kombi 415,CITAN Mixto 415; RENAULT: KANGOO \/ GRAND KANGOO KW0\/1_,KANGOO Express FW0\/1_,KANGOO BE BOP KW0\/1_; 4159060400, 4159060900, A4159060400, 8200419906<\/p>\n","protected":false},"excerpt":{"rendered":"<p>TYC Takasumuvalo 19-0638-01-2  MERCEDES-BENZ,RENAULT,CITAN Kasten 415,CITAN Kombi 415,CITAN Mixto 415,KANGOO \/ GRAND KANGOO KW0\/1_<\/p>\n","protected":false},"featured_media":0,"template":"","meta":{"site-sidebar-layout":"default","site-content-layout":"default","ast-global-header-display":"","ast-main-header-display":"","ast-hfb-above-header-display":"","ast-hfb-below-header-display":"","ast-hfb-mobile-header-display":"","site-post-title":"","ast-breadcrumbs-content":"","ast-featured-img":"","footer-sml-layout":"","theme-transparent-header-meta":"","adv-header-id-meta":"","stick-header-meta":"","header-above-stick-meta":"","header-main-stick-meta":"","header-below-stick-meta":""},"pwb-brand":[124],"product_cat":[119],"product_tag":[],"class_list":{"0":"post-11005","1":"product","2":"type-product","3":"status-publish","5":"pwb-brand-tyc","6":"product_cat-sumuvalot","7":"desktop-align-left","8":"tablet-align-left","9":"mobile-align-left","11":"first","12":"instock","13":"product-type-external"},"brands":[{"id":124,"name":"TYC","slug":"tyc"}],"_links":{"self":[{"href":"https:\/\/www.autonvaraosahaku.fi\/index.php?rest_route=\/wp\/v2\/product\/11005","targetHints":{"allow":["GET"]}}],"collection":[{"href":"https:\/\/www.autonvaraosahaku.fi\/index.php?rest_route=\/wp\/v2\/product"}],"about":[{"href":"https:\/\/www.autonvaraosahaku.fi\/index.php?rest_route=\/wp\/v2\/types\/product"}],"wp:attachment":[{"href":"https:\/\/www.autonvaraosahaku.fi\/index.php?rest_route=%2Fwp%2Fv2%2Fmedia&parent=11005"}],"wp:term":[{"taxonomy":"pwb-brand","embeddable":true,"href":"https:\/\/www.autonvaraosahaku.fi\/index.php?rest_route=%2Fwp%2Fv2%2Fpwb-brand&post=11005"},{"taxonomy":"product_cat","embeddable":true,"href":"https:\/\/www.autonvaraosahaku.fi\/index.php?rest_route=%2Fwp%2Fv2%2Fproduct_cat&post=11005"},{"taxonomy":"product_tag","embeddable":true,"href":"https:\/\/www.autonvaraosahaku.fi\/index.php?rest_route=%2Fwp%2Fv2%2Fproduct_tag&post=11005"}],"curies":[{"name":"wp","href":"https:\/\/api.w.org\/{rel}","templated":true}]}}