{"id":11025,"date":"2021-02-21T14:10:32","date_gmt":"2021-02-21T14:10:32","guid":{"rendered":"https:\/\/www.autonvaraosahaku.fi\/?product=maxgear-39-0325-pyyhkijansulat"},"modified":"2021-02-21T14:10:33","modified_gmt":"2021-02-21T14:10:33","slug":"maxgear-39-0325-pyyhkijansulat","status":"publish","type":"product","link":"https:\/\/www.autonvaraosahaku.fi\/?product=maxgear-39-0325-pyyhkijansulat","title":{"rendered":"MAXGEAR 39-0325 Pyyhkij\u00e4nsulat"},"content":{"rendered":"<p>Asennuspuoli: Takana; M\u00e4\u00e4r\u00e4: 1; Pituus (mm): 350; Valmistusvuoteen: 07\/2012; OPEL: ZAFIRA B A05; RENAULT: CLIO III BR0\/1, CR0\/1,MEGANE III Grandtour KZ0\/1,ESPACE IV JK0\/1_,LAGUNA II Grandtour KG0\/1_,SC\u00c9NIC I JA0\/1_,CLIO III Kasten SB_, SR_; FIAT: STILO Multi Wagon 192,SCUDO 270_,ULYSSE 179AX,SCUDO Kasten 270_; PEUGEOT: 206 Schr\u00e4gheck 2A\/C,307 SW 3H,307 3A\/C,208,807 E,106 II 1,206+ T3E,307 Break 3E,PARTNER Tepee,EXPERT Tepee VF3V_,EXPERT Kasten VF3A_, VF3U_, VF3X_,PARTNER Kasten,206 Van,106 Van 1_,208 Kasten; CITRO\u00cbN: C3 I FC_,BERLINGO B9,C8 EA_, EB_,SAXO S0, S1,C3 II,JUMPY,BERLINGO Kasten B9,JUMPY Kasten,XANTIA Break X2,BERLINGO Pritsche\/Fahrgestell B9; NISSAN: ALMERA II Hatchback N16,TIIDA Schr\u00e4gheck; DACIA: DUSTER,LOGAN MCV KS_,DUSTER Kasten; ALFA ROMEO: GIULIETTA 940; LANCIA: PHEDRA 179; VAUXHALL: ZAFIRA Mk II B M75; Tuulilasinpyyhkimet,Pyyhkij\u00e4t,Pyyhkij\u00e4nsulka<\/p>\n","protected":false},"excerpt":{"rendered":"<p>MAXGEAR Pyyhkij\u00e4nsulat 39-0325 Tuulilasinpyyhkimet,Pyyhkij\u00e4t OPEL,RENAULT,FIAT,ZAFIRA B A05,CLIO III BR0\/1, CR0\/1,MEGANE III Grandtour KZ0\/1<\/p>\n","protected":false},"featured_media":0,"template":"","meta":{"site-sidebar-layout":"default","site-content-layout":"default","ast-global-header-display":"","ast-main-header-display":"","ast-hfb-above-header-display":"","ast-hfb-below-header-display":"","ast-hfb-mobile-header-display":"","site-post-title":"","ast-breadcrumbs-content":"","ast-featured-img":"","footer-sml-layout":"","theme-transparent-header-meta":"","adv-header-id-meta":"","stick-header-meta":"","header-above-stick-meta":"","header-main-stick-meta":"","header-below-stick-meta":""},"pwb-brand":[48],"product_cat":[33],"product_tag":[],"class_list":{"0":"post-11025","1":"product","2":"type-product","3":"status-publish","5":"pwb-brand-maxgear","6":"product_cat-pyyhkijansulat","7":"desktop-align-left","8":"tablet-align-left","9":"mobile-align-left","11":"first","12":"instock","13":"product-type-external"},"brands":[{"id":48,"name":"MAXGEAR","slug":"maxgear"}],"_links":{"self":[{"href":"https:\/\/www.autonvaraosahaku.fi\/index.php?rest_route=\/wp\/v2\/product\/11025","targetHints":{"allow":["GET"]}}],"collection":[{"href":"https:\/\/www.autonvaraosahaku.fi\/index.php?rest_route=\/wp\/v2\/product"}],"about":[{"href":"https:\/\/www.autonvaraosahaku.fi\/index.php?rest_route=\/wp\/v2\/types\/product"}],"wp:attachment":[{"href":"https:\/\/www.autonvaraosahaku.fi\/index.php?rest_route=%2Fwp%2Fv2%2Fmedia&parent=11025"}],"wp:term":[{"taxonomy":"pwb-brand","embeddable":true,"href":"https:\/\/www.autonvaraosahaku.fi\/index.php?rest_route=%2Fwp%2Fv2%2Fpwb-brand&post=11025"},{"taxonomy":"product_cat","embeddable":true,"href":"https:\/\/www.autonvaraosahaku.fi\/index.php?rest_route=%2Fwp%2Fv2%2Fproduct_cat&post=11025"},{"taxonomy":"product_tag","embeddable":true,"href":"https:\/\/www.autonvaraosahaku.fi\/index.php?rest_route=%2Fwp%2Fv2%2Fproduct_tag&post=11025"}],"curies":[{"name":"wp","href":"https:\/\/api.w.org\/{rel}","templated":true}]}}