{"id":11076,"date":"2021-02-21T14:10:39","date_gmt":"2021-02-21T14:10:39","guid":{"rendered":"https:\/\/www.autonvaraosahaku.fi\/?product=master-sport-313368-pcs-ms-iskunvaimennin"},"modified":"2021-02-21T14:10:41","modified_gmt":"2021-02-21T14:10:41","slug":"master-sport-313368-pcs-ms-iskunvaimennin","status":"publish","type":"product","link":"https:\/\/www.autonvaraosahaku.fi\/?product=master-sport-313368-pcs-ms-iskunvaimennin","title":{"rendered":"MASTER-SPORT 313368-PCS-MS Iskunvaimennin"},"content":{"rendered":"<p>Iskunvaimennin tyyppi: Kaasupaine; Iskunvaimennusj\u00e4rjestelm\u00e4: Kaksiputki; Iskunvaimennin asennustapa: Tappi ylh\u00e4\u00e4ll\u00e4, Silmukka alhaalla; Lukum\u00e4\u00e4r\u00e4 akselille: 2, 2; Nettopaino [kg]: 1,62; Bruttopaino [kg]: 1,74; Asennuspuoli: Hinterachse; AUDI: A4 Avant 8ED, B7,A4 Cabriolet 8H7, B6, 8HE, B7,A4 8EC, B7; SEAT: EXEO ST 3R5,EXEO 3R2; 8E0513033T, 8E0513035AC, 8E0513035F, 8E0513035Q, 8E0513035T, 8E0513036AB, 8E0513036C, 8E0513036G, 8E0513036T, 3R0513036A, 8E0513035F, 8E0513035F, 8E0513035F; Iskarit,Iskunvaimennin<\/p>\n","protected":false},"excerpt":{"rendered":"<p>MASTER-SPORT Iskunvaimentimet 313368-PCS-MS Iskarit,Iskunvaimennin AUDI,SEAT,A4 Avant 8ED, B7,A4 Cabriolet 8H7, B6, 8HE, B7,A4 8EC, B7,EXEO ST 3R5<\/p>\n","protected":false},"featured_media":0,"template":"","meta":{"site-sidebar-layout":"default","site-content-layout":"default","ast-global-header-display":"","ast-main-header-display":"","ast-hfb-above-header-display":"","ast-hfb-below-header-display":"","ast-hfb-mobile-header-display":"","site-post-title":"","ast-breadcrumbs-content":"","ast-featured-img":"","footer-sml-layout":"","theme-transparent-header-meta":"","adv-header-id-meta":"","stick-header-meta":"","header-above-stick-meta":"","header-main-stick-meta":"","header-below-stick-meta":""},"pwb-brand":[61],"product_cat":[80],"product_tag":[],"class_list":{"0":"post-11076","1":"product","2":"type-product","3":"status-publish","5":"pwb-brand-master-sport","6":"product_cat-iskunvaimennin","7":"desktop-align-left","8":"tablet-align-left","9":"mobile-align-left","11":"first","12":"instock","13":"product-type-external"},"brands":[{"id":61,"name":"MASTER-SPORT","slug":"master-sport"}],"_links":{"self":[{"href":"https:\/\/www.autonvaraosahaku.fi\/index.php?rest_route=\/wp\/v2\/product\/11076","targetHints":{"allow":["GET"]}}],"collection":[{"href":"https:\/\/www.autonvaraosahaku.fi\/index.php?rest_route=\/wp\/v2\/product"}],"about":[{"href":"https:\/\/www.autonvaraosahaku.fi\/index.php?rest_route=\/wp\/v2\/types\/product"}],"wp:attachment":[{"href":"https:\/\/www.autonvaraosahaku.fi\/index.php?rest_route=%2Fwp%2Fv2%2Fmedia&parent=11076"}],"wp:term":[{"taxonomy":"pwb-brand","embeddable":true,"href":"https:\/\/www.autonvaraosahaku.fi\/index.php?rest_route=%2Fwp%2Fv2%2Fpwb-brand&post=11076"},{"taxonomy":"product_cat","embeddable":true,"href":"https:\/\/www.autonvaraosahaku.fi\/index.php?rest_route=%2Fwp%2Fv2%2Fproduct_cat&post=11076"},{"taxonomy":"product_tag","embeddable":true,"href":"https:\/\/www.autonvaraosahaku.fi\/index.php?rest_route=%2Fwp%2Fv2%2Fproduct_tag&post=11076"}],"curies":[{"name":"wp","href":"https:\/\/api.w.org\/{rel}","templated":true}]}}