{"id":11087,"date":"2021-02-21T14:10:42","date_gmt":"2021-02-21T14:10:42","guid":{"rendered":"https:\/\/www.autonvaraosahaku.fi\/?product=original-imperium-31021-tukivarren-hela"},"modified":"2021-02-21T14:10:43","modified_gmt":"2021-02-21T14:10:43","slug":"original-imperium-31021-tukivarren-hela","status":"publish","type":"product","link":"https:\/\/www.autonvaraosahaku.fi\/?product=original-imperium-31021-tukivarren-hela","title":{"rendered":"ORIGINAL IMPERIUM 31021 Tukivarren hela"},"content":{"rendered":"<p>Asennuspuoli: Etuakseli, Takana, Alla; Paino [g]: 327; Materiaali: Kumi-metalli; Sis\u00e4l\u00e4pimitta [mm]: 17; Akseli: verst\u00e4rkte Radaufh\u00e4ngung; PEUGEOT: 106 II 1,106 I 1A, 1C; CITRO\u00cbN: SAXO S0, S1,AX ZA-_; 352351, 352365, 96106474, 352351, 352365, 96106474, 352351, 352365, 96106474<\/p>\n","protected":false},"excerpt":{"rendered":"<p>ORIGINAL IMPERIUM Tukivarren Hela 31021  PEUGEOT,CITRO\u00cbN,106 II 1,106 I 1A, 1C,SAXO S0, S1,AX ZA-_<\/p>\n","protected":false},"featured_media":0,"template":"","meta":{"site-sidebar-layout":"default","site-content-layout":"default","ast-global-header-display":"","ast-main-header-display":"","ast-hfb-above-header-display":"","ast-hfb-below-header-display":"","ast-hfb-mobile-header-display":"","site-post-title":"","ast-breadcrumbs-content":"","ast-featured-img":"","footer-sml-layout":"","theme-transparent-header-meta":"","adv-header-id-meta":"","stick-header-meta":"","header-above-stick-meta":"","header-main-stick-meta":"","header-below-stick-meta":""},"pwb-brand":[72],"product_cat":[115],"product_tag":[],"class_list":{"0":"post-11087","1":"product","2":"type-product","3":"status-publish","5":"pwb-brand-original-imperium","6":"product_cat-tukivarren-hela","7":"desktop-align-left","8":"tablet-align-left","9":"mobile-align-left","11":"first","12":"instock","13":"product-type-external"},"brands":[{"id":72,"name":"ORIGINAL IMPERIUM","slug":"original-imperium"}],"_links":{"self":[{"href":"https:\/\/www.autonvaraosahaku.fi\/index.php?rest_route=\/wp\/v2\/product\/11087","targetHints":{"allow":["GET"]}}],"collection":[{"href":"https:\/\/www.autonvaraosahaku.fi\/index.php?rest_route=\/wp\/v2\/product"}],"about":[{"href":"https:\/\/www.autonvaraosahaku.fi\/index.php?rest_route=\/wp\/v2\/types\/product"}],"wp:attachment":[{"href":"https:\/\/www.autonvaraosahaku.fi\/index.php?rest_route=%2Fwp%2Fv2%2Fmedia&parent=11087"}],"wp:term":[{"taxonomy":"pwb-brand","embeddable":true,"href":"https:\/\/www.autonvaraosahaku.fi\/index.php?rest_route=%2Fwp%2Fv2%2Fpwb-brand&post=11087"},{"taxonomy":"product_cat","embeddable":true,"href":"https:\/\/www.autonvaraosahaku.fi\/index.php?rest_route=%2Fwp%2Fv2%2Fproduct_cat&post=11087"},{"taxonomy":"product_tag","embeddable":true,"href":"https:\/\/www.autonvaraosahaku.fi\/index.php?rest_route=%2Fwp%2Fv2%2Fproduct_tag&post=11087"}],"curies":[{"name":"wp","href":"https:\/\/api.w.org\/{rel}","templated":true}]}}