{"id":11113,"date":"2021-02-21T14:10:45","date_gmt":"2021-02-21T14:10:45","guid":{"rendered":"https:\/\/www.autonvaraosahaku.fi\/?product=original-imperium-221063-jaahdyttimen-letku"},"modified":"2021-02-21T14:10:47","modified_gmt":"2021-02-21T14:10:47","slug":"original-imperium-221063-jaahdyttimen-letku","status":"publish","type":"product","link":"https:\/\/www.autonvaraosahaku.fi\/?product=original-imperium-221063-jaahdyttimen-letku","title":{"rendered":"ORIGINAL IMPERIUM 221063 J\u00e4\u00e4hdyttimen letku"},"content":{"rendered":"<p>Erittely: Part 2; J\u00e4\u00e4hdytysjohto: termostaatista vesipumppuun, von K\u00fchlwasserreglergeh\u00e4use nach Zusatzwasserpumpe; Paino [g]: 254; VW: PASSAT Variant 3B5,PASSAT 3B2; AUDI: A3 8L1,A4 8D2, B5,A6 Avant 4B5, C5,A4 Avant 8D5, B5,80 8C, B4,A6 4B2, C5,80 Avant 8C, B4; 028121053K, 028121053K, 028121053K, 028121053K<\/p>\n","protected":false},"excerpt":{"rendered":"<p>ORIGINAL IMPERIUM J\u00e4\u00e4hdyttimen Letku 221063  VW,AUDI,PASSAT Variant 3B5,PASSAT 3B2,A3 8L1,A4 8D2, B5,A6 Avant 4B5, C5,A4 Avant 8D5, B5,80 8C, B4<\/p>\n","protected":false},"featured_media":0,"template":"","meta":{"site-sidebar-layout":"default","site-content-layout":"default","ast-global-header-display":"","ast-main-header-display":"","ast-hfb-above-header-display":"","ast-hfb-below-header-display":"","ast-hfb-mobile-header-display":"","site-post-title":"","ast-breadcrumbs-content":"","ast-featured-img":"","footer-sml-layout":"","theme-transparent-header-meta":"","adv-header-id-meta":"","stick-header-meta":"","header-above-stick-meta":"","header-main-stick-meta":"","header-below-stick-meta":""},"pwb-brand":[72],"product_cat":[206],"product_tag":[],"class_list":{"0":"post-11113","1":"product","2":"type-product","3":"status-publish","5":"pwb-brand-original-imperium","6":"product_cat-jaahdyttimen-letku","7":"desktop-align-left","8":"tablet-align-left","9":"mobile-align-left","11":"first","12":"instock","13":"product-type-external"},"brands":[{"id":72,"name":"ORIGINAL IMPERIUM","slug":"original-imperium"}],"_links":{"self":[{"href":"https:\/\/www.autonvaraosahaku.fi\/index.php?rest_route=\/wp\/v2\/product\/11113","targetHints":{"allow":["GET"]}}],"collection":[{"href":"https:\/\/www.autonvaraosahaku.fi\/index.php?rest_route=\/wp\/v2\/product"}],"about":[{"href":"https:\/\/www.autonvaraosahaku.fi\/index.php?rest_route=\/wp\/v2\/types\/product"}],"wp:attachment":[{"href":"https:\/\/www.autonvaraosahaku.fi\/index.php?rest_route=%2Fwp%2Fv2%2Fmedia&parent=11113"}],"wp:term":[{"taxonomy":"pwb-brand","embeddable":true,"href":"https:\/\/www.autonvaraosahaku.fi\/index.php?rest_route=%2Fwp%2Fv2%2Fpwb-brand&post=11113"},{"taxonomy":"product_cat","embeddable":true,"href":"https:\/\/www.autonvaraosahaku.fi\/index.php?rest_route=%2Fwp%2Fv2%2Fproduct_cat&post=11113"},{"taxonomy":"product_tag","embeddable":true,"href":"https:\/\/www.autonvaraosahaku.fi\/index.php?rest_route=%2Fwp%2Fv2%2Fproduct_tag&post=11113"}],"curies":[{"name":"wp","href":"https:\/\/api.w.org\/{rel}","templated":true}]}}