{"id":11114,"date":"2021-02-21T14:10:45","date_gmt":"2021-02-21T14:10:45","guid":{"rendered":"https:\/\/www.autonvaraosahaku.fi\/?product=meyle-30-28-228-0001-termostaatti"},"modified":"2021-02-21T14:10:47","modified_gmt":"2021-02-21T14:10:47","slug":"meyle-30-28-228-0001-termostaatti","status":"publish","type":"product","link":"https:\/\/www.autonvaraosahaku.fi\/?product=meyle-30-28-228-0001-termostaatti","title":{"rendered":"MEYLE 30-28 228 0001 Termostaatti"},"content":{"rendered":"<p>Avausl\u00e4mp\u00f6tila [\u00b0C]: 85; Lis\u00e4tarvike\/lis\u00e4tieto: Tiivisteill\u00e4; lis\u00e4tieto: ORIGINAL Quality; TOYOTA: STARLET EP91,AVENSIS _T22_,COROLLA Liftback _E11_,COROLLA Compact _E11_,AVENSIS Station Wagon _T22_,RAV 4 I SXA1_,AVENSIS Liftback _T22_,PICNIC _XM10,MR 2 II SW2_,STARLET _P8_,PASEO Coupe EL54,COROLLA Compact _E10_,CARINA E _T19_,CELICA ST20_, AT20_,COROLLA _E11_,CARINA E Stufenheck _T19_,CELICA Coupe AT18_, ST18_,COROLLA Wagon __E11_,CARINA E Sportswagon _T19_,RAV 4 \u00a0 SXA1_,CAMRY _CV2_, _XV2_,STARLET _P7_,HILUX V Pick-up LN_, KZN1_, VZN1_,COROLLA Liftback _E10_,COROLLA Liftback _E9_,MR 2 I AW1_,PASEO Cabriolet EL54,COROLLA _E10_,CARINA II _T17_,CAMRY _CV1_, _XV1_, _V1_,CARINA II Stufenheck _T17_,COROLLA Compact _E9_,COROLLA Coupe AE86,CELICA Liftback ST16_, AT16_,CAMRY Station Wagon _XV1_, _CV1_, _V10,COROLLA Wagon _E10_,CAMRY _V2_,COROLLA Station Wagon _E9_,COROLLA _E9_,CELICA Coupe _A6_,CELICA Coupe ST16_, AT16_,COROLLA Liftback _E8_,CARINA II Station Wagon _T17_,COROLLA FX Compact E8B,CELICA Cabriolet ST16_, AT16_,HIACE II Wagon LH7_, LH5_, LH6_, YH7_, YH6_, Y; NISSAN: ALMERA TINO V10,ALMERA II Hatchback N16,PRIMERA P11,PRIMERA Kombi WP12,PRIMERA P12,PRIMERA Traveller WP11,PRIMERA Hatchback P11,PRIMERA Hatchback P12,ALMERA I Hatchback N15,ALMERA Mk II N16,ALMERA I N15,100 NX B13,SERENA C23M,PRIMERA P10,SUNNY III N14,PULSAR V Schr\u00e4gheck N14,SUNNY III Liftback N14,PRIMERA Hatchback P10,PRIMERA Traveller W10,SUNNY II Hatchback N13,SUNNY III Traveller Y10,VANETTE CARGO Kasten HC 23,VANETTE CARGO Bus HC 23,SUNNY II N13,SUNNY Kasten Y10,SUNNY II Traveller B12; 212004M500, 2120077A65, 2120093J10, 212009F600, 2120896002, 2550002500, 9008023003, 9091603046, 9091603057, 9091603060, 9091603069, 9091603082, 9091603090, 9091603100, 9091603115; Termostaatti, J\u00e4\u00e4hdytysneste<\/p>\n","protected":false},"excerpt":{"rendered":"<p>MEYLE Termostaatti 30-28 228 0001 Termostaatti, J\u00e4\u00e4hdytysneste TOYOTA,NISSAN,STARLET EP91,AVENSIS _T22_,COROLLA Liftback _E11_,COROLLA Compact _E11_<\/p>\n","protected":false},"featured_media":0,"template":"","meta":{"site-sidebar-layout":"default","site-content-layout":"default","ast-global-header-display":"","ast-main-header-display":"","ast-hfb-above-header-display":"","ast-hfb-below-header-display":"","ast-hfb-mobile-header-display":"","site-post-title":"","ast-breadcrumbs-content":"","ast-featured-img":"","footer-sml-layout":"","theme-transparent-header-meta":"","adv-header-id-meta":"","stick-header-meta":"","header-above-stick-meta":"","header-main-stick-meta":"","header-below-stick-meta":""},"pwb-brand":[84],"product_cat":[174],"product_tag":[],"class_list":{"0":"post-11114","1":"product","2":"type-product","3":"status-publish","5":"pwb-brand-meyle","6":"product_cat-termostaatti","7":"desktop-align-left","8":"tablet-align-left","9":"mobile-align-left","11":"first","12":"instock","13":"product-type-external"},"brands":[{"id":84,"name":"MEYLE","slug":"meyle"}],"_links":{"self":[{"href":"https:\/\/www.autonvaraosahaku.fi\/index.php?rest_route=\/wp\/v2\/product\/11114","targetHints":{"allow":["GET"]}}],"collection":[{"href":"https:\/\/www.autonvaraosahaku.fi\/index.php?rest_route=\/wp\/v2\/product"}],"about":[{"href":"https:\/\/www.autonvaraosahaku.fi\/index.php?rest_route=\/wp\/v2\/types\/product"}],"wp:attachment":[{"href":"https:\/\/www.autonvaraosahaku.fi\/index.php?rest_route=%2Fwp%2Fv2%2Fmedia&parent=11114"}],"wp:term":[{"taxonomy":"pwb-brand","embeddable":true,"href":"https:\/\/www.autonvaraosahaku.fi\/index.php?rest_route=%2Fwp%2Fv2%2Fpwb-brand&post=11114"},{"taxonomy":"product_cat","embeddable":true,"href":"https:\/\/www.autonvaraosahaku.fi\/index.php?rest_route=%2Fwp%2Fv2%2Fproduct_cat&post=11114"},{"taxonomy":"product_tag","embeddable":true,"href":"https:\/\/www.autonvaraosahaku.fi\/index.php?rest_route=%2Fwp%2Fv2%2Fproduct_tag&post=11114"}],"curies":[{"name":"wp","href":"https:\/\/api.w.org\/{rel}","templated":true}]}}