{"id":11149,"date":"2021-02-21T14:10:52","date_gmt":"2021-02-21T14:10:52","guid":{"rendered":"https:\/\/www.autonvaraosahaku.fi\/?product=master-sport-17619-set-ms-alapallonivel"},"modified":"2021-02-21T14:10:54","modified_gmt":"2021-02-21T14:10:54","slug":"master-sport-17619-set-ms-alapallonivel","status":"publish","type":"product","link":"https:\/\/www.autonvaraosahaku.fi\/?product=master-sport-17619-set-ms-alapallonivel","title":{"rendered":"MASTER-SPORT 17619-SET-MS Alapallonivel"},"content":{"rendered":"<p>Asennuspuoli: Etuakseli, Alla, Vasen; Paksuus [mm]: 18; Laipan sis\u00e4l\u00e4pimitta [mm]: 8,55; Lukum\u00e4\u00e4r\u00e4 akselille: 1; parilliset tuotenumerot: 17620-SET-MS; Nettopaino [kg]: 0,54; Bruttopaino [kg]: 0,55; Valmistusvuosi alkaen: 01\/1999; VW: GOLF IV 1J1,GOLF IV Variant 1J5,BORA 1J2,NEW BEETLE 9C1, 1C1,GOLF Mk III Cabriolet 1E7,BORA Kombi 1J6,NEW BEETLE Cabriolet 1Y7; AUDI: A3 8L1; SKODA: OCTAVIA Combi 1U5,OCTAVIA 1U2; SEAT: LEON 1M1,TOLEDO II 1M2; 1J0407365A, 1J0407365B, 1J0407365C, 1J0407365D, 1J0407365H, 1J0407365J, 1J0407365A, 1J0407365B, 1J0407365C, 1J0407365D, 1J0407365H, 1J0407365J, 1J0407365A, 1J0407365B, 1J0407365C, 1J0407365D, 1J0407365H, 1J0407365J, 1J0407365A, 1J0407365B, 1J0407365C, 1J0407365D, 1J0407365H, 1J0407365J; Pallonivel<\/p>\n","protected":false},"excerpt":{"rendered":"<p>MASTER-SPORT Alapallonivel 17619-SET-MS Pallonivel VW,AUDI,SKODA,GOLF IV 1J1,GOLF IV Variant 1J5,BORA 1J2,NEW BEETLE 9C1, 1C1<\/p>\n","protected":false},"featured_media":0,"template":"","meta":{"site-sidebar-layout":"default","site-content-layout":"default","ast-global-header-display":"","ast-main-header-display":"","ast-hfb-above-header-display":"","ast-hfb-below-header-display":"","ast-hfb-mobile-header-display":"","site-post-title":"","ast-breadcrumbs-content":"","ast-featured-img":"","footer-sml-layout":"","theme-transparent-header-meta":"","adv-header-id-meta":"","stick-header-meta":"","header-above-stick-meta":"","header-main-stick-meta":"","header-below-stick-meta":""},"pwb-brand":[61],"product_cat":[93],"product_tag":[],"class_list":{"0":"post-11149","1":"product","2":"type-product","3":"status-publish","5":"pwb-brand-master-sport","6":"product_cat-alapallonivel","7":"desktop-align-left","8":"tablet-align-left","9":"mobile-align-left","11":"first","12":"instock","13":"product-type-external"},"brands":[{"id":61,"name":"MASTER-SPORT","slug":"master-sport"}],"_links":{"self":[{"href":"https:\/\/www.autonvaraosahaku.fi\/index.php?rest_route=\/wp\/v2\/product\/11149","targetHints":{"allow":["GET"]}}],"collection":[{"href":"https:\/\/www.autonvaraosahaku.fi\/index.php?rest_route=\/wp\/v2\/product"}],"about":[{"href":"https:\/\/www.autonvaraosahaku.fi\/index.php?rest_route=\/wp\/v2\/types\/product"}],"wp:attachment":[{"href":"https:\/\/www.autonvaraosahaku.fi\/index.php?rest_route=%2Fwp%2Fv2%2Fmedia&parent=11149"}],"wp:term":[{"taxonomy":"pwb-brand","embeddable":true,"href":"https:\/\/www.autonvaraosahaku.fi\/index.php?rest_route=%2Fwp%2Fv2%2Fpwb-brand&post=11149"},{"taxonomy":"product_cat","embeddable":true,"href":"https:\/\/www.autonvaraosahaku.fi\/index.php?rest_route=%2Fwp%2Fv2%2Fproduct_cat&post=11149"},{"taxonomy":"product_tag","embeddable":true,"href":"https:\/\/www.autonvaraosahaku.fi\/index.php?rest_route=%2Fwp%2Fv2%2Fproduct_tag&post=11149"}],"curies":[{"name":"wp","href":"https:\/\/api.w.org\/{rel}","templated":true}]}}