{"id":11153,"date":"2021-02-21T14:10:52","date_gmt":"2021-02-21T14:10:52","guid":{"rendered":"https:\/\/www.autonvaraosahaku.fi\/?product=seim-102450-pissapojan-pumppu"},"modified":"2021-02-21T14:10:54","modified_gmt":"2021-02-21T14:10:54","slug":"seim-102450-pissapojan-pumppu","status":"publish","type":"product","link":"https:\/\/www.autonvaraosahaku.fi\/?product=seim-102450-pissapojan-pumppu","title":{"rendered":"SEIM 102450 Pissapojan pumppu"},"content":{"rendered":"<p>J\u00e4nnite (V): 12; Asennuspuoli: Edess\u00e4; K\u00e4ytt\u00f6: S\u00e4hk\u00f6inen; Varusteet: Autoihin, joissa takalasin pyyhkij\u00e4; Pumpputyyppi: Kaksoispumppu; Alustanumeroon: G-383356; VW: GOLF II 19E, 1G1; SKODA: FELICIA I 6U1,FELICIA I Kombi 6U5; LANCIA: YPSILON 843,Y 840A,MUSA 350,LYBRA SW 839BX,LYBRA 839AX,DELTA II 836,DEDRA 835,DEDRA SW 835; FIAT: PUNTO 188,PANDA 169,STILO 192,DOBLO Cargo 223,PUNTO 176,STILO Multi Wagon 192,DOBLO 119,PANDA Van 169,PANDA 141A_,IDEA,PANDA 312,COUPE FA\/175,MULTIPLA 186,BRAVO I 182,BRAVA 182,PUNTO Cabriolet 176C,MAREA Weekend 185,UNO 146A\/E,PALIO Weekend 178DX,TIPO 160,PANDA Van 141_,MAREA 185,TEMPRA 159,PUNTO Van 176L,TEMPRA S.W. 159,PALIO 178BX,UNO Kasten 146; ALFA ROMEO: 147 937,156 932,146 930; 71719636, 71719636, 46797755, 71719636, 6U0955681A, 191955651; Pesurin Pumppu,Lasinpesurin Pumppu,Pesunestepumppu, Lasinpesu<\/p>\n","protected":false},"excerpt":{"rendered":"<p>SEIM Pissapojan Pumppu 102450 Pesurin Pumppu,Lasinpesurin Pumppu VW,SKODA,LANCIA,GOLF II 19E, 1G1,FELICIA I 6U1,FELICIA I Kombi 6U5,YPSILON 843,Y 840A<\/p>\n","protected":false},"featured_media":0,"template":"","meta":{"site-sidebar-layout":"default","site-content-layout":"default","ast-global-header-display":"","ast-main-header-display":"","ast-hfb-above-header-display":"","ast-hfb-below-header-display":"","ast-hfb-mobile-header-display":"","site-post-title":"","ast-breadcrumbs-content":"","ast-featured-img":"","footer-sml-layout":"","theme-transparent-header-meta":"","adv-header-id-meta":"","stick-header-meta":"","header-above-stick-meta":"","header-main-stick-meta":"","header-below-stick-meta":""},"pwb-brand":[191],"product_cat":[182],"product_tag":[],"class_list":{"0":"post-11153","1":"product","2":"type-product","3":"status-publish","5":"pwb-brand-seim","6":"product_cat-pissapojan-pumppu","7":"desktop-align-left","8":"tablet-align-left","9":"mobile-align-left","11":"first","12":"instock","13":"product-type-external"},"brands":[{"id":191,"name":"SEIM","slug":"seim"}],"_links":{"self":[{"href":"https:\/\/www.autonvaraosahaku.fi\/index.php?rest_route=\/wp\/v2\/product\/11153","targetHints":{"allow":["GET"]}}],"collection":[{"href":"https:\/\/www.autonvaraosahaku.fi\/index.php?rest_route=\/wp\/v2\/product"}],"about":[{"href":"https:\/\/www.autonvaraosahaku.fi\/index.php?rest_route=\/wp\/v2\/types\/product"}],"wp:attachment":[{"href":"https:\/\/www.autonvaraosahaku.fi\/index.php?rest_route=%2Fwp%2Fv2%2Fmedia&parent=11153"}],"wp:term":[{"taxonomy":"pwb-brand","embeddable":true,"href":"https:\/\/www.autonvaraosahaku.fi\/index.php?rest_route=%2Fwp%2Fv2%2Fpwb-brand&post=11153"},{"taxonomy":"product_cat","embeddable":true,"href":"https:\/\/www.autonvaraosahaku.fi\/index.php?rest_route=%2Fwp%2Fv2%2Fproduct_cat&post=11153"},{"taxonomy":"product_tag","embeddable":true,"href":"https:\/\/www.autonvaraosahaku.fi\/index.php?rest_route=%2Fwp%2Fv2%2Fproduct_tag&post=11153"}],"curies":[{"name":"wp","href":"https:\/\/api.w.org\/{rel}","templated":true}]}}