{"id":11158,"date":"2021-02-21T14:10:52","date_gmt":"2021-02-21T14:10:52","guid":{"rendered":"https:\/\/www.autonvaraosahaku.fi\/?product=meyle-126-625-0002-iskunvaimennin"},"modified":"2021-02-21T14:10:55","modified_gmt":"2021-02-21T14:10:55","slug":"meyle-126-625-0002-iskunvaimennin","status":"publish","type":"product","link":"https:\/\/www.autonvaraosahaku.fi\/?product=meyle-126-625-0002-iskunvaimennin","title":{"rendered":"MEYLE 126 625 0002 Iskunvaimennin"},"content":{"rendered":"<p>Asennuspuoli: Etuakseli; Iskunvaimennin tyyppi: Kaasupaine; Iskunvaimennusj\u00e4rjestelm\u00e4: Kaksiputki; Iskunvaimennin malli: Vaimennin, jousituella; Iskunvaimennin asennustapa: Haarukka alhaalla, Tappi ylh\u00e4\u00e4ll\u00e4; lis\u00e4tieto: ORIGINAL Quality; Alustanumeroon: 8D-1-030 000; VW: PASSAT Variant 3B5,PASSAT 3B2; AUDI: A4 8D2, B5,A6 Avant 4B5, C5,A4 Avant 8D5, B5,A6 4B2, C5,TT Roadster 8N9; 3B0413031, 3B0413031A, 4B0412031F, 4B0412031G, 4B0412031M, 8D0413031AC, 8D0413031AF, 8D0413031AT, 8D0413031BD, 8D0413031BF, 8D0413031BJ, 8D0413031D, 8D0413031F, 8D0413031G, 8D0413031J, 8D0413031L, 8D0413031M, 3B0413031, 3B0413031A, 4B0412031F, 4B0412031G, 4B0412031M, 8D0413031AC, 8D0413031AF, 8D0413031AT, 8D0413031BD, 8D0413031BF, 8D0413031BJ, 8D0413031D, 8D0413031F, 8D0413031G, 8D0413031J, 8D0413031L, 8D0413031M; Iskarit,Iskunvaimennin<\/p>\n","protected":false},"excerpt":{"rendered":"<p>MEYLE Iskunvaimentimet 126 625 0002 Iskarit,Iskunvaimennin VW,AUDI,PASSAT Variant 3B5,PASSAT 3B2,A4 8D2, B5,A6 Avant 4B5, C5,A4 Avant 8D5, B5<\/p>\n","protected":false},"featured_media":0,"template":"","meta":{"site-sidebar-layout":"default","site-content-layout":"default","ast-global-header-display":"","ast-main-header-display":"","ast-hfb-above-header-display":"","ast-hfb-below-header-display":"","ast-hfb-mobile-header-display":"","site-post-title":"","ast-breadcrumbs-content":"","ast-featured-img":"","footer-sml-layout":"","theme-transparent-header-meta":"","adv-header-id-meta":"","stick-header-meta":"","header-above-stick-meta":"","header-main-stick-meta":"","header-below-stick-meta":""},"pwb-brand":[84],"product_cat":[80],"product_tag":[],"class_list":{"0":"post-11158","1":"product","2":"type-product","3":"status-publish","5":"pwb-brand-meyle","6":"product_cat-iskunvaimennin","7":"desktop-align-left","8":"tablet-align-left","9":"mobile-align-left","11":"first","12":"instock","13":"product-type-external"},"brands":[{"id":84,"name":"MEYLE","slug":"meyle"}],"_links":{"self":[{"href":"https:\/\/www.autonvaraosahaku.fi\/index.php?rest_route=\/wp\/v2\/product\/11158","targetHints":{"allow":["GET"]}}],"collection":[{"href":"https:\/\/www.autonvaraosahaku.fi\/index.php?rest_route=\/wp\/v2\/product"}],"about":[{"href":"https:\/\/www.autonvaraosahaku.fi\/index.php?rest_route=\/wp\/v2\/types\/product"}],"wp:attachment":[{"href":"https:\/\/www.autonvaraosahaku.fi\/index.php?rest_route=%2Fwp%2Fv2%2Fmedia&parent=11158"}],"wp:term":[{"taxonomy":"pwb-brand","embeddable":true,"href":"https:\/\/www.autonvaraosahaku.fi\/index.php?rest_route=%2Fwp%2Fv2%2Fpwb-brand&post=11158"},{"taxonomy":"product_cat","embeddable":true,"href":"https:\/\/www.autonvaraosahaku.fi\/index.php?rest_route=%2Fwp%2Fv2%2Fproduct_cat&post=11158"},{"taxonomy":"product_tag","embeddable":true,"href":"https:\/\/www.autonvaraosahaku.fi\/index.php?rest_route=%2Fwp%2Fv2%2Fproduct_tag&post=11158"}],"curies":[{"name":"wp","href":"https:\/\/api.w.org\/{rel}","templated":true}]}}