{"id":11190,"date":"2021-02-21T14:10:59","date_gmt":"2021-02-21T14:10:59","guid":{"rendered":"https:\/\/www.autonvaraosahaku.fi\/?product=abakus-551-1186r-ldem2-ajovaloumpio"},"modified":"2021-02-21T14:11:01","modified_gmt":"2021-02-21T14:11:01","slug":"abakus-551-1186r-ldem2-ajovaloumpio","status":"publish","type":"product","link":"https:\/\/www.autonvaraosahaku.fi\/?product=abakus-551-1186r-ldem2-ajovaloumpio","title":{"rendered":"ABAKUS 551-1186R-LDEM2 Ajovaloumpio"},"content":{"rendered":"<p>Asennuspuoli: Oikea; V\u00e4ri: Musta; Lamppumalli: H1, H7, W5W, PY21W; Lyhdyn muoto: Halogeeni; K\u00e4ytt\u00f6: S\u00e4hk\u00f6inen, K\u00e4sik\u00e4ytt\u00f6inen; Valotoiminto: vilkkuvalolla, kaukovalolla, sumuvalolla; Varusteet: Valonsuuntaimella varustetuile (s\u00e4hk\u00f6); Vasen \/ oikea liikenne: Oikeanpuoleiselle liikenteelle; Korvaava tuote\/korvaava tiedote 2: polttimoilla, ilman valokorkeuss\u00e4\u00e4timen moottoria, Kotelo mustalla sis\u00e4osalla; Rungon v\u00e4ri: Musta; Rekister\u00f6ity tyyppi: E-hyv\u00e4ksytty, E-hyv\u00e4ksytty; DACIA: DUSTER; 260103738R, 260609878R; Ajovalot,Etuvalot,Ajovalo<\/p>\n","protected":false},"excerpt":{"rendered":"<p>ABAKUS Ajovaloumpio 551-1186R-LDEM2 Ajovalot,Etuvalot DACIA,DUSTER<\/p>\n","protected":false},"featured_media":0,"template":"","meta":{"site-sidebar-layout":"default","site-content-layout":"default","ast-global-header-display":"","ast-main-header-display":"","ast-hfb-above-header-display":"","ast-hfb-below-header-display":"","ast-hfb-mobile-header-display":"","site-post-title":"","ast-breadcrumbs-content":"","ast-featured-img":"","footer-sml-layout":"","theme-transparent-header-meta":"","adv-header-id-meta":"","stick-header-meta":"","header-above-stick-meta":"","header-main-stick-meta":"","header-below-stick-meta":""},"pwb-brand":[148],"product_cat":[185],"product_tag":[],"class_list":{"0":"post-11190","1":"product","2":"type-product","3":"status-publish","5":"pwb-brand-abakus","6":"product_cat-ajovaloumpio","7":"desktop-align-left","8":"tablet-align-left","9":"mobile-align-left","11":"first","12":"instock","13":"product-type-external"},"brands":[{"id":148,"name":"ABAKUS","slug":"abakus"}],"_links":{"self":[{"href":"https:\/\/www.autonvaraosahaku.fi\/index.php?rest_route=\/wp\/v2\/product\/11190","targetHints":{"allow":["GET"]}}],"collection":[{"href":"https:\/\/www.autonvaraosahaku.fi\/index.php?rest_route=\/wp\/v2\/product"}],"about":[{"href":"https:\/\/www.autonvaraosahaku.fi\/index.php?rest_route=\/wp\/v2\/types\/product"}],"wp:attachment":[{"href":"https:\/\/www.autonvaraosahaku.fi\/index.php?rest_route=%2Fwp%2Fv2%2Fmedia&parent=11190"}],"wp:term":[{"taxonomy":"pwb-brand","embeddable":true,"href":"https:\/\/www.autonvaraosahaku.fi\/index.php?rest_route=%2Fwp%2Fv2%2Fpwb-brand&post=11190"},{"taxonomy":"product_cat","embeddable":true,"href":"https:\/\/www.autonvaraosahaku.fi\/index.php?rest_route=%2Fwp%2Fv2%2Fproduct_cat&post=11190"},{"taxonomy":"product_tag","embeddable":true,"href":"https:\/\/www.autonvaraosahaku.fi\/index.php?rest_route=%2Fwp%2Fv2%2Fproduct_tag&post=11190"}],"curies":[{"name":"wp","href":"https:\/\/api.w.org\/{rel}","templated":true}]}}