{"id":11205,"date":"2021-02-21T14:11:03","date_gmt":"2021-02-21T14:11:03","guid":{"rendered":"https:\/\/www.autonvaraosahaku.fi\/?product=maxgear-21-0330-oljynpaineanturi"},"modified":"2021-02-21T14:11:04","modified_gmt":"2021-02-21T14:11:04","slug":"maxgear-21-0330-oljynpaineanturi","status":"publish","type":"product","link":"https:\/\/www.autonvaraosahaku.fi\/?product=maxgear-21-0330-oljynpaineanturi","title":{"rendered":"MAXGEAR 21-0330 \u00d6ljynpaineanturi"},"content":{"rendered":"<p>Kytkent\u00e4paine (bar): 0,5; Kierremitta: M14x1,5; Yhdistelm\u00e4kytkintoiminto: Avaaja; Valmistusvuosi alkaen: 05\/1994; BMW: 3 E90; OPEL: CORSA C F08, F68,ZAFIRA A F75_,ASTRA G CC F48_, F08_,OMEGA A 16_, 17_, 19_,ASTRA G Caravan F35_,CORSA B 73_, 78_, 79_,VECTRA B 36_,ASTRA F CC 53_, 54_, 58_, 59_,OMEGA B Caravan 21_, 22_, 23_,OMEGA B 25_, 26_, 27_,VECTRA C GTS,VECTRA B Caravan 31_,ASTRA G Cabriolet F67,ASTRA F Caravan 51_, 52_,FRONTERA B 6B_,ASTRA G Coupe F07_,ASTRA G Stufenheck F69_,CALIBRA A 85_,VECTRA B CC 38_,VECTRA A 86_, 87_,ASTRA F Cabriolet 53_B,ASTRA F 56_, 57_,KADETT E CC 33_, 34_, 43_, 44_,SINTRA,TIGRA 95_,CORSA A CC 93_, 94_, 98_, 99_,VECTRA A CC 88_, 89_,COMBO 71_,SENATOR B 29_,OMEGA A Caravan 66_, 67_,ASTRA F CLASSIC CC,ASTRA F CLASSIC Stufenheck,ASTRA F CLASSIC Caravan,CORSA B Kasten 73_,ASTRA G Kasten F70,ASTRA F Van 55_; FIAT: PUNTO 188,STILO 192,SEICENTO 187,BARCHETTA 183,PUNTO 176,STILO Multi Wagon 192,DOBLO 119,CINQUECENTO 170,PANDA 141A_,IDEA,COUPE FA\/175,MULTIPLA 186,PUNTO Van 188AX,BRAVO I 182,BRAVA 182,PUNTO Cabriolet 176C,MAREA Weekend 185,UNO 146A\/E,PALIO Weekend 178DX,TIPO 160,CROMA 154,PANDA Van 141_,MAREA 185,TEMPRA 159,PUNTO Van 176L,TEMPRA S.W. 159,PALIO 178BX,SIENA 178_; CITRO\u00cbN: JUMPY U6U,JUMPY Kasten BS_, BT_, BY_, BZ_; VOLVO: 940 Kombi 945,940 944; ALFA ROMEO: 147 937,156 Sportwagon 932,156 932,SPIDER 916S_,166 936,75 162B,164 164,145 930,155 167,146 930,33 907A; LANCIA: DELTA II 836,DEDRA 835,DEDRA SW 835; DAEWOO: REZZO KLAU,LANOS KLAT,NUBIRA Wagon KLAJ,LANOS Stufenheck KLAT,LEGANZA KLAV,NUBIRA Stufenheck KLAJ; ROVER: 75 RJ,75 Tourer RJ; VAUXHALL: CORSA Mk I B; 55202374, 60593845, 60807244, 60808371, 60813321, 71749462, 55202374, 55202374, 95961350, 96281689, 96494264, 96647339, 55202374, 1535416, 9S519278AA, 55202374, 55202374, 1252557, 1252562, 1252570, 1252572, 1252578, 4708758, 4803551, 4817876, 4818219, 6240251, 6240415, 4504585, 55202374, 55354378, 5962816, 9544610, 1658285E00, 1658279J50, 1658279J50000, 1658285E00, 1658285E00000, 3782086J00, 3782086J00000, 37820N86J00, 37820N86J00000, 3782ON86J00, 25180905, 55202374, 55354378, 90335039, 90336039, 90507539, 90569684, 93177490, 93193582, 93318082, 95961350, 96494264, 96647339; \u00d6ljynpainekytkin<\/p>\n","protected":false},"excerpt":{"rendered":"<p>MAXGEAR \u00d6ljynpaineanturi 21-0330 \u00d6ljynpainekytkin BMW,OPEL,FIAT,3 E90,CORSA C F08, F68,ZAFIRA A F75_,ASTRA G CC F48_, F08_,OMEGA A 16_, 17_, 19_<\/p>\n","protected":false},"featured_media":0,"template":"","meta":{"site-sidebar-layout":"default","site-content-layout":"default","ast-global-header-display":"","ast-main-header-display":"","ast-hfb-above-header-display":"","ast-hfb-below-header-display":"","ast-hfb-mobile-header-display":"","site-post-title":"","ast-breadcrumbs-content":"","ast-featured-img":"","footer-sml-layout":"","theme-transparent-header-meta":"","adv-header-id-meta":"","stick-header-meta":"","header-above-stick-meta":"","header-main-stick-meta":"","header-below-stick-meta":""},"pwb-brand":[48],"product_cat":[235],"product_tag":[],"class_list":{"0":"post-11205","1":"product","2":"type-product","3":"status-publish","5":"pwb-brand-maxgear","6":"product_cat-oljynpaineanturi","7":"desktop-align-left","8":"tablet-align-left","9":"mobile-align-left","11":"first","12":"instock","13":"product-type-external"},"brands":[{"id":48,"name":"MAXGEAR","slug":"maxgear"}],"_links":{"self":[{"href":"https:\/\/www.autonvaraosahaku.fi\/index.php?rest_route=\/wp\/v2\/product\/11205","targetHints":{"allow":["GET"]}}],"collection":[{"href":"https:\/\/www.autonvaraosahaku.fi\/index.php?rest_route=\/wp\/v2\/product"}],"about":[{"href":"https:\/\/www.autonvaraosahaku.fi\/index.php?rest_route=\/wp\/v2\/types\/product"}],"wp:attachment":[{"href":"https:\/\/www.autonvaraosahaku.fi\/index.php?rest_route=%2Fwp%2Fv2%2Fmedia&parent=11205"}],"wp:term":[{"taxonomy":"pwb-brand","embeddable":true,"href":"https:\/\/www.autonvaraosahaku.fi\/index.php?rest_route=%2Fwp%2Fv2%2Fpwb-brand&post=11205"},{"taxonomy":"product_cat","embeddable":true,"href":"https:\/\/www.autonvaraosahaku.fi\/index.php?rest_route=%2Fwp%2Fv2%2Fproduct_cat&post=11205"},{"taxonomy":"product_tag","embeddable":true,"href":"https:\/\/www.autonvaraosahaku.fi\/index.php?rest_route=%2Fwp%2Fv2%2Fproduct_tag&post=11205"}],"curies":[{"name":"wp","href":"https:\/\/api.w.org\/{rel}","templated":true}]}}