{"id":11212,"date":"2021-02-21T14:11:03","date_gmt":"2021-02-21T14:11:03","guid":{"rendered":"https:\/\/www.autonvaraosahaku.fi\/?product=meyle-115-523-0015-jarrulevyt"},"modified":"2021-02-21T14:11:05","modified_gmt":"2021-02-21T14:11:05","slug":"meyle-115-523-0015-jarrulevyt","status":"publish","type":"product","link":"https:\/\/www.autonvaraosahaku.fi\/?product=meyle-115-523-0015-jarrulevyt","title":{"rendered":"MEYLE 115 523 0015 Jarrulevyt"},"content":{"rendered":"<p>Asennuspuoli: Taka-akseli; Ulkol\u00e4pimitta [mm]: 245; Korkeus (mm): 64,2; Jarrulevyn paksuus (mm): 10; V\u00e4himm\u00e4ispaksuus (mm): 8; keskitt\u00e4misl\u00e4pimitta [mm]: 68; Reik\u00e4ympyr\u00e4-\u00d8 [mm]: 112; Py\u00f6r\u00e4npulttireik\u00e4-\u00d8 [mm]: 15,4; Reikien m\u00e4\u00e4r\u00e4: 5; Jarrulevytyyppi: Vakiomalli; Tarvittava kappalem\u00e4\u00e4r\u00e4: 2; lis\u00e4tieto: ORIGINAL Quality; Valmistusvuosi alkaen: 06\/1997; VW: PASSAT Variant 3B6,PASSAT Variant 3B5,PASSAT 3B2,PASSAT 3B3; AUDI: A6 Avant 4B5, C5,A6 4B2, C5,100 4A, C4,A6 Avant 4A, C4,A6 4A, C4,100 Avant 4A, C4; SKODA: SUPERB 3U4; 4A0615301A, 4A0615601A, 4A0615601A, 4A0615601A, 8E0615601, JZW615601C; Jarrulevy<\/p>\n","protected":false},"excerpt":{"rendered":"<p>MEYLE Jarrulevyt 115 523 0015 Jarrulevy VW,AUDI,SKODA,PASSAT Variant 3B6,PASSAT Variant 3B5,PASSAT 3B2,PASSAT 3B3,A6 Avant 4B5, C5,A6 4B2, C5<\/p>\n","protected":false},"featured_media":0,"template":"","meta":{"site-sidebar-layout":"default","site-content-layout":"default","ast-global-header-display":"","ast-main-header-display":"","ast-hfb-above-header-display":"","ast-hfb-below-header-display":"","ast-hfb-mobile-header-display":"","site-post-title":"","ast-breadcrumbs-content":"","ast-featured-img":"","footer-sml-layout":"","theme-transparent-header-meta":"","adv-header-id-meta":"","stick-header-meta":"","header-above-stick-meta":"","header-main-stick-meta":"","header-below-stick-meta":""},"pwb-brand":[84],"product_cat":[66],"product_tag":[],"class_list":{"0":"post-11212","1":"product","2":"type-product","3":"status-publish","5":"pwb-brand-meyle","6":"product_cat-jarrulevyt","7":"desktop-align-left","8":"tablet-align-left","9":"mobile-align-left","11":"first","12":"instock","13":"product-type-external"},"brands":[{"id":84,"name":"MEYLE","slug":"meyle"}],"_links":{"self":[{"href":"https:\/\/www.autonvaraosahaku.fi\/index.php?rest_route=\/wp\/v2\/product\/11212","targetHints":{"allow":["GET"]}}],"collection":[{"href":"https:\/\/www.autonvaraosahaku.fi\/index.php?rest_route=\/wp\/v2\/product"}],"about":[{"href":"https:\/\/www.autonvaraosahaku.fi\/index.php?rest_route=\/wp\/v2\/types\/product"}],"wp:attachment":[{"href":"https:\/\/www.autonvaraosahaku.fi\/index.php?rest_route=%2Fwp%2Fv2%2Fmedia&parent=11212"}],"wp:term":[{"taxonomy":"pwb-brand","embeddable":true,"href":"https:\/\/www.autonvaraosahaku.fi\/index.php?rest_route=%2Fwp%2Fv2%2Fpwb-brand&post=11212"},{"taxonomy":"product_cat","embeddable":true,"href":"https:\/\/www.autonvaraosahaku.fi\/index.php?rest_route=%2Fwp%2Fv2%2Fproduct_cat&post=11212"},{"taxonomy":"product_tag","embeddable":true,"href":"https:\/\/www.autonvaraosahaku.fi\/index.php?rest_route=%2Fwp%2Fv2%2Fproduct_tag&post=11212"}],"curies":[{"name":"wp","href":"https:\/\/api.w.org\/{rel}","templated":true}]}}