{"id":11215,"date":"2021-02-21T14:11:03","date_gmt":"2021-02-21T14:11:03","guid":{"rendered":"https:\/\/www.autonvaraosahaku.fi\/?product=maxgear-26-0007-oljynsuodatin"},"modified":"2021-02-21T14:11:05","modified_gmt":"2021-02-21T14:11:05","slug":"maxgear-26-0007-oljynsuodatin","status":"publish","type":"product","link":"https:\/\/www.autonvaraosahaku.fi\/?product=maxgear-26-0007-oljynsuodatin","title":{"rendered":"MAXGEAR 26-0007 \u00d6ljynsuodatin"},"content":{"rendered":"<p>Ulkol\u00e4pimitta [mm]: 76; Sis\u00e4l\u00e4pimitta 1 [mm]: 62; Sis\u00e4l\u00e4pimitta 2 [mm]: 71; Kierremitta: M 20 X 1.5; Korkeus (mm): 89; Korvaava tuote\/korvaava tiedote 2: yhdell\u00e4 peruutuksenestoventtiilill\u00e4; Avauspaine ohitusventtiili [bar]: 1,5; Suositellun erikoisty\u00f6kalun tuotenumero: LS 7\/2; Suodatintyyppi: Ruuvattava suodatin; Valmistusvuosi alkaen: 08\/1988; LADA: NIVA 2121; NISSAN: MICRA II K11; HYUNDAI: LANTRA II Wagon J-2,LANTRA II J-2; DAIHATSU: HIJET Kasten S85; ROVER: 200 Hatchback XW,400 Tourer XW,100 \/ METRO XP,400 XW; LANCIA: ZETA 220; FIAT: DUCATO Pritsche\/Fahrgestell 230,DUCATO Bus 230,DUCATO Kasten 290,DUCATO Pritsche\/Fahrgestell 290,DUCATO Kasten 230L,DUCATO Kasten 280,DUCATO Pritsche\/Fahrgestell 280,DUCATO Panorama 280,ULYSSE 220,SCUDO Kasten 220L,DUCATO Panorama 290,SCUDO Combinato 220P,TALENTO Pritsche\/Fahrgestell 290,TALENTO Bus 290,TALENTO Kasten 290,SCUDO Pritsche\/Fahrgestell 220_; CITRO\u00cbN: BERLINGO MF,C8 EA_, EB_,C4 I LC_,SAXO S0, S1,BERLINGO Kasten M_,C5 I DC_,C5 I Break DE_,XSARA N1,XSARA Break N2,JUMPER Kasten 244,XM Y4,XSARA Coupe N0,XANTIA X1,AX ZA-_,EVASION 22, U6,XANTIA Break X2,ZX N2,BX XB-_,C25 Bus 280_, 290_,JUMPY U6U,JUMPY Kasten BS_, BT_, BY_, BZ_,JUMPER Kasten 230L,JUMPER Bus 244, Z_,XM Y3,CX II,CX I MA,XANTIA Break X1,JUMPER Bus 230P,C25 Pritsche\/Fahrgestell 280_, 290_,ZX Break N2,XM Break Y4,JUMPER Pritsche\/Fahrgestell 230,BX Break XB-_,C25 Kasten 280_, 290_,C15 VD-_,CX II Break,JUMPY Pritsche\/Fahrgestell BU_, BV_, BW_, BX_,XM Break Y3,CX I Break MA,C15 Kombi,C35 Kasten,C35 Bus,C35 Pick-up; PEUGEOT: 206 Schr\u00e4gheck 2A\/C,307 SW 3H,407 SW 6E_,807 E,106 II 1,306 Schr\u00e4gheck 7A, 7C, N3, N5,607 9D, 9U,306 Cabriolet 7D, N3, N5,407 6D_,406 Break 8E\/F,PARTNER Combispace 5F,106 I 1A, 1C,205 II 20A\/C,PARTNER Kasten 5,J5 Pritsche\/Fahrgestell 280L,406 Coupe 8C,306 Break 7E, N3, N5,406 8B,J5 Pritsche\/Fahrgestell 290L,806 221,BOXER Kasten 230L,BOXER Kasten 244,306 7B, N3, N5,J5 Kasten 280L,205 I Cabriolet 741B, 20D,EXPERT Kasten 222,J5 Bus 290P,309 II 3C, 3A,205 I 741A\/C,J5 Kasten 290L,J5 Bus 280P,405 I 15B,BOXER Bus 230P,BOXER Bus 244, Z_,BOXER Pritsche\/Fahrgestell ZCT_,206 Van,605 6B,EXPERT 224,405 II 4B,504 A_, M_,504 Cabriolet,106 Van 1_,309 I 10C, 10A,306 Van N_, 7_,505 551A,504 Coupe,405 II Break 4E,405 I Break 15E,305 II 581M,505 Break 551D,604 561A_,504 Break D_, F_,504 Pick-up E_,305 II Break 581E,EXPERT Pritsche\/Fahrgestell 223,J9 Bus,205 Kasten,J9 Kasten,J9 Pritsche\/Fahrgestell; LDV: CONVOY Kasten,CONVOY Pritsche\/Fahrgestell,CONVOY Bus; 1109AL, 1109K2, 1109N3, 1109R1, 1109T1, 1109X1, 1109X2, 9637143480, E149102, 9456183480, 9456203480, 9456203580, 152086F901, 252086F901, 1109AL, 1109K1, 1109K2, 1109R0, 1109R1, 1109T0, 9644885480, E149102, E149134, 7700720978, 8671004329, 1651066G00, 1651066G00000, 1651066G02, 1651066G02000, 1651086CA0, 1651086CA0000, 1651086CB0, 1651086CB0000, 1651086CB1, 1651086CB1000, 1651086Z00, 1651086Z00000, SU00100453, SU00101084<\/p>\n","protected":false},"excerpt":{"rendered":"<p>MAXGEAR \u00d6ljynsuodatin 26-0007  LADA,NISSAN,HYUNDAI,NIVA 2121,MICRA II K11,LANTRA II Wagon J-2,LANTRA II J-2,HIJET Kasten S85,200 Hatchback XW<\/p>\n","protected":false},"featured_media":0,"template":"","meta":{"site-sidebar-layout":"default","site-content-layout":"default","ast-global-header-display":"","ast-main-header-display":"","ast-hfb-above-header-display":"","ast-hfb-below-header-display":"","ast-hfb-mobile-header-display":"","site-post-title":"","ast-breadcrumbs-content":"","ast-featured-img":"","footer-sml-layout":"","theme-transparent-header-meta":"","adv-header-id-meta":"","stick-header-meta":"","header-above-stick-meta":"","header-main-stick-meta":"","header-below-stick-meta":""},"pwb-brand":[48],"product_cat":[30],"product_tag":[],"class_list":{"0":"post-11215","1":"product","2":"type-product","3":"status-publish","5":"pwb-brand-maxgear","6":"product_cat-oljynsuodatin","7":"desktop-align-left","8":"tablet-align-left","9":"mobile-align-left","11":"first","12":"instock","13":"product-type-external"},"brands":[{"id":48,"name":"MAXGEAR","slug":"maxgear"}],"_links":{"self":[{"href":"https:\/\/www.autonvaraosahaku.fi\/index.php?rest_route=\/wp\/v2\/product\/11215","targetHints":{"allow":["GET"]}}],"collection":[{"href":"https:\/\/www.autonvaraosahaku.fi\/index.php?rest_route=\/wp\/v2\/product"}],"about":[{"href":"https:\/\/www.autonvaraosahaku.fi\/index.php?rest_route=\/wp\/v2\/types\/product"}],"wp:attachment":[{"href":"https:\/\/www.autonvaraosahaku.fi\/index.php?rest_route=%2Fwp%2Fv2%2Fmedia&parent=11215"}],"wp:term":[{"taxonomy":"pwb-brand","embeddable":true,"href":"https:\/\/www.autonvaraosahaku.fi\/index.php?rest_route=%2Fwp%2Fv2%2Fpwb-brand&post=11215"},{"taxonomy":"product_cat","embeddable":true,"href":"https:\/\/www.autonvaraosahaku.fi\/index.php?rest_route=%2Fwp%2Fv2%2Fproduct_cat&post=11215"},{"taxonomy":"product_tag","embeddable":true,"href":"https:\/\/www.autonvaraosahaku.fi\/index.php?rest_route=%2Fwp%2Fv2%2Fproduct_tag&post=11215"}],"curies":[{"name":"wp","href":"https:\/\/api.w.org\/{rel}","templated":true}]}}