{"id":11219,"date":"2021-02-21T14:11:07","date_gmt":"2021-02-21T14:11:07","guid":{"rendered":"https:\/\/www.autonvaraosahaku.fi\/?product=master-sport-25927-pcs-ms-taka-akselin-puslat"},"modified":"2021-02-21T14:11:07","modified_gmt":"2021-02-21T14:11:07","slug":"master-sport-25927-pcs-ms-taka-akselin-puslat","status":"publish","type":"product","link":"https:\/\/www.autonvaraosahaku.fi\/?product=master-sport-25927-pcs-ms-taka-akselin-puslat","title":{"rendered":"MASTER-SPORT 25927-PCS-MS Taka-akselin puslat"},"content":{"rendered":"<p>Kiinnitysmalli: Hydrolaakeri, Hydrolaakeri; Nettopaino [kg]: 0,42; Bruttopaino [kg]: 0,47; Lukum\u00e4\u00e4r\u00e4 akselille: 1; Vaihteistomalli: Schaltgetriebe; BMW: 3 E46,3 Touring E91,3 E90,3 Touring E46,X3 E83,3 Compact E46,3 Coupe E46,X1 E84,1 E81,1 F20,3 Coupe E92,3 Touring F31,3 Cabriolet E46,3 F30, F35, F80,Z4 E85,3 Cabriolet E93,1 F21,1 Cabriolet E88,1 Coupe E82,3 Gran Turismo F34,4 Coupe F32, F82,2 Coupe F22,4 Cabriolet F33, F83,4 Gran Coupe F36,2 Cabriolet F23; 1093565, 33171093565, 33176751808, 33316769376, 6751808, 6769376; Apurungon Puslat,Akselinripustus<\/p>\n","protected":false},"excerpt":{"rendered":"<p>MASTER-SPORT Taka-akselin Puslat 25927-PCS-MS Apurungon Puslat,Akselinripustus BMW,3 E46,3 Touring E91,3 E90,3 Touring E46,X3 E83,3 Compact E46<\/p>\n","protected":false},"featured_media":0,"template":"","meta":{"site-sidebar-layout":"default","site-content-layout":"default","ast-global-header-display":"","ast-main-header-display":"","ast-hfb-above-header-display":"","ast-hfb-below-header-display":"","ast-hfb-mobile-header-display":"","site-post-title":"","ast-breadcrumbs-content":"","ast-featured-img":"","footer-sml-layout":"","theme-transparent-header-meta":"","adv-header-id-meta":"","stick-header-meta":"","header-above-stick-meta":"","header-main-stick-meta":"","header-below-stick-meta":""},"pwb-brand":[61],"product_cat":[156],"product_tag":[],"class_list":{"0":"post-11219","1":"product","2":"type-product","3":"status-publish","5":"pwb-brand-master-sport","6":"product_cat-taka-akselin-puslat","7":"desktop-align-left","8":"tablet-align-left","9":"mobile-align-left","11":"first","12":"instock","13":"product-type-external"},"brands":[{"id":61,"name":"MASTER-SPORT","slug":"master-sport"}],"_links":{"self":[{"href":"https:\/\/www.autonvaraosahaku.fi\/index.php?rest_route=\/wp\/v2\/product\/11219","targetHints":{"allow":["GET"]}}],"collection":[{"href":"https:\/\/www.autonvaraosahaku.fi\/index.php?rest_route=\/wp\/v2\/product"}],"about":[{"href":"https:\/\/www.autonvaraosahaku.fi\/index.php?rest_route=\/wp\/v2\/types\/product"}],"wp:attachment":[{"href":"https:\/\/www.autonvaraosahaku.fi\/index.php?rest_route=%2Fwp%2Fv2%2Fmedia&parent=11219"}],"wp:term":[{"taxonomy":"pwb-brand","embeddable":true,"href":"https:\/\/www.autonvaraosahaku.fi\/index.php?rest_route=%2Fwp%2Fv2%2Fpwb-brand&post=11219"},{"taxonomy":"product_cat","embeddable":true,"href":"https:\/\/www.autonvaraosahaku.fi\/index.php?rest_route=%2Fwp%2Fv2%2Fproduct_cat&post=11219"},{"taxonomy":"product_tag","embeddable":true,"href":"https:\/\/www.autonvaraosahaku.fi\/index.php?rest_route=%2Fwp%2Fv2%2Fproduct_tag&post=11219"}],"curies":[{"name":"wp","href":"https:\/\/api.w.org\/{rel}","templated":true}]}}