{"id":11241,"date":"2021-02-21T14:11:10","date_gmt":"2021-02-21T14:11:10","guid":{"rendered":"https:\/\/www.autonvaraosahaku.fi\/?product=tedgum-00463297-kallistuksenvakaajan-puslat"},"modified":"2021-02-21T14:11:11","modified_gmt":"2021-02-21T14:11:11","slug":"tedgum-00463297-kallistuksenvakaajan-puslat","status":"publish","type":"product","link":"https:\/\/www.autonvaraosahaku.fi\/?product=tedgum-00463297-kallistuksenvakaajan-puslat","title":{"rendered":"TEDGUM 00463297 Kallistuksenvakaajan puslat"},"content":{"rendered":"<p>Asennuspuoli: etuakseli molemminpuoleinen, Sisempi; Kiinnitysmalli: Kumilaakeri; Materiaali: Kumi; Tarvittava kappalem\u00e4\u00e4r\u00e4: 2; Sis\u00e4l\u00e4pimitta [mm]: 26; NISSAN: TERRANO II R20,SERENA C23M,CABSTAR E Pick-up US; FORD: MAVERICK UDS, UNS; 1954776, 1962359, 546130X800, 546131C403, 546131C404, 546131C423, 5461360U11, 546137F000, 546139C105, 546139X502<\/p>\n","protected":false},"excerpt":{"rendered":"<p>TEDGUM Laakerin Holkki, Vakaaja 00463297  NISSAN,FORD,TERRANO II R20,SERENA C23M,CABSTAR E Pick-up US,MAVERICK UDS, UNS<\/p>\n","protected":false},"featured_media":0,"template":"","meta":{"site-sidebar-layout":"default","site-content-layout":"default","ast-global-header-display":"","ast-main-header-display":"","ast-hfb-above-header-display":"","ast-hfb-below-header-display":"","ast-hfb-mobile-header-display":"","site-post-title":"","ast-breadcrumbs-content":"","ast-featured-img":"","footer-sml-layout":"","theme-transparent-header-meta":"","adv-header-id-meta":"","stick-header-meta":"","header-above-stick-meta":"","header-main-stick-meta":"","header-below-stick-meta":""},"pwb-brand":[155],"product_cat":[82],"product_tag":[],"class_list":{"0":"post-11241","1":"product","2":"type-product","3":"status-publish","5":"pwb-brand-tedgum","6":"product_cat-kallistuksenvakaajan-puslat","7":"desktop-align-left","8":"tablet-align-left","9":"mobile-align-left","11":"first","12":"instock","13":"product-type-external"},"brands":[{"id":155,"name":"TEDGUM","slug":"tedgum"}],"_links":{"self":[{"href":"https:\/\/www.autonvaraosahaku.fi\/index.php?rest_route=\/wp\/v2\/product\/11241","targetHints":{"allow":["GET"]}}],"collection":[{"href":"https:\/\/www.autonvaraosahaku.fi\/index.php?rest_route=\/wp\/v2\/product"}],"about":[{"href":"https:\/\/www.autonvaraosahaku.fi\/index.php?rest_route=\/wp\/v2\/types\/product"}],"wp:attachment":[{"href":"https:\/\/www.autonvaraosahaku.fi\/index.php?rest_route=%2Fwp%2Fv2%2Fmedia&parent=11241"}],"wp:term":[{"taxonomy":"pwb-brand","embeddable":true,"href":"https:\/\/www.autonvaraosahaku.fi\/index.php?rest_route=%2Fwp%2Fv2%2Fpwb-brand&post=11241"},{"taxonomy":"product_cat","embeddable":true,"href":"https:\/\/www.autonvaraosahaku.fi\/index.php?rest_route=%2Fwp%2Fv2%2Fproduct_cat&post=11241"},{"taxonomy":"product_tag","embeddable":true,"href":"https:\/\/www.autonvaraosahaku.fi\/index.php?rest_route=%2Fwp%2Fv2%2Fproduct_tag&post=11241"}],"curies":[{"name":"wp","href":"https:\/\/api.w.org\/{rel}","templated":true}]}}