{"id":11248,"date":"2021-02-21T14:11:10","date_gmt":"2021-02-21T14:11:10","guid":{"rendered":"https:\/\/www.autonvaraosahaku.fi\/?product=meyle-11-83-521-0017-pd-jarrulevyt"},"modified":"2021-02-21T14:11:11","modified_gmt":"2021-02-21T14:11:11","slug":"meyle-11-83-521-0017-pd-jarrulevyt","status":"publish","type":"product","link":"https:\/\/www.autonvaraosahaku.fi\/?product=meyle-11-83-521-0017-pd-jarrulevyt","title":{"rendered":"MEYLE 11-83 521 0017\/PD Jarrulevyt"},"content":{"rendered":"<p>Asennuspuoli: Etuakseli; Ulkol\u00e4pimitta [mm]: 266; Korkeus (mm): 34,2; Jarrulevyn paksuus (mm): 22; V\u00e4himm\u00e4ispaksuus (mm): 20; keskitt\u00e4misl\u00e4pimitta [mm]: 66,02; Reik\u00e4ympyr\u00e4-\u00d8 [mm]: 108; Py\u00f6r\u00e4npulttireik\u00e4-\u00d8 [mm]: 13; Reikien m\u00e4\u00e4r\u00e4: 4; Jarrulevytyyppi: Tuuletettu; Pinta: Sinkki-liuska-pinnoite; K\u00e4sittely: hiiliter\u00e4s; Korvaava tuote\/korvaava tiedote 2: Ruuveilla; Tarvittava kappalem\u00e4\u00e4r\u00e4: 2; lis\u00e4tieto: MEYLE-PD Quality; Varusteet: f\u00fcr Fahrzeuge ohne elektrische Feststellbremse; CITRO\u00cbN: BERLINGO MF,XSARA PICASSO N68,C2 JM_,C3 I FC_,C4 I LC_,DS3,BERLINGO Kasten M_,C3 Picasso,C5 I DC_,C3 II,XSARA N1,C4 Coupe LA_,C3 Pluriel HB_,C4 II B7,C5 II RC_,XSARA Break N2,BERLINGO Kasten B9,XSARA Coupe N0,DS3 Cabriolet,C2 ENTERPRISE,C-ELYSEE,C4 CACTUS,XSARA Kasten,C3 III SX,C3 AIRCROSS II,XSARA Kasten\/Schr\u00e4gheck; PEUGEOT: 206 Schr\u00e4gheck 2A\/C,206 CC 2D,207 WA_, WC_,307 SW 3H,307 3A\/C,207 SW WK_,206 SW 2E\/K,208,307 Break 3E,1007 KM_,PARTNER Combispace 5F,2008,PARTNER Kasten 5,207 Stufenheck,206 Stufenheck,301,207 Van,PARTNER Pritsche\/Fahrgestell,208 Kasten; DS: DS 3,DS 3 Cabriolet; 1618890480, 1629058880, 4246W1, 424916, 424983, 4249G1, E169141, 1613191380, 1618890480, 1629058880, 424983, E169141, 1618890480, 1629058880, 4246W7, 424915, 424983, 4249G1, E169141; Jarrulevy<\/p>\n","protected":false},"excerpt":{"rendered":"<p>MEYLE Jarrulevyt 11-83 521 0017\/PD Jarrulevy CITRO\u00cbN,PEUGEOT,DS,BERLINGO MF,XSARA PICASSO N68,C2 JM_,C3 I FC_,C4 I LC_,DS3,BERLINGO Kasten M_<\/p>\n","protected":false},"featured_media":0,"template":"","meta":{"site-sidebar-layout":"default","site-content-layout":"default","ast-global-header-display":"","ast-main-header-display":"","ast-hfb-above-header-display":"","ast-hfb-below-header-display":"","ast-hfb-mobile-header-display":"","site-post-title":"","ast-breadcrumbs-content":"","ast-featured-img":"","footer-sml-layout":"","theme-transparent-header-meta":"","adv-header-id-meta":"","stick-header-meta":"","header-above-stick-meta":"","header-main-stick-meta":"","header-below-stick-meta":""},"pwb-brand":[84],"product_cat":[66],"product_tag":[],"class_list":{"0":"post-11248","1":"product","2":"type-product","3":"status-publish","5":"pwb-brand-meyle","6":"product_cat-jarrulevyt","7":"desktop-align-left","8":"tablet-align-left","9":"mobile-align-left","11":"first","12":"instock","13":"product-type-external"},"brands":[{"id":84,"name":"MEYLE","slug":"meyle"}],"_links":{"self":[{"href":"https:\/\/www.autonvaraosahaku.fi\/index.php?rest_route=\/wp\/v2\/product\/11248","targetHints":{"allow":["GET"]}}],"collection":[{"href":"https:\/\/www.autonvaraosahaku.fi\/index.php?rest_route=\/wp\/v2\/product"}],"about":[{"href":"https:\/\/www.autonvaraosahaku.fi\/index.php?rest_route=\/wp\/v2\/types\/product"}],"wp:attachment":[{"href":"https:\/\/www.autonvaraosahaku.fi\/index.php?rest_route=%2Fwp%2Fv2%2Fmedia&parent=11248"}],"wp:term":[{"taxonomy":"pwb-brand","embeddable":true,"href":"https:\/\/www.autonvaraosahaku.fi\/index.php?rest_route=%2Fwp%2Fv2%2Fpwb-brand&post=11248"},{"taxonomy":"product_cat","embeddable":true,"href":"https:\/\/www.autonvaraosahaku.fi\/index.php?rest_route=%2Fwp%2Fv2%2Fproduct_cat&post=11248"},{"taxonomy":"product_tag","embeddable":true,"href":"https:\/\/www.autonvaraosahaku.fi\/index.php?rest_route=%2Fwp%2Fv2%2Fproduct_tag&post=11248"}],"curies":[{"name":"wp","href":"https:\/\/api.w.org\/{rel}","templated":true}]}}