{"id":11288,"date":"2021-02-21T14:11:17","date_gmt":"2021-02-21T14:11:17","guid":{"rendered":"https:\/\/www.autonvaraosahaku.fi\/?product=monroe-401018rm-iskunvaimennin"},"modified":"2021-02-21T14:11:18","modified_gmt":"2021-02-21T14:11:18","slug":"monroe-401018rm-iskunvaimennin","status":"publish","type":"product","link":"https:\/\/www.autonvaraosahaku.fi\/?product=monroe-401018rm-iskunvaimennin","title":{"rendered":"MONROE 401018RM Iskunvaimennin"},"content":{"rendered":"<p>Iskunvaimennin tyyppi: \u00d6ljypaine; Iskunvaimennin malli: Joustintuki; Iskunvaimennusj\u00e4rjestelm\u00e4: Kaksiputki; Paino [kg]: 4,060; Pakkauspituus [cm]: 50; Pakkausleveys [cm]: 17,5; Pakkauskorkeus [mm]: 17,5; Tullitariffinumero: 87088035; Alustarakenne: f\u00fcr Fahrzeuge mit Standard Fahrwerk; VW: GOLF III 1H1,GOLF III Variant 1H5,VENTO 1H2,GOLF III Van 1H1; SEAT: IBIZA II 6K1,CORDOBA 6K1, 6K2; 1H0413031, 1H0413031A, 1L0413031C, 6K0413031, 6K0413031A, 1H0413031, 1H0413031A, 1H0413031C, 1L0413031C; Iskarit,Iskunvaimennin<\/p>\n","protected":false},"excerpt":{"rendered":"<p>MONROE Iskunvaimentimet RoadMatic 401018RM Iskarit,Iskunvaimennin VW,SEAT,GOLF III 1H1,GOLF III Variant 1H5,VENTO 1H2,GOLF III Van 1H1,IBIZA II 6K1<\/p>\n","protected":false},"featured_media":0,"template":"","meta":{"site-sidebar-layout":"default","site-content-layout":"default","ast-global-header-display":"","ast-main-header-display":"","ast-hfb-above-header-display":"","ast-hfb-below-header-display":"","ast-hfb-mobile-header-display":"","site-post-title":"","ast-breadcrumbs-content":"","ast-featured-img":"","footer-sml-layout":"","theme-transparent-header-meta":"","adv-header-id-meta":"","stick-header-meta":"","header-above-stick-meta":"","header-main-stick-meta":"","header-below-stick-meta":""},"pwb-brand":[79],"product_cat":[80],"product_tag":[],"class_list":{"0":"post-11288","1":"product","2":"type-product","3":"status-publish","5":"pwb-brand-monroe","6":"product_cat-iskunvaimennin","7":"desktop-align-left","8":"tablet-align-left","9":"mobile-align-left","11":"first","12":"instock","13":"product-type-external"},"brands":[{"id":79,"name":"MONROE","slug":"monroe"}],"_links":{"self":[{"href":"https:\/\/www.autonvaraosahaku.fi\/index.php?rest_route=\/wp\/v2\/product\/11288","targetHints":{"allow":["GET"]}}],"collection":[{"href":"https:\/\/www.autonvaraosahaku.fi\/index.php?rest_route=\/wp\/v2\/product"}],"about":[{"href":"https:\/\/www.autonvaraosahaku.fi\/index.php?rest_route=\/wp\/v2\/types\/product"}],"wp:attachment":[{"href":"https:\/\/www.autonvaraosahaku.fi\/index.php?rest_route=%2Fwp%2Fv2%2Fmedia&parent=11288"}],"wp:term":[{"taxonomy":"pwb-brand","embeddable":true,"href":"https:\/\/www.autonvaraosahaku.fi\/index.php?rest_route=%2Fwp%2Fv2%2Fpwb-brand&post=11288"},{"taxonomy":"product_cat","embeddable":true,"href":"https:\/\/www.autonvaraosahaku.fi\/index.php?rest_route=%2Fwp%2Fv2%2Fproduct_cat&post=11288"},{"taxonomy":"product_tag","embeddable":true,"href":"https:\/\/www.autonvaraosahaku.fi\/index.php?rest_route=%2Fwp%2Fv2%2Fproduct_tag&post=11288"}],"curies":[{"name":"wp","href":"https:\/\/api.w.org\/{rel}","templated":true}]}}