{"id":11302,"date":"2021-02-21T14:11:21","date_gmt":"2021-02-21T14:11:21","guid":{"rendered":"https:\/\/www.autonvaraosahaku.fi\/?product=zimmermann-540-5305-52-jarrulevyt"},"modified":"2021-02-21T14:11:21","modified_gmt":"2021-02-21T14:11:21","slug":"zimmermann-540-5305-52-jarrulevyt","status":"publish","type":"product","link":"https:\/\/www.autonvaraosahaku.fi\/?product=zimmermann-540-5305-52-jarrulevyt","title":{"rendered":"ZIMMERMANN 540.5305.52 Jarrulevyt"},"content":{"rendered":"<p>Jarrulevytyyppi: Tuuletettu, sis\u00e4, Reijitetty; Pinta: pinnoitettu; Ulkol\u00e4pimitta [mm]: 272; Jarrulevyn paksuus (mm): 22; Korkeus (mm): 40; Vanne, aukkoja: 5; Reik\u00e4ympyr\u00e4-\u00d8 [mm]: 114; keskitt\u00e4misl\u00e4pimitta [mm]: 62; Tarkistuskilpi: KBA 60872; V\u00e4himm\u00e4ispaksuus (mm): 20; Paino [kg]: 5,2; Reik\u00e4kuvio\/-m\u00e4\u00e4r\u00e4: 9\/5; Tuotelinja: SPORT COAT Z; Tuning: 1; Asennuspuoli: Vorderachse; SUZUKI: SWIFT IV FZ, NZ; 5531170L00, 5531170L00000, 5531172L00, 55311B77M00N, 55311M60M00; Jarrulevy<\/p>\n","protected":false},"excerpt":{"rendered":"<p>ZIMMERMANN Jarrulevyt 540.5305.52 Jarrulevy SUZUKI,SWIFT IV FZ, NZ<\/p>\n","protected":false},"featured_media":0,"template":"","meta":{"site-sidebar-layout":"default","site-content-layout":"default","ast-global-header-display":"","ast-main-header-display":"","ast-hfb-above-header-display":"","ast-hfb-below-header-display":"","ast-hfb-mobile-header-display":"","site-post-title":"","ast-breadcrumbs-content":"","ast-featured-img":"","footer-sml-layout":"","theme-transparent-header-meta":"","adv-header-id-meta":"","stick-header-meta":"","header-above-stick-meta":"","header-main-stick-meta":"","header-below-stick-meta":""},"pwb-brand":[145],"product_cat":[66],"product_tag":[],"class_list":{"0":"post-11302","1":"product","2":"type-product","3":"status-publish","5":"pwb-brand-zimmermann","6":"product_cat-jarrulevyt","7":"desktop-align-left","8":"tablet-align-left","9":"mobile-align-left","11":"first","12":"instock","13":"product-type-external"},"brands":[{"id":145,"name":"ZIMMERMANN","slug":"zimmermann"}],"_links":{"self":[{"href":"https:\/\/www.autonvaraosahaku.fi\/index.php?rest_route=\/wp\/v2\/product\/11302","targetHints":{"allow":["GET"]}}],"collection":[{"href":"https:\/\/www.autonvaraosahaku.fi\/index.php?rest_route=\/wp\/v2\/product"}],"about":[{"href":"https:\/\/www.autonvaraosahaku.fi\/index.php?rest_route=\/wp\/v2\/types\/product"}],"wp:attachment":[{"href":"https:\/\/www.autonvaraosahaku.fi\/index.php?rest_route=%2Fwp%2Fv2%2Fmedia&parent=11302"}],"wp:term":[{"taxonomy":"pwb-brand","embeddable":true,"href":"https:\/\/www.autonvaraosahaku.fi\/index.php?rest_route=%2Fwp%2Fv2%2Fpwb-brand&post=11302"},{"taxonomy":"product_cat","embeddable":true,"href":"https:\/\/www.autonvaraosahaku.fi\/index.php?rest_route=%2Fwp%2Fv2%2Fproduct_cat&post=11302"},{"taxonomy":"product_tag","embeddable":true,"href":"https:\/\/www.autonvaraosahaku.fi\/index.php?rest_route=%2Fwp%2Fv2%2Fproduct_tag&post=11302"}],"curies":[{"name":"wp","href":"https:\/\/api.w.org\/{rel}","templated":true}]}}