{"id":11305,"date":"2021-02-21T14:11:21","date_gmt":"2021-02-21T14:11:21","guid":{"rendered":"https:\/\/www.autonvaraosahaku.fi\/?product=monroe-376193sp-iskunvaimennin"},"modified":"2021-02-21T14:11:22","modified_gmt":"2021-02-21T14:11:22","slug":"monroe-376193sp-iskunvaimennin","status":"publish","type":"product","link":"https:\/\/www.autonvaraosahaku.fi\/?product=monroe-376193sp-iskunvaimennin","title":{"rendered":"MONROE 376193SP Iskunvaimennin"},"content":{"rendered":"<p>Iskunvaimennin tyyppi: Kaasupaine; Iskunvaimennusj\u00e4rjestelm\u00e4: Kaksiputki; Iskunvaimennin asennustapa: Silmukka alhaalla, Tappi ylh\u00e4\u00e4ll\u00e4; Paino [kg]: 1,610; Reik\u00e4-\u00d8 [mm]: 25,4; Pakkauspituus [cm]: 50,5; Pakkausleveys [cm]: 6,5; Pakkauskorkeus [mm]: 6,5; Tullitariffinumero: 87088035; Tappil\u00e4pimitta [mm]: 11; Asennuspuoli: Hinterachse; VW: GOLF VII 5G1, BE1,GOLF VII Kombi BA5,GOLF SPORTSVAN AM1; AUDI: A3 Sportback 8VA; SEAT: LEON 5F1,LEON ST 5F8,LEON SC 5F5; 5Q0513049BF, 5Q0513049BG, 5Q0513049BR, 5Q0513049CQ, 5Q0513049DC, 5Q0513049DD, 5Q0513049DP, 5Q0513049FH, 5Q0513049CC, 5Q0513049CD, 5Q0513049CQ, 5Q0513049CR, 5Q0513049DE, 5Q0513049DF, 5Q0513049DP, 5Q0513049DQ, 5Q0513049DR, 5Q0513049EB, 5Q0513049EC, 5Q0513049EF, 5Q0513049EG, 5Q0513049EN, 5Q0513049EP, 5Q0513049EQ, 5Q0513049ER, 5Q0513049ES, 5Q0513049FH, 5Q0513049GH, 5Q0513049GJ, 5Q0513049GK; Iskarit,Iskunvaimennin<\/p>\n","protected":false},"excerpt":{"rendered":"<p>MONROE Iskunvaimentimet OESpectrum Premium 376193SP Iskarit,Iskunvaimennin VW,AUDI,SEAT,GOLF VII 5G1, BE1,GOLF VII Kombi BA5,GOLF SPORTSVAN AM1<\/p>\n","protected":false},"featured_media":0,"template":"","meta":{"site-sidebar-layout":"default","site-content-layout":"default","ast-global-header-display":"","ast-main-header-display":"","ast-hfb-above-header-display":"","ast-hfb-below-header-display":"","ast-hfb-mobile-header-display":"","site-post-title":"","ast-breadcrumbs-content":"","ast-featured-img":"","footer-sml-layout":"","theme-transparent-header-meta":"","adv-header-id-meta":"","stick-header-meta":"","header-above-stick-meta":"","header-main-stick-meta":"","header-below-stick-meta":""},"pwb-brand":[79],"product_cat":[80],"product_tag":[],"class_list":{"0":"post-11305","1":"product","2":"type-product","3":"status-publish","5":"pwb-brand-monroe","6":"product_cat-iskunvaimennin","7":"desktop-align-left","8":"tablet-align-left","9":"mobile-align-left","11":"first","12":"instock","13":"product-type-external"},"brands":[{"id":79,"name":"MONROE","slug":"monroe"}],"_links":{"self":[{"href":"https:\/\/www.autonvaraosahaku.fi\/index.php?rest_route=\/wp\/v2\/product\/11305","targetHints":{"allow":["GET"]}}],"collection":[{"href":"https:\/\/www.autonvaraosahaku.fi\/index.php?rest_route=\/wp\/v2\/product"}],"about":[{"href":"https:\/\/www.autonvaraosahaku.fi\/index.php?rest_route=\/wp\/v2\/types\/product"}],"wp:attachment":[{"href":"https:\/\/www.autonvaraosahaku.fi\/index.php?rest_route=%2Fwp%2Fv2%2Fmedia&parent=11305"}],"wp:term":[{"taxonomy":"pwb-brand","embeddable":true,"href":"https:\/\/www.autonvaraosahaku.fi\/index.php?rest_route=%2Fwp%2Fv2%2Fpwb-brand&post=11305"},{"taxonomy":"product_cat","embeddable":true,"href":"https:\/\/www.autonvaraosahaku.fi\/index.php?rest_route=%2Fwp%2Fv2%2Fproduct_cat&post=11305"},{"taxonomy":"product_tag","embeddable":true,"href":"https:\/\/www.autonvaraosahaku.fi\/index.php?rest_route=%2Fwp%2Fv2%2Fproduct_tag&post=11305"}],"curies":[{"name":"wp","href":"https:\/\/api.w.org\/{rel}","templated":true}]}}