{"id":11326,"date":"2021-02-21T14:11:24","date_gmt":"2021-02-21T14:11:24","guid":{"rendered":"https:\/\/www.autonvaraosahaku.fi\/?product=meyle-314-131-0000-sytytyspuola"},"modified":"2021-02-21T14:11:25","modified_gmt":"2021-02-21T14:11:25","slug":"meyle-314-131-0000-sytytyspuola","status":"publish","type":"product","link":"https:\/\/www.autonvaraosahaku.fi\/?product=meyle-314-131-0000-sytytyspuola","title":{"rendered":"MEYLE 314 131 0000 Sytytyspuola"},"content":{"rendered":"<p>K\u00e4ytt\u00f6j\u00e4nnite [V]: 12; Puola-sytytysj\u00e4rjestelm\u00e4: T\u00e4yselektroniselle sytytykselle (TES); Sytytyspuola: Liit\u00e4nt\u00e4 SAE, Sytytystulppakoskettimella; Varusteet: ajoneuvoille ilman virranjakajaa; Tarvittava kappalem\u00e4\u00e4r\u00e4: 6; Napojen m\u00e4\u00e4r\u00e4: 3; lis\u00e4tieto: ORIGINAL Quality; Moottorinumero: M52 B20 (206S3); BMW: 3 E46,5 E39,3 Touring E46,5 Touring E39,3 Compact E46,3 Coupe E46,3 Compact E36,3 E36,X5 E53,3 Cabriolet E46,7 E38,3 Coupe E36,Z3 E36,3 Cabriolet E36,3 Touring E36,8 E31,Z3 Coupe E36,Z8 E52; LAND ROVER: FREELANDER LN,RANGE ROVER III LM,FREELANDER Soft Top; ROVER: 75 RJ,75 Tourer RJ,45 Stufenheck RT,45 RT; MG: MG ZS,MG ZT,MG ZS Hatchback; 12131404309, 12131703227, 12131703228, 12131703825, 12131748017, 12131748018, 12137599219, 12139067830, 1404309, 1703227, 1703228, 1703825, 1748017, 1748018, 9067830, LR022494, GCL307, NEC000040, NEC101000, NEC101000L, NEC101010, GCL307, NEC000040, NEC101000, NEC101000L, NEC101000SLP, NEC101010<\/p>\n","protected":false},"excerpt":{"rendered":"<p>MEYLE Sytytyspuola 314 131 0000  BMW,LAND ROVER,ROVER,3 E46,5 E39,3 Touring E46,5 Touring E39,3 Compact E46,3 Coupe E46,3 Compact E36,3 E36,X5 E53<\/p>\n","protected":false},"featured_media":0,"template":"","meta":{"site-sidebar-layout":"default","site-content-layout":"default","ast-global-header-display":"","ast-main-header-display":"","ast-hfb-above-header-display":"","ast-hfb-below-header-display":"","ast-hfb-mobile-header-display":"","site-post-title":"","ast-breadcrumbs-content":"","ast-featured-img":"","footer-sml-layout":"","theme-transparent-header-meta":"","adv-header-id-meta":"","stick-header-meta":"","header-above-stick-meta":"","header-main-stick-meta":"","header-below-stick-meta":""},"pwb-brand":[84],"product_cat":[25],"product_tag":[],"class_list":{"0":"post-11326","1":"product","2":"type-product","3":"status-publish","5":"pwb-brand-meyle","6":"product_cat-sytytyspuola","7":"desktop-align-left","8":"tablet-align-left","9":"mobile-align-left","11":"first","12":"instock","13":"product-type-external"},"brands":[{"id":84,"name":"MEYLE","slug":"meyle"}],"_links":{"self":[{"href":"https:\/\/www.autonvaraosahaku.fi\/index.php?rest_route=\/wp\/v2\/product\/11326","targetHints":{"allow":["GET"]}}],"collection":[{"href":"https:\/\/www.autonvaraosahaku.fi\/index.php?rest_route=\/wp\/v2\/product"}],"about":[{"href":"https:\/\/www.autonvaraosahaku.fi\/index.php?rest_route=\/wp\/v2\/types\/product"}],"wp:attachment":[{"href":"https:\/\/www.autonvaraosahaku.fi\/index.php?rest_route=%2Fwp%2Fv2%2Fmedia&parent=11326"}],"wp:term":[{"taxonomy":"pwb-brand","embeddable":true,"href":"https:\/\/www.autonvaraosahaku.fi\/index.php?rest_route=%2Fwp%2Fv2%2Fpwb-brand&post=11326"},{"taxonomy":"product_cat","embeddable":true,"href":"https:\/\/www.autonvaraosahaku.fi\/index.php?rest_route=%2Fwp%2Fv2%2Fproduct_cat&post=11326"},{"taxonomy":"product_tag","embeddable":true,"href":"https:\/\/www.autonvaraosahaku.fi\/index.php?rest_route=%2Fwp%2Fv2%2Fproduct_tag&post=11326"}],"curies":[{"name":"wp","href":"https:\/\/api.w.org\/{rel}","templated":true}]}}