{"id":11333,"date":"2021-02-21T14:11:24","date_gmt":"2021-02-21T14:11:24","guid":{"rendered":"https:\/\/www.autonvaraosahaku.fi\/?product=master-sport-3651-set-ms-pyoranlaakerit"},"modified":"2021-02-21T14:11:26","modified_gmt":"2021-02-21T14:11:26","slug":"master-sport-3651-set-ms-pyoranlaakerit","status":"publish","type":"product","link":"https:\/\/www.autonvaraosahaku.fi\/?product=master-sport-3651-set-ms-pyoranlaakerit","title":{"rendered":"MASTER-SPORT 3651-SET-MS Py\u00f6r\u00e4nlaakerit"},"content":{"rendered":"<p>Laippa \u00d8(mm): 137; Nettopaino [kg]: 3,4; Bruttopaino [kg]: 3,43; Asennuspuoli: Vorderachse; OPEL: ZAFIRA B A05,ASTRA H Caravan L35,ASTRA H L48,ASTRA H GTC L08,ASTRA H TwinTop L67,ZAFIRA B Van,ASTRA H Stufenheck L69,ASTRA H Kasten L70; VAUXHALL: ZAFIRA Mk II B M75,ASTRA Mk V H CC,ASTRA Mk V H Estate,ASTRA Mk V H Convertible,ASTRAVAN Mk V H; 13110964, 1603254, 93178652, 13110964, 1603254, 93178652; Py\u00f6r\u00e4nlaakerisarja<\/p>\n","protected":false},"excerpt":{"rendered":"<p>MASTER-SPORT Py\u00f6r\u00e4nlaakerit 3651-SET-MS Py\u00f6r\u00e4nlaakerisarja OPEL,VAUXHALL,ZAFIRA B A05,ASTRA H Caravan L35,ASTRA H L48,ASTRA H GTC L08<\/p>\n","protected":false},"featured_media":0,"template":"","meta":{"site-sidebar-layout":"default","site-content-layout":"default","ast-global-header-display":"","ast-main-header-display":"","ast-hfb-above-header-display":"","ast-hfb-below-header-display":"","ast-hfb-mobile-header-display":"","site-post-title":"","ast-breadcrumbs-content":"","ast-featured-img":"","footer-sml-layout":"","theme-transparent-header-meta":"","adv-header-id-meta":"","stick-header-meta":"","header-above-stick-meta":"","header-main-stick-meta":"","header-below-stick-meta":""},"pwb-brand":[61],"product_cat":[83],"product_tag":[],"class_list":{"0":"post-11333","1":"product","2":"type-product","3":"status-publish","5":"pwb-brand-master-sport","6":"product_cat-pyoranlaakerit","7":"desktop-align-left","8":"tablet-align-left","9":"mobile-align-left","11":"first","12":"instock","13":"product-type-external"},"brands":[{"id":61,"name":"MASTER-SPORT","slug":"master-sport"}],"_links":{"self":[{"href":"https:\/\/www.autonvaraosahaku.fi\/index.php?rest_route=\/wp\/v2\/product\/11333","targetHints":{"allow":["GET"]}}],"collection":[{"href":"https:\/\/www.autonvaraosahaku.fi\/index.php?rest_route=\/wp\/v2\/product"}],"about":[{"href":"https:\/\/www.autonvaraosahaku.fi\/index.php?rest_route=\/wp\/v2\/types\/product"}],"wp:attachment":[{"href":"https:\/\/www.autonvaraosahaku.fi\/index.php?rest_route=%2Fwp%2Fv2%2Fmedia&parent=11333"}],"wp:term":[{"taxonomy":"pwb-brand","embeddable":true,"href":"https:\/\/www.autonvaraosahaku.fi\/index.php?rest_route=%2Fwp%2Fv2%2Fpwb-brand&post=11333"},{"taxonomy":"product_cat","embeddable":true,"href":"https:\/\/www.autonvaraosahaku.fi\/index.php?rest_route=%2Fwp%2Fv2%2Fproduct_cat&post=11333"},{"taxonomy":"product_tag","embeddable":true,"href":"https:\/\/www.autonvaraosahaku.fi\/index.php?rest_route=%2Fwp%2Fv2%2Fproduct_tag&post=11333"}],"curies":[{"name":"wp","href":"https:\/\/api.w.org\/{rel}","templated":true}]}}