{"id":11336,"date":"2021-02-21T14:11:24","date_gmt":"2021-02-21T14:11:24","guid":{"rendered":"https:\/\/www.autonvaraosahaku.fi\/?product=original-imperium-36366-koiranluu"},"modified":"2021-02-21T14:11:26","modified_gmt":"2021-02-21T14:11:26","slug":"original-imperium-36366-koiranluu","status":"publish","type":"product","link":"https:\/\/www.autonvaraosahaku.fi\/?product=original-imperium-36366-koiranluu","title":{"rendered":"ORIGINAL IMPERIUM 36366 Koiranluu"},"content":{"rendered":"<p>Tanko \/ tuki: Yhdystanko; Tarvittava kappalem\u00e4\u00e4r\u00e4: 2; Materiaali: Ter\u00e4s; Paino [g]: 469; Asennuspuoli: Etuakseli; Pituus (mm): 335; Rakennemalli: anche S.W.; PEUGEOT: 206 Schr\u00e4gheck 2A\/C,206 CC 2D,206 SW 2E\/K,208,206+ T3E,1007 KM_,2008,206 Stufenheck,206 Van; CITRO\u00cbN: C2 JM_,C3 I FC_,DS3,C3 II,C3 Pluriel HB_,DS3 Cabriolet,C2 ENTERPRISE,C4 CACTUS,C3 III SX; DS: DS 3,DS 3 Cabriolet; 1607323480, 508745, 508759, 508766, 508774, 96288787, 9808868280, E459713, 1607323480, 508745, 508759, 508766, 508774, 96288787, 9808868280, E459713, 1607323480, 508745, 508759, 508766, 508774, 96288787, 9808868280, E459713; Kallistuksenvakaajan Yhdystanko,Tanko, Kallistuksenvaimennin<\/p>\n","protected":false},"excerpt":{"rendered":"<p>ORIGINAL IMPERIUM Koiranluu 36366 Kallistuksenvakaajan Yhdystanko,Tanko, Kallistuksenvaimennin PEUGEOT,CITRO\u00cbN,DS,206 Schr\u00e4gheck 2A\/C,206 CC 2D<\/p>\n","protected":false},"featured_media":0,"template":"","meta":{"site-sidebar-layout":"default","site-content-layout":"default","ast-global-header-display":"","ast-main-header-display":"","ast-hfb-above-header-display":"","ast-hfb-below-header-display":"","ast-hfb-mobile-header-display":"","site-post-title":"","ast-breadcrumbs-content":"","ast-featured-img":"","footer-sml-layout":"","theme-transparent-header-meta":"","adv-header-id-meta":"","stick-header-meta":"","header-above-stick-meta":"","header-main-stick-meta":"","header-below-stick-meta":""},"pwb-brand":[72],"product_cat":[38],"product_tag":[],"class_list":{"0":"post-11336","1":"product","2":"type-product","3":"status-publish","5":"pwb-brand-original-imperium","6":"product_cat-koiranluu","7":"desktop-align-left","8":"tablet-align-left","9":"mobile-align-left","11":"first","12":"instock","13":"product-type-external"},"brands":[{"id":72,"name":"ORIGINAL IMPERIUM","slug":"original-imperium"}],"_links":{"self":[{"href":"https:\/\/www.autonvaraosahaku.fi\/index.php?rest_route=\/wp\/v2\/product\/11336","targetHints":{"allow":["GET"]}}],"collection":[{"href":"https:\/\/www.autonvaraosahaku.fi\/index.php?rest_route=\/wp\/v2\/product"}],"about":[{"href":"https:\/\/www.autonvaraosahaku.fi\/index.php?rest_route=\/wp\/v2\/types\/product"}],"wp:attachment":[{"href":"https:\/\/www.autonvaraosahaku.fi\/index.php?rest_route=%2Fwp%2Fv2%2Fmedia&parent=11336"}],"wp:term":[{"taxonomy":"pwb-brand","embeddable":true,"href":"https:\/\/www.autonvaraosahaku.fi\/index.php?rest_route=%2Fwp%2Fv2%2Fpwb-brand&post=11336"},{"taxonomy":"product_cat","embeddable":true,"href":"https:\/\/www.autonvaraosahaku.fi\/index.php?rest_route=%2Fwp%2Fv2%2Fproduct_cat&post=11336"},{"taxonomy":"product_tag","embeddable":true,"href":"https:\/\/www.autonvaraosahaku.fi\/index.php?rest_route=%2Fwp%2Fv2%2Fproduct_tag&post=11336"}],"curies":[{"name":"wp","href":"https:\/\/api.w.org\/{rel}","templated":true}]}}