{"id":11342,"date":"2021-02-21T14:11:28","date_gmt":"2021-02-21T14:11:28","guid":{"rendered":"https:\/\/www.autonvaraosahaku.fi\/?product=master-sport-3124-2-if-set-ms-raitisilmasuodatin"},"modified":"2021-02-21T14:11:28","modified_gmt":"2021-02-21T14:11:28","slug":"master-sport-3124-2-if-set-ms-raitisilmasuodatin","status":"publish","type":"product","link":"https:\/\/www.autonvaraosahaku.fi\/?product=master-sport-3124-2-if-set-ms-raitisilmasuodatin","title":{"rendered":"MASTER-SPORT 3124-2-IF-SET-MS Raitisilmasuodatin"},"content":{"rendered":"<p>M\u00e4\u00e4r\u00e4yksikk\u00f6: Sarja; Suodatintyyppi: Aktiivihiilisuodatin; Pituus (mm): 314; Leveys (mm): 163; Korkeus (mm): 30; Nettopaino [kg]: 0,56; Bruttopaino [kg]: 0,65; BMW: 7 E65, E66, E67; ALPINA: B7 E65; ROLLS-ROYCE: PHANTOM VII RR1,PHANTOM VII Coupe RR3,PHANTOM VII Drophead Coupe RR2; 64116921018, 64116921019, 64119272643, 64310146843, 64318379959; Sis\u00e4ilmansuodatin,Suodatin, Sis\u00e4ilma<\/p>\n","protected":false},"excerpt":{"rendered":"<p>MASTER-SPORT Raitisilmasuodatin 3124-2-IF-SET-MS Sis\u00e4ilmansuodatin,Suodatin, Sis\u00e4ilma BMW,ALPINA,ROLLS-ROYCE,7 E65, E66, E67,B7 E65,PHANTOM VII RR1<\/p>\n","protected":false},"featured_media":0,"template":"","meta":{"site-sidebar-layout":"default","site-content-layout":"default","ast-global-header-display":"","ast-main-header-display":"","ast-hfb-above-header-display":"","ast-hfb-below-header-display":"","ast-hfb-mobile-header-display":"","site-post-title":"","ast-breadcrumbs-content":"","ast-featured-img":"","footer-sml-layout":"","theme-transparent-header-meta":"","adv-header-id-meta":"","stick-header-meta":"","header-above-stick-meta":"","header-main-stick-meta":"","header-below-stick-meta":""},"pwb-brand":[61],"product_cat":[19],"product_tag":[],"class_list":{"0":"post-11342","1":"product","2":"type-product","3":"status-publish","5":"pwb-brand-master-sport","6":"product_cat-raitisilmasuodatin","7":"desktop-align-left","8":"tablet-align-left","9":"mobile-align-left","11":"first","12":"instock","13":"product-type-external"},"brands":[{"id":61,"name":"MASTER-SPORT","slug":"master-sport"}],"_links":{"self":[{"href":"https:\/\/www.autonvaraosahaku.fi\/index.php?rest_route=\/wp\/v2\/product\/11342","targetHints":{"allow":["GET"]}}],"collection":[{"href":"https:\/\/www.autonvaraosahaku.fi\/index.php?rest_route=\/wp\/v2\/product"}],"about":[{"href":"https:\/\/www.autonvaraosahaku.fi\/index.php?rest_route=\/wp\/v2\/types\/product"}],"wp:attachment":[{"href":"https:\/\/www.autonvaraosahaku.fi\/index.php?rest_route=%2Fwp%2Fv2%2Fmedia&parent=11342"}],"wp:term":[{"taxonomy":"pwb-brand","embeddable":true,"href":"https:\/\/www.autonvaraosahaku.fi\/index.php?rest_route=%2Fwp%2Fv2%2Fpwb-brand&post=11342"},{"taxonomy":"product_cat","embeddable":true,"href":"https:\/\/www.autonvaraosahaku.fi\/index.php?rest_route=%2Fwp%2Fv2%2Fproduct_cat&post=11342"},{"taxonomy":"product_tag","embeddable":true,"href":"https:\/\/www.autonvaraosahaku.fi\/index.php?rest_route=%2Fwp%2Fv2%2Fproduct_tag&post=11342"}],"curies":[{"name":"wp","href":"https:\/\/api.w.org\/{rel}","templated":true}]}}