{"id":11357,"date":"2021-02-21T14:11:28","date_gmt":"2021-02-21T14:11:28","guid":{"rendered":"https:\/\/www.autonvaraosahaku.fi\/?product=meyle-514-322-0000-oljynsuodatin"},"modified":"2021-02-21T14:11:30","modified_gmt":"2021-02-21T14:11:30","slug":"meyle-514-322-0000-oljynsuodatin","status":"publish","type":"product","link":"https:\/\/www.autonvaraosahaku.fi\/?product=meyle-514-322-0000-oljynsuodatin","title":{"rendered":"MEYLE 514 322 0000 \u00d6ljynsuodatin"},"content":{"rendered":"<p>Ulkol\u00e4pimitta [mm]: 76; Lis\u00e4tarvike\/lis\u00e4tieto: Tiivisteill\u00e4; Suodatintyyppi: Suodatinpanos; Korkeus (mm): 79; Sis\u00e4l\u00e4pimitta [mm]: 29; lis\u00e4tieto: ORIGINAL Quality; VOLVO: V40 Kombi VW,V70 II SW,XC90 I,V70 I LV,S60 I,V70 III BW,S80 I TS, XY,XC70 CROSS COUNTRY,S40 I VS,S80 II AS,C70 I Cabriolet,C70 I Coupe,S70 LS; 1275810, 1275811<\/p>\n","protected":false},"excerpt":{"rendered":"<p>MEYLE \u00d6ljynsuodatin 514 322 0000  VOLVO,V40 Kombi VW,V70 II SW,XC90 I,V70 I LV,S60 I,V70 III BW,S80 I TS, XY,XC70 CROSS COUNTRY,S40 I VS,S80 II AS<\/p>\n","protected":false},"featured_media":0,"template":"","meta":{"site-sidebar-layout":"default","site-content-layout":"default","ast-global-header-display":"","ast-main-header-display":"","ast-hfb-above-header-display":"","ast-hfb-below-header-display":"","ast-hfb-mobile-header-display":"","site-post-title":"","ast-breadcrumbs-content":"","ast-featured-img":"","footer-sml-layout":"","theme-transparent-header-meta":"","adv-header-id-meta":"","stick-header-meta":"","header-above-stick-meta":"","header-main-stick-meta":"","header-below-stick-meta":""},"pwb-brand":[84],"product_cat":[30],"product_tag":[],"class_list":{"0":"post-11357","1":"product","2":"type-product","3":"status-publish","5":"pwb-brand-meyle","6":"product_cat-oljynsuodatin","7":"desktop-align-left","8":"tablet-align-left","9":"mobile-align-left","11":"first","12":"instock","13":"product-type-external"},"brands":[{"id":84,"name":"MEYLE","slug":"meyle"}],"_links":{"self":[{"href":"https:\/\/www.autonvaraosahaku.fi\/index.php?rest_route=\/wp\/v2\/product\/11357","targetHints":{"allow":["GET"]}}],"collection":[{"href":"https:\/\/www.autonvaraosahaku.fi\/index.php?rest_route=\/wp\/v2\/product"}],"about":[{"href":"https:\/\/www.autonvaraosahaku.fi\/index.php?rest_route=\/wp\/v2\/types\/product"}],"wp:attachment":[{"href":"https:\/\/www.autonvaraosahaku.fi\/index.php?rest_route=%2Fwp%2Fv2%2Fmedia&parent=11357"}],"wp:term":[{"taxonomy":"pwb-brand","embeddable":true,"href":"https:\/\/www.autonvaraosahaku.fi\/index.php?rest_route=%2Fwp%2Fv2%2Fpwb-brand&post=11357"},{"taxonomy":"product_cat","embeddable":true,"href":"https:\/\/www.autonvaraosahaku.fi\/index.php?rest_route=%2Fwp%2Fv2%2Fproduct_cat&post=11357"},{"taxonomy":"product_tag","embeddable":true,"href":"https:\/\/www.autonvaraosahaku.fi\/index.php?rest_route=%2Fwp%2Fv2%2Fproduct_tag&post=11357"}],"curies":[{"name":"wp","href":"https:\/\/api.w.org\/{rel}","templated":true}]}}