{"id":11377,"date":"2021-02-21T14:11:32","date_gmt":"2021-02-21T14:11:32","guid":{"rendered":"https:\/\/www.autonvaraosahaku.fi\/?product=meyle-029-400-1610-pyyhkijansulat"},"modified":"2021-02-21T14:11:34","modified_gmt":"2021-02-21T14:11:34","slug":"meyle-029-400-1610-pyyhkijansulat","status":"publish","type":"product","link":"https:\/\/www.autonvaraosahaku.fi\/?product=meyle-029-400-1610-pyyhkijansulat","title":{"rendered":"MEYLE 029 400 1610 Pyyhkij\u00e4nsulat"},"content":{"rendered":"<p>Asennuspuoli: Takana; Pituus (mm): 400; Pituus (tuumaa): 16; Pyyhkij\u00e4nsulkatyyppi: Pyyhkij\u00e4nsulka,perinteinen runko; Varusteet: f\u00fcr Fahrzeuge mit Heckt\u00fcren; NISSAN: MICRA III K12,MICRA II K11,PRIMERA Kombi WP12,PRIMASTAR Bus X83,PRIMASTAR Kasten X83,KUBISTAR Kasten X80; HONDA: ACCORD VI CG, CK,ACCORD VI Hatchback CH; VOLVO: C30; ROVER: 25 RF,STREETWISE; OPEL: CORSA C F08, F68,MERIVA,ZAFIRA A F75_,ASTRA G CC F48_, F08_,MERIVA B,VIVARO Kasten F7,ASTRA G Coupe F07_,COMBO Kasten\/Kombi,ASTRA G Stufenheck F69_,VIVARO Combi J7,COMBO Tour,CORSA C Kasten F08, W5L,VIVARO Combi,VIVARO Kasten; CHRYSLER: GRAND VOYAGER V RT; DACIA: SANDERO; FIAT: TALENTO Kasten 296_,TALENTO Bus 296_; CITRO\u00cbN: XSARA PICASSO N68,C5 I DC_,XSARA Break N2; PEUGEOT: 306 Schr\u00e4gheck 7A, 7C, N3, N5,306 Van N_, 7_; Tuulilasinpyyhkimet,Pyyhkij\u00e4t,Pyyhkij\u00e4nsulka<\/p>\n","protected":false},"excerpt":{"rendered":"<p>MEYLE Pyyhkij\u00e4nsulat 029 400 1610 Tuulilasinpyyhkimet,Pyyhkij\u00e4t NISSAN,HONDA,VOLVO,MICRA III K12,MICRA II K11,PRIMERA Kombi WP12,PRIMASTAR Bus X83<\/p>\n","protected":false},"featured_media":0,"template":"","meta":{"site-sidebar-layout":"default","site-content-layout":"default","ast-global-header-display":"","ast-main-header-display":"","ast-hfb-above-header-display":"","ast-hfb-below-header-display":"","ast-hfb-mobile-header-display":"","site-post-title":"","ast-breadcrumbs-content":"","ast-featured-img":"","footer-sml-layout":"","theme-transparent-header-meta":"","adv-header-id-meta":"","stick-header-meta":"","header-above-stick-meta":"","header-main-stick-meta":"","header-below-stick-meta":""},"pwb-brand":[84],"product_cat":[33],"product_tag":[],"class_list":{"0":"post-11377","1":"product","2":"type-product","3":"status-publish","5":"pwb-brand-meyle","6":"product_cat-pyyhkijansulat","7":"desktop-align-left","8":"tablet-align-left","9":"mobile-align-left","11":"first","12":"instock","13":"product-type-external"},"brands":[{"id":84,"name":"MEYLE","slug":"meyle"}],"_links":{"self":[{"href":"https:\/\/www.autonvaraosahaku.fi\/index.php?rest_route=\/wp\/v2\/product\/11377","targetHints":{"allow":["GET"]}}],"collection":[{"href":"https:\/\/www.autonvaraosahaku.fi\/index.php?rest_route=\/wp\/v2\/product"}],"about":[{"href":"https:\/\/www.autonvaraosahaku.fi\/index.php?rest_route=\/wp\/v2\/types\/product"}],"wp:attachment":[{"href":"https:\/\/www.autonvaraosahaku.fi\/index.php?rest_route=%2Fwp%2Fv2%2Fmedia&parent=11377"}],"wp:term":[{"taxonomy":"pwb-brand","embeddable":true,"href":"https:\/\/www.autonvaraosahaku.fi\/index.php?rest_route=%2Fwp%2Fv2%2Fpwb-brand&post=11377"},{"taxonomy":"product_cat","embeddable":true,"href":"https:\/\/www.autonvaraosahaku.fi\/index.php?rest_route=%2Fwp%2Fv2%2Fproduct_cat&post=11377"},{"taxonomy":"product_tag","embeddable":true,"href":"https:\/\/www.autonvaraosahaku.fi\/index.php?rest_route=%2Fwp%2Fv2%2Fproduct_tag&post=11377"}],"curies":[{"name":"wp","href":"https:\/\/api.w.org\/{rel}","templated":true}]}}