{"id":11405,"date":"2021-02-21T14:11:39","date_gmt":"2021-02-21T14:11:39","guid":{"rendered":"https:\/\/www.autonvaraosahaku.fi\/?product=metzger-2220075-pissapojan-pumppu"},"modified":"2021-02-21T14:11:40","modified_gmt":"2021-02-21T14:11:40","slug":"metzger-2220075-pissapojan-pumppu","status":"publish","type":"product","link":"https:\/\/www.autonvaraosahaku.fi\/?product=metzger-2220075-pissapojan-pumppu","title":{"rendered":"METZGER 2220075 Pissapojan pumppu"},"content":{"rendered":"<p>Asennuspuoli: Edess\u00e4; Korvaava tuote\/korvaava tiedote 2: tuulilasinpuhdistukseen; Pumpputyyppi: Pumppu, (monopumppu); J\u00e4nnite (V): 12; Napojen m\u00e4\u00e4r\u00e4: 2; Valmistusmaa: Frankreich; TOYOTA: YARIS SCP9_, NSP9_, KSP9_, NCP9_, ZSP9_; 853300D050; Pesurin Pumppu,Lasinpesurin Pumppu,Pesunestepumppu, Lasinpesu<\/p>\n","protected":false},"excerpt":{"rendered":"<p>METZGER Pissapojan Pumppu 2220075 Pesurin Pumppu,Lasinpesurin Pumppu TOYOTA,YARIS SCP9_, NSP9_, KSP9_, NCP9_, ZSP9_<\/p>\n","protected":false},"featured_media":0,"template":"","meta":{"site-sidebar-layout":"default","site-content-layout":"default","ast-global-header-display":"","ast-main-header-display":"","ast-hfb-above-header-display":"","ast-hfb-below-header-display":"","ast-hfb-mobile-header-display":"","site-post-title":"","ast-breadcrumbs-content":"","ast-featured-img":"","footer-sml-layout":"","theme-transparent-header-meta":"","adv-header-id-meta":"","stick-header-meta":"","header-above-stick-meta":"","header-main-stick-meta":"","header-below-stick-meta":""},"pwb-brand":[69],"product_cat":[182],"product_tag":[],"class_list":{"0":"post-11405","1":"product","2":"type-product","3":"status-publish","5":"pwb-brand-metzger","6":"product_cat-pissapojan-pumppu","7":"desktop-align-left","8":"tablet-align-left","9":"mobile-align-left","11":"first","12":"instock","13":"product-type-external"},"brands":[{"id":69,"name":"METZGER","slug":"metzger"}],"_links":{"self":[{"href":"https:\/\/www.autonvaraosahaku.fi\/index.php?rest_route=\/wp\/v2\/product\/11405","targetHints":{"allow":["GET"]}}],"collection":[{"href":"https:\/\/www.autonvaraosahaku.fi\/index.php?rest_route=\/wp\/v2\/product"}],"about":[{"href":"https:\/\/www.autonvaraosahaku.fi\/index.php?rest_route=\/wp\/v2\/types\/product"}],"wp:attachment":[{"href":"https:\/\/www.autonvaraosahaku.fi\/index.php?rest_route=%2Fwp%2Fv2%2Fmedia&parent=11405"}],"wp:term":[{"taxonomy":"pwb-brand","embeddable":true,"href":"https:\/\/www.autonvaraosahaku.fi\/index.php?rest_route=%2Fwp%2Fv2%2Fpwb-brand&post=11405"},{"taxonomy":"product_cat","embeddable":true,"href":"https:\/\/www.autonvaraosahaku.fi\/index.php?rest_route=%2Fwp%2Fv2%2Fproduct_cat&post=11405"},{"taxonomy":"product_tag","embeddable":true,"href":"https:\/\/www.autonvaraosahaku.fi\/index.php?rest_route=%2Fwp%2Fv2%2Fproduct_tag&post=11405"}],"curies":[{"name":"wp","href":"https:\/\/api.w.org\/{rel}","templated":true}]}}