{"id":11412,"date":"2021-02-21T14:11:39","date_gmt":"2021-02-21T14:11:39","guid":{"rendered":"https:\/\/www.autonvaraosahaku.fi\/?product=stabilus-5754pr-muut-luokat"},"modified":"2021-02-21T14:11:40","modified_gmt":"2021-02-21T14:11:40","slug":"stabilus-5754pr-muut-luokat","status":"publish","type":"product","link":"https:\/\/www.autonvaraosahaku.fi\/?product=stabilus-5754pr-muut-luokat","title":{"rendered":"STABILUS 5754PR Muut luokat"},"content":{"rendered":"<p>Vetovoima [N]: 10; Ty\u00f6nt\u00f6voima [N]: 200; Pituus (mm): 218,5; Isku (mm): 82,5; lis\u00e4tieto: \/\/  STAB-O-SHOC\u00ae; Tarvittava kappalem\u00e4\u00e4r\u00e4: 1; MINI: MINI R50, R53,MINI Cabriolet R52; 11287509476, 11288620210, 7509476, 8620210<\/p>\n","protected":false},"excerpt":{"rendered":"<p>STABILUS V\u00e4rin\u00e4nvaimennin, Moniurahihna 5754PR  MINI,MINI R50, R53,MINI Cabriolet R52<\/p>\n","protected":false},"featured_media":0,"template":"","meta":{"site-sidebar-layout":"default","site-content-layout":"default","ast-global-header-display":"","ast-main-header-display":"","ast-hfb-above-header-display":"","ast-hfb-below-header-display":"","ast-hfb-mobile-header-display":"","site-post-title":"","ast-breadcrumbs-content":"","ast-featured-img":"","footer-sml-layout":"","theme-transparent-header-meta":"","adv-header-id-meta":"","stick-header-meta":"","header-above-stick-meta":"","header-main-stick-meta":"","header-below-stick-meta":""},"pwb-brand":[218],"product_cat":[37],"product_tag":[],"class_list":{"0":"post-11412","1":"product","2":"type-product","3":"status-publish","5":"pwb-brand-stabilus","6":"product_cat-muut-luokat","7":"desktop-align-left","8":"tablet-align-left","9":"mobile-align-left","11":"first","12":"instock","13":"product-type-external"},"brands":[{"id":218,"name":"STABILUS","slug":"stabilus"}],"_links":{"self":[{"href":"https:\/\/www.autonvaraosahaku.fi\/index.php?rest_route=\/wp\/v2\/product\/11412","targetHints":{"allow":["GET"]}}],"collection":[{"href":"https:\/\/www.autonvaraosahaku.fi\/index.php?rest_route=\/wp\/v2\/product"}],"about":[{"href":"https:\/\/www.autonvaraosahaku.fi\/index.php?rest_route=\/wp\/v2\/types\/product"}],"wp:attachment":[{"href":"https:\/\/www.autonvaraosahaku.fi\/index.php?rest_route=%2Fwp%2Fv2%2Fmedia&parent=11412"}],"wp:term":[{"taxonomy":"pwb-brand","embeddable":true,"href":"https:\/\/www.autonvaraosahaku.fi\/index.php?rest_route=%2Fwp%2Fv2%2Fpwb-brand&post=11412"},{"taxonomy":"product_cat","embeddable":true,"href":"https:\/\/www.autonvaraosahaku.fi\/index.php?rest_route=%2Fwp%2Fv2%2Fproduct_cat&post=11412"},{"taxonomy":"product_tag","embeddable":true,"href":"https:\/\/www.autonvaraosahaku.fi\/index.php?rest_route=%2Fwp%2Fv2%2Fproduct_tag&post=11412"}],"curies":[{"name":"wp","href":"https:\/\/api.w.org\/{rel}","templated":true}]}}