{"id":11423,"date":"2021-02-21T14:11:42","date_gmt":"2021-02-21T14:11:42","guid":{"rendered":"https:\/\/www.autonvaraosahaku.fi\/?product=amio-01219-pyyhkijansulat"},"modified":"2021-02-21T14:11:43","modified_gmt":"2021-02-21T14:11:43","slug":"amio-01219-pyyhkijansulat","status":"publish","type":"product","link":"https:\/\/www.autonvaraosahaku.fi\/?product=amio-01219-pyyhkijansulat","title":{"rendered":"AMiO 01219 Pyyhkij\u00e4nsulat"},"content":{"rendered":"<p>Pituus pyyhkij\u00e4n sulka [mm]: 700, 650; Asennuspuoli: Tuulilasi; Pyyhkij\u00e4nsulkatyyppi: Pyyhkij\u00e4nsulka,perinteinen runko; M\u00e4\u00e4r\u00e4: 1; M\u00e4\u00e4r\u00e4yksikk\u00f6: Pari; Muoto: \u0434\u0443\u0433\u043e\u043e\u0431\u0440\u0430\u0437\u043d\u044b\u0439; FORD: S-MAX WA6,GALAXY WA6; CITRO\u00cbN: C4 II B7,DS4,DS5; PEUGEOT: 308 SW,308 4A_, 4C_,308 CC; Tuulilasinpyyhkimet,Pyyhkij\u00e4t,Pyyhkij\u00e4nsulka<\/p>\n","protected":false},"excerpt":{"rendered":"<p>AMiO Pyyhkij\u00e4nsulat 01219 Tuulilasinpyyhkimet,Pyyhkij\u00e4t FORD,CITRO\u00cbN,PEUGEOT,S-MAX WA6,GALAXY WA6,C4 II B7,DS4,DS5,308 SW,308 4A_, 4C_,308 CC<\/p>\n","protected":false},"featured_media":0,"template":"","meta":{"site-sidebar-layout":"default","site-content-layout":"default","ast-global-header-display":"","ast-main-header-display":"","ast-hfb-above-header-display":"","ast-hfb-below-header-display":"","ast-hfb-mobile-header-display":"","site-post-title":"","ast-breadcrumbs-content":"","ast-featured-img":"","footer-sml-layout":"","theme-transparent-header-meta":"","adv-header-id-meta":"","stick-header-meta":"","header-above-stick-meta":"","header-main-stick-meta":"","header-below-stick-meta":""},"pwb-brand":[161],"product_cat":[33],"product_tag":[],"class_list":{"0":"post-11423","1":"product","2":"type-product","3":"status-publish","5":"pwb-brand-amio","6":"product_cat-pyyhkijansulat","7":"desktop-align-left","8":"tablet-align-left","9":"mobile-align-left","11":"first","12":"instock","13":"product-type-external"},"brands":[{"id":161,"name":"AMiO","slug":"amio"}],"_links":{"self":[{"href":"https:\/\/www.autonvaraosahaku.fi\/index.php?rest_route=\/wp\/v2\/product\/11423","targetHints":{"allow":["GET"]}}],"collection":[{"href":"https:\/\/www.autonvaraosahaku.fi\/index.php?rest_route=\/wp\/v2\/product"}],"about":[{"href":"https:\/\/www.autonvaraosahaku.fi\/index.php?rest_route=\/wp\/v2\/types\/product"}],"wp:attachment":[{"href":"https:\/\/www.autonvaraosahaku.fi\/index.php?rest_route=%2Fwp%2Fv2%2Fmedia&parent=11423"}],"wp:term":[{"taxonomy":"pwb-brand","embeddable":true,"href":"https:\/\/www.autonvaraosahaku.fi\/index.php?rest_route=%2Fwp%2Fv2%2Fpwb-brand&post=11423"},{"taxonomy":"product_cat","embeddable":true,"href":"https:\/\/www.autonvaraosahaku.fi\/index.php?rest_route=%2Fwp%2Fv2%2Fproduct_cat&post=11423"},{"taxonomy":"product_tag","embeddable":true,"href":"https:\/\/www.autonvaraosahaku.fi\/index.php?rest_route=%2Fwp%2Fv2%2Fproduct_tag&post=11423"}],"curies":[{"name":"wp","href":"https:\/\/api.w.org\/{rel}","templated":true}]}}