{"id":11453,"date":"2021-02-21T14:11:46","date_gmt":"2021-02-21T14:11:46","guid":{"rendered":"https:\/\/www.autonvaraosahaku.fi\/?product=febi-bilstein-16912-jarrupalat"},"modified":"2021-02-21T14:11:47","modified_gmt":"2021-02-21T14:11:47","slug":"febi-bilstein-16912-jarrupalat","status":"publish","type":"product","link":"https:\/\/www.autonvaraosahaku.fi\/?product=febi-bilstein-16912-jarrupalat","title":{"rendered":"FEBI BILSTEIN 16912 Jarrupalat"},"content":{"rendered":"<p>Pituus (mm): 104,2; Tarkistuskilpi: ECE R90 Approved; Asennuspuoli: Taka-akseli; Korkeus (mm): 51,9; Paksuus 1 [mm]: 17,5; Paino [kg]: 1,079; M\u00e4\u00e4r\u00e4yksikk\u00f6: Akselisarja; Moottorinumero: CUVA; VW: GOLF VII 5G1, BE1,PASSAT A32,CADDY IV Kombi SAB, SAJ,POLO AW1, BZ1,CADDY IV Kasten SAA, SAH,CADDY ALLTRACK Kasten SAA,CADDY ALLTRACK Kombi SAB; AUDI: Q3 8U,A1 8X1, 8XF,A1 Sportback 8XA, 8XK; SKODA: OCTAVIA Combi 5E5,OCTAVIA 5E3; SEAT: LEON 5F1,LEON ST 5F8,ALHAMBRA 710, 711,LEON SC 5F5; 2K5698451B, 2Q0698451A, 5Q0698451B, 5Q0698451F, 5Q0698451L, 7N0698451A, 8U0698451F, 5Q0698451B, 5Q0698451F, 5Q0698451L, 7N0698451A, 8U0698451F, 5Q0698451B, 5Q0698451F, 5Q0698451L, 7N0698451A, 8U0698451F, 2K5698451A, 2K5698451B, 2Q0698451A, 5Q0698451, 5Q0698451B, 5Q0698451F, 5Q0698451L, 7N0698451A, 8U0698451F; Jarrupalasarja,Jarrupala, Levyjarru<\/p>\n","protected":false},"excerpt":{"rendered":"<p>FEBI BILSTEIN Jarrupalat 16912 Jarrupalasarja,Jarrupala, Levyjarru VW,AUDI,SKODA,GOLF VII 5G1, BE1,PASSAT A32,CADDY IV Kombi SAB, SAJ,POLO AW1, BZ1<\/p>\n","protected":false},"featured_media":0,"template":"","meta":{"site-sidebar-layout":"default","site-content-layout":"default","ast-global-header-display":"","ast-main-header-display":"","ast-hfb-above-header-display":"","ast-hfb-below-header-display":"","ast-hfb-mobile-header-display":"","site-post-title":"","ast-breadcrumbs-content":"","ast-featured-img":"","footer-sml-layout":"","theme-transparent-header-meta":"","adv-header-id-meta":"","stick-header-meta":"","header-above-stick-meta":"","header-main-stick-meta":"","header-below-stick-meta":""},"pwb-brand":[50],"product_cat":[100],"product_tag":[],"class_list":{"0":"post-11453","1":"product","2":"type-product","3":"status-publish","5":"pwb-brand-febi-bilstein","6":"product_cat-jarrupalat","7":"desktop-align-left","8":"tablet-align-left","9":"mobile-align-left","11":"first","12":"instock","13":"product-type-external"},"brands":[{"id":50,"name":"FEBI BILSTEIN","slug":"febi-bilstein"}],"_links":{"self":[{"href":"https:\/\/www.autonvaraosahaku.fi\/index.php?rest_route=\/wp\/v2\/product\/11453","targetHints":{"allow":["GET"]}}],"collection":[{"href":"https:\/\/www.autonvaraosahaku.fi\/index.php?rest_route=\/wp\/v2\/product"}],"about":[{"href":"https:\/\/www.autonvaraosahaku.fi\/index.php?rest_route=\/wp\/v2\/types\/product"}],"wp:attachment":[{"href":"https:\/\/www.autonvaraosahaku.fi\/index.php?rest_route=%2Fwp%2Fv2%2Fmedia&parent=11453"}],"wp:term":[{"taxonomy":"pwb-brand","embeddable":true,"href":"https:\/\/www.autonvaraosahaku.fi\/index.php?rest_route=%2Fwp%2Fv2%2Fpwb-brand&post=11453"},{"taxonomy":"product_cat","embeddable":true,"href":"https:\/\/www.autonvaraosahaku.fi\/index.php?rest_route=%2Fwp%2Fv2%2Fproduct_cat&post=11453"},{"taxonomy":"product_tag","embeddable":true,"href":"https:\/\/www.autonvaraosahaku.fi\/index.php?rest_route=%2Fwp%2Fv2%2Fproduct_tag&post=11453"}],"curies":[{"name":"wp","href":"https:\/\/api.w.org\/{rel}","templated":true}]}}