{"id":11457,"date":"2021-02-21T14:11:46","date_gmt":"2021-02-21T14:11:46","guid":{"rendered":"https:\/\/www.autonvaraosahaku.fi\/?product=jp-group-1252200300-jouset"},"modified":"2021-02-21T14:11:48","modified_gmt":"2021-02-21T14:11:48","slug":"jp-group-1252200300-jouset","status":"publish","type":"product","link":"https:\/\/www.autonvaraosahaku.fi\/?product=jp-group-1252200300-jouset","title":{"rendered":"JP GROUP 1252200300 Jouset"},"content":{"rendered":"<p>Asennuspuoli: Taka-akseli; Jousimalli: Kierrejousi kiinte\u00e4ll\u00e4 lankal\u00e4pimitalla; Paksuus [mm]: 10,75; Ulkol\u00e4pimitta [mm]: 138, 138; Pituus (mm): 297, 297; Alustarakenne: f\u00fcr Fahrzeuge ohne Sportfahrwerk; OPEL: ASTRA G CC F48_, F08_,ASTRA G Stufenheck F69_; VAUXHALL: ASTRA Mk IV G CC,ASTRA Mk IV G Sedan; 0424029, 424029; Kierrejousi<\/p>\n","protected":false},"excerpt":{"rendered":"<p>JP GROUP Jousi JP Group 1252200300 Kierrejousi OPEL,VAUXHALL,ASTRA G CC F48_, F08_,ASTRA G Stufenheck F69_,ASTRA Mk IV G CC,ASTRA Mk IV G Sedan<\/p>\n","protected":false},"featured_media":0,"template":"","meta":{"site-sidebar-layout":"default","site-content-layout":"default","ast-global-header-display":"","ast-main-header-display":"","ast-hfb-above-header-display":"","ast-hfb-below-header-display":"","ast-hfb-mobile-header-display":"","site-post-title":"","ast-breadcrumbs-content":"","ast-featured-img":"","footer-sml-layout":"","theme-transparent-header-meta":"","adv-header-id-meta":"","stick-header-meta":"","header-above-stick-meta":"","header-main-stick-meta":"","header-below-stick-meta":""},"pwb-brand":[131],"product_cat":[171],"product_tag":[],"class_list":{"0":"post-11457","1":"product","2":"type-product","3":"status-publish","5":"pwb-brand-jp-group","6":"product_cat-jouset","7":"desktop-align-left","8":"tablet-align-left","9":"mobile-align-left","11":"first","12":"instock","13":"product-type-external"},"brands":[{"id":131,"name":"JP GROUP","slug":"jp-group"}],"_links":{"self":[{"href":"https:\/\/www.autonvaraosahaku.fi\/index.php?rest_route=\/wp\/v2\/product\/11457","targetHints":{"allow":["GET"]}}],"collection":[{"href":"https:\/\/www.autonvaraosahaku.fi\/index.php?rest_route=\/wp\/v2\/product"}],"about":[{"href":"https:\/\/www.autonvaraosahaku.fi\/index.php?rest_route=\/wp\/v2\/types\/product"}],"wp:attachment":[{"href":"https:\/\/www.autonvaraosahaku.fi\/index.php?rest_route=%2Fwp%2Fv2%2Fmedia&parent=11457"}],"wp:term":[{"taxonomy":"pwb-brand","embeddable":true,"href":"https:\/\/www.autonvaraosahaku.fi\/index.php?rest_route=%2Fwp%2Fv2%2Fpwb-brand&post=11457"},{"taxonomy":"product_cat","embeddable":true,"href":"https:\/\/www.autonvaraosahaku.fi\/index.php?rest_route=%2Fwp%2Fv2%2Fproduct_cat&post=11457"},{"taxonomy":"product_tag","embeddable":true,"href":"https:\/\/www.autonvaraosahaku.fi\/index.php?rest_route=%2Fwp%2Fv2%2Fproduct_tag&post=11457"}],"curies":[{"name":"wp","href":"https:\/\/api.w.org\/{rel}","templated":true}]}}