{"id":11463,"date":"2021-02-21T14:11:49","date_gmt":"2021-02-21T14:11:49","guid":{"rendered":"https:\/\/www.autonvaraosahaku.fi\/?product=meyle-216-010-4072-alapallonivel"},"modified":"2021-02-21T14:11:50","modified_gmt":"2021-02-21T14:11:50","slug":"meyle-216-010-4072-alapallonivel","status":"publish","type":"product","link":"https:\/\/www.autonvaraosahaku.fi\/?product=meyle-216-010-4072-alapallonivel","title":{"rendered":"MEYLE 216 010 4072 Alapallonivel"},"content":{"rendered":"<p>Asennuspuoli: Yl\u00e4puolella, Etuakseli, oikea, Etuakseli, vasen; Ulkol\u00e4pimitta [mm]: 48; Kierre 1: M18x1,5; kierre 2: M20x1,5; lis\u00e4tieto: ORIGINAL Quality; Jousitusmalli: f\u00fcr Fahrzeuge mit Drehstabfederung; IVECO: DAILY IV Kasten\/Kombi,DAILY III Pritsche\/Fahrgestell,DAILY III Kasten\/Kombi,DAILY IV Pritsche\/Fahrgestell,DAILY II Pritsche\/Fahrgestell,DAILY V Kasten\/Kombi,DAILY II Kasten\/Kombi,DAILY I Pritsche\/Fahrgestell,DAILY V Pritsche\/Fahrgestell,DAILY IV Bus,DAILY IV Kipper,DAILY II Bus,DAILY I Kasten\/Kombi,DAILY II Kipper,DAILY V Kipper,DAILY VI Kasten\/Kombi,DAILY III Bus,DAILY VI Pritsche\/Fahrgestell; 93802242, 93804061, 93807320, 93807542, 93807545, 503476406, 93802242, 93807320, 93807545, 360828; Pallonivel<\/p>\n","protected":false},"excerpt":{"rendered":"<p>MEYLE Alapallonivel 216 010 4072 Pallonivel IVECO,DAILY IV Kasten\/Kombi,DAILY III Pritsche\/Fahrgestell,DAILY III Kasten\/Kombi<\/p>\n","protected":false},"featured_media":0,"template":"","meta":{"site-sidebar-layout":"default","site-content-layout":"default","ast-global-header-display":"","ast-main-header-display":"","ast-hfb-above-header-display":"","ast-hfb-below-header-display":"","ast-hfb-mobile-header-display":"","site-post-title":"","ast-breadcrumbs-content":"","ast-featured-img":"","footer-sml-layout":"","theme-transparent-header-meta":"","adv-header-id-meta":"","stick-header-meta":"","header-above-stick-meta":"","header-main-stick-meta":"","header-below-stick-meta":""},"pwb-brand":[84],"product_cat":[93],"product_tag":[],"class_list":{"0":"post-11463","1":"product","2":"type-product","3":"status-publish","5":"pwb-brand-meyle","6":"product_cat-alapallonivel","7":"desktop-align-left","8":"tablet-align-left","9":"mobile-align-left","11":"first","12":"instock","13":"product-type-external"},"brands":[{"id":84,"name":"MEYLE","slug":"meyle"}],"_links":{"self":[{"href":"https:\/\/www.autonvaraosahaku.fi\/index.php?rest_route=\/wp\/v2\/product\/11463","targetHints":{"allow":["GET"]}}],"collection":[{"href":"https:\/\/www.autonvaraosahaku.fi\/index.php?rest_route=\/wp\/v2\/product"}],"about":[{"href":"https:\/\/www.autonvaraosahaku.fi\/index.php?rest_route=\/wp\/v2\/types\/product"}],"wp:attachment":[{"href":"https:\/\/www.autonvaraosahaku.fi\/index.php?rest_route=%2Fwp%2Fv2%2Fmedia&parent=11463"}],"wp:term":[{"taxonomy":"pwb-brand","embeddable":true,"href":"https:\/\/www.autonvaraosahaku.fi\/index.php?rest_route=%2Fwp%2Fv2%2Fpwb-brand&post=11463"},{"taxonomy":"product_cat","embeddable":true,"href":"https:\/\/www.autonvaraosahaku.fi\/index.php?rest_route=%2Fwp%2Fv2%2Fproduct_cat&post=11463"},{"taxonomy":"product_tag","embeddable":true,"href":"https:\/\/www.autonvaraosahaku.fi\/index.php?rest_route=%2Fwp%2Fv2%2Fproduct_tag&post=11463"}],"curies":[{"name":"wp","href":"https:\/\/api.w.org\/{rel}","templated":true}]}}