{"id":11470,"date":"2021-02-21T14:11:49","date_gmt":"2021-02-21T14:11:49","guid":{"rendered":"https:\/\/www.autonvaraosahaku.fi\/?product=master-sport-23039-pcs-ms-koiranluu"},"modified":"2021-02-21T14:11:51","modified_gmt":"2021-02-21T14:11:51","slug":"master-sport-23039-pcs-ms-koiranluu","status":"publish","type":"product","link":"https:\/\/www.autonvaraosahaku.fi\/?product=master-sport-23039-pcs-ms-koiranluu","title":{"rendered":"MASTER-SPORT 23039-PCS-MS Koiranluu"},"content":{"rendered":"<p>Pituus (mm): 104; Ulkokierre [mm]: M10x1,25; Tanko \/ tuki: Heilurintanko; parilliset tuotenumerot: 24938-PCS-MS; Lukum\u00e4\u00e4r\u00e4 akselille: 1; Nettopaino [kg]: 0,28; Bruttopaino [kg]: 0,28; Asennuspuoli: Vorderachse; MAZDA: MX-5 II NB,323 F VI BJ,RX 8 SE17,626 V Hatchback GF,626 V GF,626 V Station Wagon GW,323 P V BA,626 IV Hatchback GE,FAMILIA VI BJ,XEDOS 6 CA,626 IV GE,FAMILIA V BA,FAMILIA V BG8,MX-6 GE; FORD USA: PROBE II ECP; 3410592, GA2A34170A, 3410592, GA2A34170A, F18934170, GA2A34170, GA2A34170A; Kallistuksenvakaajan Yhdystanko,Tanko, Kallistuksenvaimennin<\/p>\n","protected":false},"excerpt":{"rendered":"<p>MASTER-SPORT Koiranluu 23039-PCS-MS Kallistuksenvakaajan Yhdystanko,Tanko, Kallistuksenvaimennin MAZDA,FORD USA,MX-5 II NB,323 F VI BJ,RX 8 SE17<\/p>\n","protected":false},"featured_media":0,"template":"","meta":{"site-sidebar-layout":"default","site-content-layout":"default","ast-global-header-display":"","ast-main-header-display":"","ast-hfb-above-header-display":"","ast-hfb-below-header-display":"","ast-hfb-mobile-header-display":"","site-post-title":"","ast-breadcrumbs-content":"","ast-featured-img":"","footer-sml-layout":"","theme-transparent-header-meta":"","adv-header-id-meta":"","stick-header-meta":"","header-above-stick-meta":"","header-main-stick-meta":"","header-below-stick-meta":""},"pwb-brand":[61],"product_cat":[38],"product_tag":[],"class_list":{"0":"post-11470","1":"product","2":"type-product","3":"status-publish","5":"pwb-brand-master-sport","6":"product_cat-koiranluu","7":"desktop-align-left","8":"tablet-align-left","9":"mobile-align-left","11":"first","12":"instock","13":"product-type-external"},"brands":[{"id":61,"name":"MASTER-SPORT","slug":"master-sport"}],"_links":{"self":[{"href":"https:\/\/www.autonvaraosahaku.fi\/index.php?rest_route=\/wp\/v2\/product\/11470","targetHints":{"allow":["GET"]}}],"collection":[{"href":"https:\/\/www.autonvaraosahaku.fi\/index.php?rest_route=\/wp\/v2\/product"}],"about":[{"href":"https:\/\/www.autonvaraosahaku.fi\/index.php?rest_route=\/wp\/v2\/types\/product"}],"wp:attachment":[{"href":"https:\/\/www.autonvaraosahaku.fi\/index.php?rest_route=%2Fwp%2Fv2%2Fmedia&parent=11470"}],"wp:term":[{"taxonomy":"pwb-brand","embeddable":true,"href":"https:\/\/www.autonvaraosahaku.fi\/index.php?rest_route=%2Fwp%2Fv2%2Fpwb-brand&post=11470"},{"taxonomy":"product_cat","embeddable":true,"href":"https:\/\/www.autonvaraosahaku.fi\/index.php?rest_route=%2Fwp%2Fv2%2Fproduct_cat&post=11470"},{"taxonomy":"product_tag","embeddable":true,"href":"https:\/\/www.autonvaraosahaku.fi\/index.php?rest_route=%2Fwp%2Fv2%2Fproduct_tag&post=11470"}],"curies":[{"name":"wp","href":"https:\/\/api.w.org\/{rel}","templated":true}]}}