{"id":11474,"date":"2021-02-21T14:11:49","date_gmt":"2021-02-21T14:11:49","guid":{"rendered":"https:\/\/www.autonvaraosahaku.fi\/?product=topran-501-208-kytkin-paasylinteri"},"modified":"2021-02-21T14:11:51","modified_gmt":"2021-02-21T14:11:51","slug":"topran-501-208-kytkin-paasylinteri","status":"publish","type":"product","link":"https:\/\/www.autonvaraosahaku.fi\/?product=topran-501-208-kytkin-paasylinteri","title":{"rendered":"TOPRAN 501 208 Kytkin p\u00e4\u00e4sylinteri"},"content":{"rendered":"<p>Sylinterim\u00e4nn\u00e4n halkaisija [mm]: 19,05; Huomioi j\u00e4rjestelm\u00e4-t\u00e4ytt\u00f6m\u00e4\u00e4r\u00e4: ; Moottorinumero: 520iM52; BMW: 3 E46,3 Touring E91,3 E90,5 E39,1 E87,3 Touring E46,X3 E83,5 Touring E39,3 Compact E46,3 Coupe E46,X1 E84,1 E81,1 F20,X5 E53,3 Coupe E92,3 Touring F31,3 Cabriolet E46,3 F30, F35, F80,Z4 E85,3 Cabriolet E93,1 F21,1 Cabriolet E88,1 Coupe E82,3 Gran Turismo F34,4 Coupe F32, F82,Z4 Coupe E86,2 Coupe F22,4 Cabriolet F33, F83,4 Gran Coupe F36,2 Cabriolet F23; 21521163899, 21526752146, 21526756747, 21526758822, 21526773670, 21526879477; P\u00e4\u00e4sylinteri, Kytkin<\/p>\n","protected":false},"excerpt":{"rendered":"<p>TOPRAN Kytkin P\u00e4\u00e4sylinteri 501 208 P\u00e4\u00e4sylinteri, Kytkin BMW,3 E46,3 Touring E91,3 E90,5 E39,1 E87,3 Touring E46,X3 E83,5 Touring E39,3 Compact E46<\/p>\n","protected":false},"featured_media":0,"template":"","meta":{"site-sidebar-layout":"default","site-content-layout":"default","ast-global-header-display":"","ast-main-header-display":"","ast-hfb-above-header-display":"","ast-hfb-below-header-display":"","ast-hfb-mobile-header-display":"","site-post-title":"","ast-breadcrumbs-content":"","ast-featured-img":"","footer-sml-layout":"","theme-transparent-header-meta":"","adv-header-id-meta":"","stick-header-meta":"","header-above-stick-meta":"","header-main-stick-meta":"","header-below-stick-meta":""},"pwb-brand":[18],"product_cat":[239],"product_tag":[],"class_list":{"0":"post-11474","1":"product","2":"type-product","3":"status-publish","5":"pwb-brand-topran","6":"product_cat-kytkin-paasylinteri","7":"desktop-align-left","8":"tablet-align-left","9":"mobile-align-left","11":"first","12":"instock","13":"product-type-external"},"brands":[{"id":18,"name":"TOPRAN","slug":"topran"}],"_links":{"self":[{"href":"https:\/\/www.autonvaraosahaku.fi\/index.php?rest_route=\/wp\/v2\/product\/11474","targetHints":{"allow":["GET"]}}],"collection":[{"href":"https:\/\/www.autonvaraosahaku.fi\/index.php?rest_route=\/wp\/v2\/product"}],"about":[{"href":"https:\/\/www.autonvaraosahaku.fi\/index.php?rest_route=\/wp\/v2\/types\/product"}],"wp:attachment":[{"href":"https:\/\/www.autonvaraosahaku.fi\/index.php?rest_route=%2Fwp%2Fv2%2Fmedia&parent=11474"}],"wp:term":[{"taxonomy":"pwb-brand","embeddable":true,"href":"https:\/\/www.autonvaraosahaku.fi\/index.php?rest_route=%2Fwp%2Fv2%2Fpwb-brand&post=11474"},{"taxonomy":"product_cat","embeddable":true,"href":"https:\/\/www.autonvaraosahaku.fi\/index.php?rest_route=%2Fwp%2Fv2%2Fproduct_cat&post=11474"},{"taxonomy":"product_tag","embeddable":true,"href":"https:\/\/www.autonvaraosahaku.fi\/index.php?rest_route=%2Fwp%2Fv2%2Fproduct_tag&post=11474"}],"curies":[{"name":"wp","href":"https:\/\/api.w.org\/{rel}","templated":true}]}}