{"id":11505,"date":"2021-02-21T14:11:56","date_gmt":"2021-02-21T14:11:56","guid":{"rendered":"https:\/\/www.autonvaraosahaku.fi\/?product=hella-1nd-010-377-101-sumuvalot"},"modified":"2021-02-21T14:11:57","modified_gmt":"2021-02-21T14:11:57","slug":"hella-1nd-010-377-101-sumuvalot","status":"publish","type":"product","link":"https:\/\/www.autonvaraosahaku.fi\/?product=hella-1nd-010-377-101-sumuvalot","title":{"rendered":"HELLA 1ND 010 377-101 Sumuvalot"},"content":{"rendered":"<p>Asennuspuoli: Oikea; Lis\u00e4tarvike\/lis\u00e4tieto: Polttimolla; Lyhdyn muoto: FF; Tarkistuskilpi: E26 929, ECE; Nimellisj\u00e4nnite (V): 12; Lyhtytoimintojen m\u00e4\u00e4r\u00e4: 2; Varustelumahdollisuudet: BlueGT, GTI, R-Line; Lamppumalli: H8; Valotoiminto: k\u00e4\u00e4ntymisvalolla, sumuvalolla, ilman huomiovaloa; Vaikutelma: Musta; parilliset tuotenumerot: 1ND 010 377-091; VW: POLO 6R, 6C,POLO Van 6R; 6R0941062F; Sumuvalo<\/p>\n","protected":false},"excerpt":{"rendered":"<p>HELLA Sumuvalot 1ND 010 377-101 Sumuvalo VW,POLO 6R, 6C,POLO Van 6R<\/p>\n","protected":false},"featured_media":0,"template":"","meta":{"site-sidebar-layout":"default","site-content-layout":"default","ast-global-header-display":"","ast-main-header-display":"","ast-hfb-above-header-display":"","ast-hfb-below-header-display":"","ast-hfb-mobile-header-display":"","site-post-title":"","ast-breadcrumbs-content":"","ast-featured-img":"","footer-sml-layout":"","theme-transparent-header-meta":"","adv-header-id-meta":"","stick-header-meta":"","header-above-stick-meta":"","header-main-stick-meta":"","header-below-stick-meta":""},"pwb-brand":[24],"product_cat":[119],"product_tag":[],"class_list":{"0":"post-11505","1":"product","2":"type-product","3":"status-publish","5":"pwb-brand-hella","6":"product_cat-sumuvalot","7":"desktop-align-left","8":"tablet-align-left","9":"mobile-align-left","11":"first","12":"instock","13":"product-type-external"},"brands":[{"id":24,"name":"HELLA","slug":"hella"}],"_links":{"self":[{"href":"https:\/\/www.autonvaraosahaku.fi\/index.php?rest_route=\/wp\/v2\/product\/11505","targetHints":{"allow":["GET"]}}],"collection":[{"href":"https:\/\/www.autonvaraosahaku.fi\/index.php?rest_route=\/wp\/v2\/product"}],"about":[{"href":"https:\/\/www.autonvaraosahaku.fi\/index.php?rest_route=\/wp\/v2\/types\/product"}],"wp:attachment":[{"href":"https:\/\/www.autonvaraosahaku.fi\/index.php?rest_route=%2Fwp%2Fv2%2Fmedia&parent=11505"}],"wp:term":[{"taxonomy":"pwb-brand","embeddable":true,"href":"https:\/\/www.autonvaraosahaku.fi\/index.php?rest_route=%2Fwp%2Fv2%2Fpwb-brand&post=11505"},{"taxonomy":"product_cat","embeddable":true,"href":"https:\/\/www.autonvaraosahaku.fi\/index.php?rest_route=%2Fwp%2Fv2%2Fproduct_cat&post=11505"},{"taxonomy":"product_tag","embeddable":true,"href":"https:\/\/www.autonvaraosahaku.fi\/index.php?rest_route=%2Fwp%2Fv2%2Fproduct_tag&post=11505"}],"curies":[{"name":"wp","href":"https:\/\/api.w.org\/{rel}","templated":true}]}}