{"id":11507,"date":"2021-02-21T14:11:56","date_gmt":"2021-02-21T14:11:56","guid":{"rendered":"https:\/\/www.autonvaraosahaku.fi\/?product=hella-1lx-011-929-431-ajovaloumpio"},"modified":"2021-02-21T14:11:57","modified_gmt":"2021-02-21T14:11:57","slug":"hella-1lx-011-929-431-ajovaloumpio","status":"publish","type":"product","link":"https:\/\/www.autonvaraosahaku.fi\/?product=hella-1lx-011-929-431-ajovaloumpio","title":{"rendered":"HELLA 1LX 011 929-431 Ajovaloumpio"},"content":{"rendered":"<p>Asennuspuoli: Vasen; Korvaava tuote\/korvaava tiedote 2: Valokorkeuss\u00e4\u00e4timen moottorilla; Lis\u00e4tarvike\/lis\u00e4tieto: ilman LED-ohjainta kauko-\/l\u00e4hivaloille, ilman LED-ohjainta vilkuille, Ilman LED-ohjainta huomio-\/\u00e4\u00e4rivaloille; Lyhdyn muoto: LED; Lyhtytoimintojen m\u00e4\u00e4r\u00e4: 5; Lamppumalli: LED; Valotoiminto: L\u00e4hivalolla (LED), Vilkkuvalolla (LED), Kaukovalolla (LED), \u00c4\u00e4rivalolla (LED), P\u00e4iv\u00e4ajovalolla (LED); Vasen \/ oikea liikenne: Vasemmanpuoleiselle liikenteelle; Kaiverruksella: HELLA Advanced LED; ilman kaiverrusta: BMW LED; parilliset tuotenumerot: 1LX 011 929-441; Tarkistuskilpi: E1 4017, E1 4018; Valmistusvuosi alkaen: 03\/2015; BMW: 1 F20,1 F21; 63117414143, 7414143; Ajovalot,Etuvalot,Ajovalo<\/p>\n","protected":false},"excerpt":{"rendered":"<p>HELLA Ajovaloumpio 1LX 011 929-431 Ajovalot,Etuvalot BMW,1 F20,1 F21<\/p>\n","protected":false},"featured_media":0,"template":"","meta":{"site-sidebar-layout":"default","site-content-layout":"default","ast-global-header-display":"","ast-main-header-display":"","ast-hfb-above-header-display":"","ast-hfb-below-header-display":"","ast-hfb-mobile-header-display":"","site-post-title":"","ast-breadcrumbs-content":"","ast-featured-img":"","footer-sml-layout":"","theme-transparent-header-meta":"","adv-header-id-meta":"","stick-header-meta":"","header-above-stick-meta":"","header-main-stick-meta":"","header-below-stick-meta":""},"pwb-brand":[24],"product_cat":[185],"product_tag":[],"class_list":{"0":"post-11507","1":"product","2":"type-product","3":"status-publish","5":"pwb-brand-hella","6":"product_cat-ajovaloumpio","7":"desktop-align-left","8":"tablet-align-left","9":"mobile-align-left","11":"first","12":"instock","13":"product-type-external"},"brands":[{"id":24,"name":"HELLA","slug":"hella"}],"_links":{"self":[{"href":"https:\/\/www.autonvaraosahaku.fi\/index.php?rest_route=\/wp\/v2\/product\/11507","targetHints":{"allow":["GET"]}}],"collection":[{"href":"https:\/\/www.autonvaraosahaku.fi\/index.php?rest_route=\/wp\/v2\/product"}],"about":[{"href":"https:\/\/www.autonvaraosahaku.fi\/index.php?rest_route=\/wp\/v2\/types\/product"}],"wp:attachment":[{"href":"https:\/\/www.autonvaraosahaku.fi\/index.php?rest_route=%2Fwp%2Fv2%2Fmedia&parent=11507"}],"wp:term":[{"taxonomy":"pwb-brand","embeddable":true,"href":"https:\/\/www.autonvaraosahaku.fi\/index.php?rest_route=%2Fwp%2Fv2%2Fpwb-brand&post=11507"},{"taxonomy":"product_cat","embeddable":true,"href":"https:\/\/www.autonvaraosahaku.fi\/index.php?rest_route=%2Fwp%2Fv2%2Fproduct_cat&post=11507"},{"taxonomy":"product_tag","embeddable":true,"href":"https:\/\/www.autonvaraosahaku.fi\/index.php?rest_route=%2Fwp%2Fv2%2Fproduct_tag&post=11507"}],"curies":[{"name":"wp","href":"https:\/\/api.w.org\/{rel}","templated":true}]}}