{"id":11517,"date":"2021-02-21T14:11:56","date_gmt":"2021-02-21T14:11:56","guid":{"rendered":"https:\/\/www.autonvaraosahaku.fi\/?product=facet-10-3264-anturit-sensorit"},"modified":"2021-02-21T14:11:58","modified_gmt":"2021-02-21T14:11:58","slug":"facet-10-3264-anturit-sensorit","status":"publish","type":"product","link":"https:\/\/www.autonvaraosahaku.fi\/?product=facet-10-3264-anturit-sensorit","title":{"rendered":"FACET 10.3264 Anturit (sensorit)"},"content":{"rendered":"<p>L\u00e4ht\u00f6j\u00e4nnite alkaen [V]: 0,25; L\u00e4ht\u00f6j\u00e4nnite, asti [V]: 4,75; lis\u00e4tieto: Made in Italy &#8211; OE Equivalent; Moottorinumero: BLS; VW: GOLF V 1K1,POLO 9N_,TOURAN 1T1, 1T2,GOLF VI 5K1,PASSAT Variant 3C5,PASSAT 3C2,TIGUAN 5N_,SHARAN 7M8, 7M9, 7M6,CADDY III Kombi 2KB, 2KJ, 2CB, 2CJ,TRANSPORTER V Bus 7HB, 7HJ, 7EB, 7EJ, 7EF,TOUAREG 7LA, 7L6, 7L7,GOLF VI Variant AJ5,GOLF V Variant 1K5,MULTIVAN V 7HM, 7HN, 7HF, 7EF, 7EM, 7EN,CADDY III Kasten 2KA, 2KH, 2CA, 2CH,EOS 1F7, 1F8,TRANSPORTER V Kasten 7HA, 7HH, 7EA, 7EH,PASSAT CC 357,PHAETON 3D_,CRAFTER 30-50 Kasten 2E_,JETTA III 1K2,CRAFTER 30-35 Bus 2E_,TRANSPORTER V Pritsche\/Fahrgestell 7JD, 7JE, 7JL, 7JY, 7JZ,,CRAFTER 30-50 Pritsche\/Fahrgestell 2F_; AUDI: A3 8P1,A3 Sportback 8PA,A4 Avant 8ED, B7,A4 Cabriolet 8H7, B6, 8HE, B7,A4 8EC, B7,A3 Cabriolet 8P7; JEEP: COMPASS MK49,PATRIOT MK74; SKODA: OCTAVIA Combi 1Z5,FABIA,FABIA Combi,ROOMSTER 5J,YETI 5L,SUPERB Kombi 3T5,OCTAVIA 1Z3,SUPERB 3T4,ROOMSTER Praktik 5J; SEAT: IBIZA IV 6L1,LEON 1P1,IBIZA V 6J5, 6P5,ALTEA 5P1,ALHAMBRA 7V8, 7V9,ALTEA XL 5P5, 5P8,IBIZA V SPORTCOUPE 6J1, 6P1,CORDOBA 6L2,TOLEDO III 5P2; MITSUBISHI: GRANDIS NA_W,LANCER Stufenheck CY\/Z_A; DODGE: CALIBER,JOURNEY; 03G906051A, 03G998059, 076906051A, 5149175AA, 5149175AB, K05149175AA, K05149175AB, 5149175AA, K05149175AA, K05149175AB, 1865A119, 076906051A, 03G906051A, 03G998059, 076906051A, 1K0131552B, 1K0131552E, 1K0131552F, 03G906051, 03G906051A, 03G998059, 076906051A, 076906051C, 2E0131552F<\/p>\n","protected":false},"excerpt":{"rendered":"<p>FACET Paineilma-Anturi, Korkeus 10.3264  VW,AUDI,JEEP,GOLF V 1K1,POLO 9N_,TOURAN 1T1, 1T2,GOLF VI 5K1,PASSAT Variant 3C5,PASSAT 3C2,TIGUAN 5N_<\/p>\n","protected":false},"featured_media":0,"template":"","meta":{"site-sidebar-layout":"default","site-content-layout":"default","ast-global-header-display":"","ast-main-header-display":"","ast-hfb-above-header-display":"","ast-hfb-below-header-display":"","ast-hfb-mobile-header-display":"","site-post-title":"","ast-breadcrumbs-content":"","ast-featured-img":"","footer-sml-layout":"","theme-transparent-header-meta":"","adv-header-id-meta":"","stick-header-meta":"","header-above-stick-meta":"","header-main-stick-meta":"","header-below-stick-meta":""},"pwb-brand":[263],"product_cat":[98],"product_tag":[],"class_list":{"0":"post-11517","1":"product","2":"type-product","3":"status-publish","5":"pwb-brand-facet","6":"product_cat-anturit-sensorit","7":"desktop-align-left","8":"tablet-align-left","9":"mobile-align-left","11":"first","12":"instock","13":"product-type-external"},"brands":[{"id":263,"name":"FACET","slug":"facet"}],"_links":{"self":[{"href":"https:\/\/www.autonvaraosahaku.fi\/index.php?rest_route=\/wp\/v2\/product\/11517","targetHints":{"allow":["GET"]}}],"collection":[{"href":"https:\/\/www.autonvaraosahaku.fi\/index.php?rest_route=\/wp\/v2\/product"}],"about":[{"href":"https:\/\/www.autonvaraosahaku.fi\/index.php?rest_route=\/wp\/v2\/types\/product"}],"wp:attachment":[{"href":"https:\/\/www.autonvaraosahaku.fi\/index.php?rest_route=%2Fwp%2Fv2%2Fmedia&parent=11517"}],"wp:term":[{"taxonomy":"pwb-brand","embeddable":true,"href":"https:\/\/www.autonvaraosahaku.fi\/index.php?rest_route=%2Fwp%2Fv2%2Fpwb-brand&post=11517"},{"taxonomy":"product_cat","embeddable":true,"href":"https:\/\/www.autonvaraosahaku.fi\/index.php?rest_route=%2Fwp%2Fv2%2Fproduct_cat&post=11517"},{"taxonomy":"product_tag","embeddable":true,"href":"https:\/\/www.autonvaraosahaku.fi\/index.php?rest_route=%2Fwp%2Fv2%2Fproduct_tag&post=11517"}],"curies":[{"name":"wp","href":"https:\/\/api.w.org\/{rel}","templated":true}]}}