{"id":11529,"date":"2021-02-21T14:12:00","date_gmt":"2021-02-21T14:12:00","guid":{"rendered":"https:\/\/www.autonvaraosahaku.fi\/?product=febest-2715-s60t-vetonivelen-suojakumi"},"modified":"2021-02-21T14:12:01","modified_gmt":"2021-02-21T14:12:01","slug":"febest-2715-s60t-vetonivelen-suojakumi","status":"publish","type":"product","link":"https:\/\/www.autonvaraosahaku.fi\/?product=febest-2715-s60t-vetonivelen-suojakumi","title":{"rendered":"FEBEST 2715-S60T Vetonivelen suojakumi"},"content":{"rendered":"<p>Asennuspuoli: Sisempi; Korkeus (mm): 113; Paino [kg]: 0,325; Materiaali: NBR (nitriili-butadi-kumi); M\u00e4\u00e4r\u00e4: 1; Sis\u00e4l\u00e4pimitta 2 [mm]: 70,7; Pakkausleveys [cm]: 10,2; Pakkauskorkeus [mm]: 9,3, 9,3; Valmistusp\u00e4iv\u00e4m\u00e4\u00e4r\u00e4st\u00e4: 1975; VW: GOLF IV 1J1,GOLF IV Variant 1J5,SHARAN 7M8, 7M9, 7M6,BORA 1J2,BORA Kombi 1J6,GOLF IV Van 1J1; AUDI: A3 8L1,A4 Avant 8E5, B6,A6 Avant 4B5, C5,A4 8E2, B6,A6 4F2, C6,A6 4B2, C5,A4 Cabriolet 8H7, B6, 8HE, B7,ALLROAD 4BH, C5; FORD: GALAXY WGR; FIAT: BRAVO II 198,CROMA 194; NISSAN: JUKE F15,MURANO Z51,TEANA II J32; VOLVO: V40 Kombi VW,V70 II SW,V50 MW,XC60,XC90 I,V70 I LV,S60 I,850 Kombi LW,V70 III BW,C30,S80 I TS, XY,V60,S40 II MS,XC70 CROSS COUNTRY,S40 I VS,C70 II Cabriolet,V40 Schr\u00e4gheck,XC70 II,S80 II AS,S60 II,940 II Kombi 945,940 Kombi 945,240 Kombi P245,740 Kombi 745,C70 I Cabriolet,C70 I Coupe,850 LS,960 II Kombi 965,740 744,240 P242, P244,480 E,440 K 445,S70 LS,960 II 964,460 L 464,940 944,V90 Kombi,760 704, 764,340-360 343, 345,960 Kombi 965,760 Kombi 704, 765,940 II 944,960 964,260 P262, P264,S90,260 Coupe P262,340-360 Stufenheck 344,260 Kombi P265,780,XC90 II; ALFA ROMEO: 147 937,156 Sportwagon 932,156 932,166 936; LANCIA: DELTA III 844,THESIS 841AX,LYBRA SW 839BX,LYBRA 839AX; 1008228, 1075639, C97416N200, 272439, 272483, 272487, 274165, 274337, 31256221, 31256224, 31256234, 36000518, 36000530, 36000531, 8252047, 8602575, 8602576, 8603791, 8603792; Vetoakselin Suojakumi,Paljekumi, Vetoakseli<\/p>\n","protected":false},"excerpt":{"rendered":"<p>FEBEST Vetonivelen Suojakumi 2715-S60T Vetoakselin Suojakumi,Paljekumi, Vetoakseli VW,AUDI,FORD,GOLF IV 1J1,GOLF IV Variant 1J5,SHARAN 7M8, 7M9, 7M6<\/p>\n","protected":false},"featured_media":0,"template":"","meta":{"site-sidebar-layout":"default","site-content-layout":"default","ast-global-header-display":"","ast-main-header-display":"","ast-hfb-above-header-display":"","ast-hfb-below-header-display":"","ast-hfb-mobile-header-display":"","site-post-title":"","ast-breadcrumbs-content":"","ast-featured-img":"","footer-sml-layout":"","theme-transparent-header-meta":"","adv-header-id-meta":"","stick-header-meta":"","header-above-stick-meta":"","header-main-stick-meta":"","header-below-stick-meta":""},"pwb-brand":[152],"product_cat":[42],"product_tag":[],"class_list":{"0":"post-11529","1":"product","2":"type-product","3":"status-publish","5":"pwb-brand-febest","6":"product_cat-vetonivelen-suojakumi","7":"desktop-align-left","8":"tablet-align-left","9":"mobile-align-left","11":"first","12":"instock","13":"product-type-external"},"brands":[{"id":152,"name":"FEBEST","slug":"febest"}],"_links":{"self":[{"href":"https:\/\/www.autonvaraosahaku.fi\/index.php?rest_route=\/wp\/v2\/product\/11529","targetHints":{"allow":["GET"]}}],"collection":[{"href":"https:\/\/www.autonvaraosahaku.fi\/index.php?rest_route=\/wp\/v2\/product"}],"about":[{"href":"https:\/\/www.autonvaraosahaku.fi\/index.php?rest_route=\/wp\/v2\/types\/product"}],"wp:attachment":[{"href":"https:\/\/www.autonvaraosahaku.fi\/index.php?rest_route=%2Fwp%2Fv2%2Fmedia&parent=11529"}],"wp:term":[{"taxonomy":"pwb-brand","embeddable":true,"href":"https:\/\/www.autonvaraosahaku.fi\/index.php?rest_route=%2Fwp%2Fv2%2Fpwb-brand&post=11529"},{"taxonomy":"product_cat","embeddable":true,"href":"https:\/\/www.autonvaraosahaku.fi\/index.php?rest_route=%2Fwp%2Fv2%2Fproduct_cat&post=11529"},{"taxonomy":"product_tag","embeddable":true,"href":"https:\/\/www.autonvaraosahaku.fi\/index.php?rest_route=%2Fwp%2Fv2%2Fproduct_tag&post=11529"}],"curies":[{"name":"wp","href":"https:\/\/api.w.org\/{rel}","templated":true}]}}