{"id":11530,"date":"2021-02-21T14:12:00","date_gmt":"2021-02-21T14:12:00","guid":{"rendered":"https:\/\/www.autonvaraosahaku.fi\/?product=tedgum-00659930-tukivarren-hela"},"modified":"2021-02-21T14:12:01","modified_gmt":"2021-02-21T14:12:01","slug":"tedgum-00659930-tukivarren-hela","status":"publish","type":"product","link":"https:\/\/www.autonvaraosahaku.fi\/?product=tedgum-00659930-tukivarren-hela","title":{"rendered":"TEDGUM 00659930 Tukivarren hela"},"content":{"rendered":"<p>Asennuspuoli: Taka-akseli, Yl\u00e4puolella; Ohjausmalli: f\u00fcr L\u00e4ngslenker; SUZUKI: GRAND VITARA I FT,GRAND VITARA I Cabriolet GT; 2J1059, 4620165D00, 4620165D10, 4620165D50<\/p>\n","protected":false},"excerpt":{"rendered":"<p>TEDGUM Tukivarren Hela 00659930  SUZUKI,GRAND VITARA I FT,GRAND VITARA I Cabriolet GT<\/p>\n","protected":false},"featured_media":0,"template":"","meta":{"site-sidebar-layout":"default","site-content-layout":"default","ast-global-header-display":"","ast-main-header-display":"","ast-hfb-above-header-display":"","ast-hfb-below-header-display":"","ast-hfb-mobile-header-display":"","site-post-title":"","ast-breadcrumbs-content":"","ast-featured-img":"","footer-sml-layout":"","theme-transparent-header-meta":"","adv-header-id-meta":"","stick-header-meta":"","header-above-stick-meta":"","header-main-stick-meta":"","header-below-stick-meta":""},"pwb-brand":[155],"product_cat":[115],"product_tag":[],"class_list":{"0":"post-11530","1":"product","2":"type-product","3":"status-publish","5":"pwb-brand-tedgum","6":"product_cat-tukivarren-hela","7":"desktop-align-left","8":"tablet-align-left","9":"mobile-align-left","11":"first","12":"instock","13":"product-type-external"},"brands":[{"id":155,"name":"TEDGUM","slug":"tedgum"}],"_links":{"self":[{"href":"https:\/\/www.autonvaraosahaku.fi\/index.php?rest_route=\/wp\/v2\/product\/11530","targetHints":{"allow":["GET"]}}],"collection":[{"href":"https:\/\/www.autonvaraosahaku.fi\/index.php?rest_route=\/wp\/v2\/product"}],"about":[{"href":"https:\/\/www.autonvaraosahaku.fi\/index.php?rest_route=\/wp\/v2\/types\/product"}],"wp:attachment":[{"href":"https:\/\/www.autonvaraosahaku.fi\/index.php?rest_route=%2Fwp%2Fv2%2Fmedia&parent=11530"}],"wp:term":[{"taxonomy":"pwb-brand","embeddable":true,"href":"https:\/\/www.autonvaraosahaku.fi\/index.php?rest_route=%2Fwp%2Fv2%2Fpwb-brand&post=11530"},{"taxonomy":"product_cat","embeddable":true,"href":"https:\/\/www.autonvaraosahaku.fi\/index.php?rest_route=%2Fwp%2Fv2%2Fproduct_cat&post=11530"},{"taxonomy":"product_tag","embeddable":true,"href":"https:\/\/www.autonvaraosahaku.fi\/index.php?rest_route=%2Fwp%2Fv2%2Fproduct_tag&post=11530"}],"curies":[{"name":"wp","href":"https:\/\/api.w.org\/{rel}","templated":true}]}}