{"id":11557,"date":"2021-02-21T14:12:04","date_gmt":"2021-02-21T14:12:04","guid":{"rendered":"https:\/\/www.autonvaraosahaku.fi\/?product=febest-2580-boxiii-kytkimen-tyosylinteri"},"modified":"2021-02-21T14:12:06","modified_gmt":"2021-02-21T14:12:06","slug":"febest-2580-boxiii-kytkimen-tyosylinteri","status":"publish","type":"product","link":"https:\/\/www.autonvaraosahaku.fi\/?product=febest-2580-boxiii-kytkimen-tyosylinteri","title":{"rendered":"FEBEST 2580-BOXIII Kytkimen ty\u00f6sylinteri"},"content":{"rendered":"<p>Paino [kg]: 0,285; Pakkauspituus [cm]: 22,5; Pakkausleveys [cm]: 10,0; Pakkauskorkeus [mm]: 4,0, 4,0; Vasen \/ oikea liikenne: f\u00fcr Linkslenker; CITRO\u00cbN: JUMPER Kasten,JUMPER Bus,JUMPER Pritsche\/Fahrgestell; Ty\u00f6sylinteri, Kytkin<\/p>\n","protected":false},"excerpt":{"rendered":"<p>FEBEST Kytkimen Ty\u00f6sylinteri 2580-BOXIII Ty\u00f6sylinteri, Kytkin CITRO\u00cbN,JUMPER Kasten,JUMPER Bus,JUMPER Pritsche\/Fahrgestell<\/p>\n","protected":false},"featured_media":0,"template":"","meta":{"site-sidebar-layout":"default","site-content-layout":"default","ast-global-header-display":"","ast-main-header-display":"","ast-hfb-above-header-display":"","ast-hfb-below-header-display":"","ast-hfb-mobile-header-display":"","site-post-title":"","ast-breadcrumbs-content":"","ast-featured-img":"","footer-sml-layout":"","theme-transparent-header-meta":"","adv-header-id-meta":"","stick-header-meta":"","header-above-stick-meta":"","header-main-stick-meta":"","header-below-stick-meta":""},"pwb-brand":[152],"product_cat":[310],"product_tag":[],"class_list":{"0":"post-11557","1":"product","2":"type-product","3":"status-publish","5":"pwb-brand-febest","6":"product_cat-kytkimen-tyosylinteri","7":"desktop-align-left","8":"tablet-align-left","9":"mobile-align-left","11":"first","12":"instock","13":"product-type-external"},"brands":[{"id":152,"name":"FEBEST","slug":"febest"}],"_links":{"self":[{"href":"https:\/\/www.autonvaraosahaku.fi\/index.php?rest_route=\/wp\/v2\/product\/11557","targetHints":{"allow":["GET"]}}],"collection":[{"href":"https:\/\/www.autonvaraosahaku.fi\/index.php?rest_route=\/wp\/v2\/product"}],"about":[{"href":"https:\/\/www.autonvaraosahaku.fi\/index.php?rest_route=\/wp\/v2\/types\/product"}],"wp:attachment":[{"href":"https:\/\/www.autonvaraosahaku.fi\/index.php?rest_route=%2Fwp%2Fv2%2Fmedia&parent=11557"}],"wp:term":[{"taxonomy":"pwb-brand","embeddable":true,"href":"https:\/\/www.autonvaraosahaku.fi\/index.php?rest_route=%2Fwp%2Fv2%2Fpwb-brand&post=11557"},{"taxonomy":"product_cat","embeddable":true,"href":"https:\/\/www.autonvaraosahaku.fi\/index.php?rest_route=%2Fwp%2Fv2%2Fproduct_cat&post=11557"},{"taxonomy":"product_tag","embeddable":true,"href":"https:\/\/www.autonvaraosahaku.fi\/index.php?rest_route=%2Fwp%2Fv2%2Fproduct_tag&post=11557"}],"curies":[{"name":"wp","href":"https:\/\/api.w.org\/{rel}","templated":true}]}}