{"id":11567,"date":"2021-02-21T14:12:08","date_gmt":"2021-02-21T14:12:08","guid":{"rendered":"https:\/\/www.autonvaraosahaku.fi\/?product=valeo-254048-kampiakselin-asentotunnistin"},"modified":"2021-02-21T14:12:09","modified_gmt":"2021-02-21T14:12:09","slug":"valeo-254048-kampiakselin-asentotunnistin","status":"publish","type":"product","link":"https:\/\/www.autonvaraosahaku.fi\/?product=valeo-254048-kampiakselin-asentotunnistin","title":{"rendered":"VALEO 254048 Kampiakselin asentotunnistin"},"content":{"rendered":"<p>Tunnistinmalli: Induktiivi anturi; Napojen m\u00e4\u00e4r\u00e4: 2; J\u00e4nnite (V): 12; Pistokkeen kotelon muoto: Kulmikas; Korvaava tuote\/korvaava tiedote 2: Kaapelilla; Vastus [Ohm]: 700; Paino [kg]: 0,08; Valmistusvuosi alkaen: 02\/1986; IVECO: DAILY II Pritsche\/Fahrgestell,DAILY II Kasten\/Kombi,DAILY II Kipper; LANCIA: LYBRA SW 839BX,DELTA I 831AB0,KAPPA 838A,LYBRA 839AX,THEMA 834,DELTA II 836,KAPPA SW 838B,ZETA 220,KAPPA Coupe 838,DEDRA 835,Y10 156,DEDRA SW 835,THEMA SW 834,PRISMA 831AB0; FORD: ESCORT VII GAL, AAL, ABL,SIERRA GBG, GB4,ESCORT VI GAL,SIERRA Schr\u00e4gheck GBC, GBG,SIERRA Schr\u00e4gheck GBC,SIERRA Kombi BNG,SIERRA Kombi BNC; FIAT: PUNTO 176,PUNTO 199,CINQUECENTO 170,PANDA 141A_,COUPE FA\/175,MULTIPLA 186,BRAVO I 182,BRAVA 182,PUNTO Cabriolet 176C,SCUDO Kasten 220L,UNO 146A\/E,SCUDO Combinato 220P,PALIO Weekend 178DX,FIORINO Kasten 146,TIPO 160,CROMA 154,MAREA 185,TEMPRA 159,131,RITMO I 138A,TEMPRA S.W. 159,132,FIORINO Pick up 146,REGATA 138,ARGENTA 132A,RITMO Cabriolet,PALIO 178BX,SIENA 178_,REGATA Weekend 138,ELBA 146_,SCUDO Pritsche\/Fahrgestell 220_; ALFA ROMEO: 75 162B,164 164,33 907A,33 905,90 162; RENAULT: MASTER I Kasten T__,MASTER I Bus T__,MASTER I Pritsche\/Fahrgestell P__; INNOCENTI: ELBA 146; 4460206, 60523246, 60800100, 7547714, 4460206, 60523246, 60800100, 7547714, 1639282, 60523246, 60800100, 60523246, 60800100, 7547714, 60523246, 60800100, 7547714, 5000288407; Kampiakselin Anturi,Impulssianturi, Kampiakseli<\/p>\n","protected":false},"excerpt":{"rendered":"<p>VALEO Kampiakselin Asentotunnistin 254048 Kampiakselin Anturi,Impulssianturi, Kampiakseli IVECO,LANCIA,FORD,DAILY II Pritsche\/Fahrgestell<\/p>\n","protected":false},"featured_media":0,"template":"","meta":{"site-sidebar-layout":"default","site-content-layout":"default","ast-global-header-display":"","ast-main-header-display":"","ast-hfb-above-header-display":"","ast-hfb-below-header-display":"","ast-hfb-mobile-header-display":"","site-post-title":"","ast-breadcrumbs-content":"","ast-featured-img":"","footer-sml-layout":"","theme-transparent-header-meta":"","adv-header-id-meta":"","stick-header-meta":"","header-above-stick-meta":"","header-main-stick-meta":"","header-below-stick-meta":""},"pwb-brand":[28],"product_cat":[184],"product_tag":[],"class_list":{"0":"post-11567","1":"product","2":"type-product","3":"status-publish","5":"pwb-brand-valeo","6":"product_cat-kampiakselin-asentotunnistin","7":"desktop-align-left","8":"tablet-align-left","9":"mobile-align-left","11":"first","12":"instock","13":"product-type-external"},"brands":[{"id":28,"name":"VALEO","slug":"valeo"}],"_links":{"self":[{"href":"https:\/\/www.autonvaraosahaku.fi\/index.php?rest_route=\/wp\/v2\/product\/11567","targetHints":{"allow":["GET"]}}],"collection":[{"href":"https:\/\/www.autonvaraosahaku.fi\/index.php?rest_route=\/wp\/v2\/product"}],"about":[{"href":"https:\/\/www.autonvaraosahaku.fi\/index.php?rest_route=\/wp\/v2\/types\/product"}],"wp:attachment":[{"href":"https:\/\/www.autonvaraosahaku.fi\/index.php?rest_route=%2Fwp%2Fv2%2Fmedia&parent=11567"}],"wp:term":[{"taxonomy":"pwb-brand","embeddable":true,"href":"https:\/\/www.autonvaraosahaku.fi\/index.php?rest_route=%2Fwp%2Fv2%2Fpwb-brand&post=11567"},{"taxonomy":"product_cat","embeddable":true,"href":"https:\/\/www.autonvaraosahaku.fi\/index.php?rest_route=%2Fwp%2Fv2%2Fproduct_cat&post=11567"},{"taxonomy":"product_tag","embeddable":true,"href":"https:\/\/www.autonvaraosahaku.fi\/index.php?rest_route=%2Fwp%2Fv2%2Fproduct_tag&post=11567"}],"curies":[{"name":"wp","href":"https:\/\/api.w.org\/{rel}","templated":true}]}}