{"id":11590,"date":"2021-02-21T14:12:11","date_gmt":"2021-02-21T14:12:11","guid":{"rendered":"https:\/\/www.autonvaraosahaku.fi\/?product=maxgear-43-0003-polttoainepumppu"},"modified":"2021-02-21T14:12:13","modified_gmt":"2021-02-21T14:12:13","slug":"maxgear-43-0003-polttoainepumppu","status":"publish","type":"product","link":"https:\/\/www.autonvaraosahaku.fi\/?product=maxgear-43-0003-polttoainepumppu","title":{"rendered":"MAXGEAR 43-0003 Polttoainepumppu"},"content":{"rendered":"<p>Lis\u00e4tarvike\/lis\u00e4tieto: Tiivisteill\u00e4; Polttoaine: Diesel; K\u00e4ytt\u00f6: Mekaaninen; J\u00e4nnite (V): 12; FORD: TRANSIT  MK-5 Bus E_ _,TRANSIT MK-5 Pritsche\/Fahrgestell E_ _,TRANSIT Bus MK-4 E_ _,TRANSIT MK-5 Kasten E_ _,TRANSIT MK-4 Pritsche\/Fahrgestell E_ _,TRANSIT MK-4 Kasten E_ _; 1035875<\/p>\n","protected":false},"excerpt":{"rendered":"<p>MAXGEAR Polttoainepumppu 43-0003  FORD,TRANSIT  MK-5 Bus E_ _,TRANSIT MK-5 Pritsche\/Fahrgestell E_ _,TRANSIT Bus MK-4 E_ _,TRANSIT MK-5 Kasten E_ _<\/p>\n","protected":false},"featured_media":0,"template":"","meta":{"site-sidebar-layout":"default","site-content-layout":"default","ast-global-header-display":"","ast-main-header-display":"","ast-hfb-above-header-display":"","ast-hfb-below-header-display":"","ast-hfb-mobile-header-display":"","site-post-title":"","ast-breadcrumbs-content":"","ast-featured-img":"","footer-sml-layout":"","theme-transparent-header-meta":"","adv-header-id-meta":"","stick-header-meta":"","header-above-stick-meta":"","header-main-stick-meta":"","header-below-stick-meta":""},"pwb-brand":[48],"product_cat":[73],"product_tag":[],"class_list":{"0":"post-11590","1":"product","2":"type-product","3":"status-publish","5":"pwb-brand-maxgear","6":"product_cat-polttoainepumppu","7":"desktop-align-left","8":"tablet-align-left","9":"mobile-align-left","11":"first","12":"instock","13":"product-type-external"},"brands":[{"id":48,"name":"MAXGEAR","slug":"maxgear"}],"_links":{"self":[{"href":"https:\/\/www.autonvaraosahaku.fi\/index.php?rest_route=\/wp\/v2\/product\/11590","targetHints":{"allow":["GET"]}}],"collection":[{"href":"https:\/\/www.autonvaraosahaku.fi\/index.php?rest_route=\/wp\/v2\/product"}],"about":[{"href":"https:\/\/www.autonvaraosahaku.fi\/index.php?rest_route=\/wp\/v2\/types\/product"}],"wp:attachment":[{"href":"https:\/\/www.autonvaraosahaku.fi\/index.php?rest_route=%2Fwp%2Fv2%2Fmedia&parent=11590"}],"wp:term":[{"taxonomy":"pwb-brand","embeddable":true,"href":"https:\/\/www.autonvaraosahaku.fi\/index.php?rest_route=%2Fwp%2Fv2%2Fpwb-brand&post=11590"},{"taxonomy":"product_cat","embeddable":true,"href":"https:\/\/www.autonvaraosahaku.fi\/index.php?rest_route=%2Fwp%2Fv2%2Fproduct_cat&post=11590"},{"taxonomy":"product_tag","embeddable":true,"href":"https:\/\/www.autonvaraosahaku.fi\/index.php?rest_route=%2Fwp%2Fv2%2Fproduct_tag&post=11590"}],"curies":[{"name":"wp","href":"https:\/\/api.w.org\/{rel}","templated":true}]}}