{"id":11627,"date":"2021-02-21T14:12:18","date_gmt":"2021-02-21T14:12:18","guid":{"rendered":"https:\/\/www.autonvaraosahaku.fi\/?product=mapco-53292-muut-luokat"},"modified":"2021-02-21T14:12:19","modified_gmt":"2021-02-21T14:12:19","slug":"mapco-53292-muut-luokat","status":"publish","type":"product","link":"https:\/\/www.autonvaraosahaku.fi\/?product=mapco-53292-muut-luokat","title":{"rendered":"MAPCO 53292 Muut luokat"},"content":{"rendered":"<p>M\u00e4\u00e4r\u00e4yksikk\u00f6: Sarja; Asennuspuoli: Etuakseli, vasen, Alla; Korvaava tuote\/korvaava tiedote 2: Alapallo-\/pallonivelell\u00e4, varmistusruuvisarjalla, Kumilaakerilla; Kartiomitta (mm): 15; parilliset tuotenumerot: 53293; Tarvittava kappalem\u00e4\u00e4r\u00e4: 1; Alustanumerosta: 5J-8A502 657; VW: UP; AUDI: A1 8X1, 8XF,A1 Sportback 8XA, 8XK; SKODA: FABIA,FABIA Combi,ROOMSTER 5J,CITIGO,ROOMSTER Praktik 5J; SEAT: IBIZA V 6J5, 6P5,IBIZA V ST 6J8, 6P8,Mii KF1_,IBIZA V SPORTCOUPE 6J1, 6P1<\/p>\n","protected":false},"excerpt":{"rendered":"<p>MAPCO Korjaussarja, Py\u00f6r\u00e4ntuenta 53292  VW,AUDI,SKODA,UP,A1 8X1, 8XF,A1 Sportback 8XA, 8XK,FABIA,FABIA Combi,ROOMSTER 5J,CITIGO,ROOMSTER Praktik 5J<\/p>\n","protected":false},"featured_media":0,"template":"","meta":{"site-sidebar-layout":"default","site-content-layout":"default","ast-global-header-display":"","ast-main-header-display":"","ast-hfb-above-header-display":"","ast-hfb-below-header-display":"","ast-hfb-mobile-header-display":"","site-post-title":"","ast-breadcrumbs-content":"","ast-featured-img":"","footer-sml-layout":"","theme-transparent-header-meta":"","adv-header-id-meta":"","stick-header-meta":"","header-above-stick-meta":"","header-main-stick-meta":"","header-below-stick-meta":""},"pwb-brand":[36],"product_cat":[37],"product_tag":[],"class_list":{"0":"post-11627","1":"product","2":"type-product","3":"status-publish","5":"pwb-brand-mapco","6":"product_cat-muut-luokat","7":"desktop-align-left","8":"tablet-align-left","9":"mobile-align-left","11":"first","12":"instock","13":"product-type-external"},"brands":[{"id":36,"name":"MAPCO","slug":"mapco"}],"_links":{"self":[{"href":"https:\/\/www.autonvaraosahaku.fi\/index.php?rest_route=\/wp\/v2\/product\/11627","targetHints":{"allow":["GET"]}}],"collection":[{"href":"https:\/\/www.autonvaraosahaku.fi\/index.php?rest_route=\/wp\/v2\/product"}],"about":[{"href":"https:\/\/www.autonvaraosahaku.fi\/index.php?rest_route=\/wp\/v2\/types\/product"}],"wp:attachment":[{"href":"https:\/\/www.autonvaraosahaku.fi\/index.php?rest_route=%2Fwp%2Fv2%2Fmedia&parent=11627"}],"wp:term":[{"taxonomy":"pwb-brand","embeddable":true,"href":"https:\/\/www.autonvaraosahaku.fi\/index.php?rest_route=%2Fwp%2Fv2%2Fpwb-brand&post=11627"},{"taxonomy":"product_cat","embeddable":true,"href":"https:\/\/www.autonvaraosahaku.fi\/index.php?rest_route=%2Fwp%2Fv2%2Fproduct_cat&post=11627"},{"taxonomy":"product_tag","embeddable":true,"href":"https:\/\/www.autonvaraosahaku.fi\/index.php?rest_route=%2Fwp%2Fv2%2Fproduct_tag&post=11627"}],"curies":[{"name":"wp","href":"https:\/\/api.w.org\/{rel}","templated":true}]}}