{"id":11636,"date":"2021-02-21T14:12:18","date_gmt":"2021-02-21T14:12:18","guid":{"rendered":"https:\/\/www.autonvaraosahaku.fi\/?product=metzger-0906082-ahtopaine-anturi"},"modified":"2021-02-21T14:12:20","modified_gmt":"2021-02-21T14:12:20","slug":"metzger-0906082-ahtopaine-anturi","status":"publish","type":"product","link":"https:\/\/www.autonvaraosahaku.fi\/?product=metzger-0906082-ahtopaine-anturi","title":{"rendered":"METZGER 0906082 Ahtopaine anturi"},"content":{"rendered":"<p>Napojen m\u00e4\u00e4r\u00e4: 3; Paine (Pa): 25000; Paine (Pa): 250000; Vaihteistomalli: Schaltgetriebe; BMW: 3 E46,5 E39,3 Touring E46,5 Touring E39,X5 E53,7 E38; LAND ROVER: FREELANDER LN,RANGE ROVER III LM; ROVER: 75 RJ,75 Tourer RJ; OPEL: OMEGA B Caravan 21_, 22_, 23_,OMEGA B 25_, 26_, 27_; MG: MG ZT- T,MG ZT; 13622246977, 2246977, MHK101060L, 5850801; Imusarjan Painetunnistin,Imusarjan Paineanturi,Tunnistin, Ahtopaine<\/p>\n","protected":false},"excerpt":{"rendered":"<p>METZGER MAP Sensor 0906082 Imusarjan Painetunnistin,Imusarjan Paineanturi BMW,LAND ROVER,ROVER,3 E46,5 E39,3 Touring E46,5 Touring E39,X5 E53,7 E38<\/p>\n","protected":false},"featured_media":0,"template":"","meta":{"site-sidebar-layout":"default","site-content-layout":"default","ast-global-header-display":"","ast-main-header-display":"","ast-hfb-above-header-display":"","ast-hfb-below-header-display":"","ast-hfb-mobile-header-display":"","site-post-title":"","ast-breadcrumbs-content":"","ast-featured-img":"","footer-sml-layout":"","theme-transparent-header-meta":"","adv-header-id-meta":"","stick-header-meta":"","header-above-stick-meta":"","header-main-stick-meta":"","header-below-stick-meta":""},"pwb-brand":[69],"product_cat":[197],"product_tag":[],"class_list":{"0":"post-11636","1":"product","2":"type-product","3":"status-publish","5":"pwb-brand-metzger","6":"product_cat-ahtopaine-anturi","7":"desktop-align-left","8":"tablet-align-left","9":"mobile-align-left","11":"first","12":"instock","13":"product-type-external"},"brands":[{"id":69,"name":"METZGER","slug":"metzger"}],"_links":{"self":[{"href":"https:\/\/www.autonvaraosahaku.fi\/index.php?rest_route=\/wp\/v2\/product\/11636","targetHints":{"allow":["GET"]}}],"collection":[{"href":"https:\/\/www.autonvaraosahaku.fi\/index.php?rest_route=\/wp\/v2\/product"}],"about":[{"href":"https:\/\/www.autonvaraosahaku.fi\/index.php?rest_route=\/wp\/v2\/types\/product"}],"wp:attachment":[{"href":"https:\/\/www.autonvaraosahaku.fi\/index.php?rest_route=%2Fwp%2Fv2%2Fmedia&parent=11636"}],"wp:term":[{"taxonomy":"pwb-brand","embeddable":true,"href":"https:\/\/www.autonvaraosahaku.fi\/index.php?rest_route=%2Fwp%2Fv2%2Fpwb-brand&post=11636"},{"taxonomy":"product_cat","embeddable":true,"href":"https:\/\/www.autonvaraosahaku.fi\/index.php?rest_route=%2Fwp%2Fv2%2Fproduct_cat&post=11636"},{"taxonomy":"product_tag","embeddable":true,"href":"https:\/\/www.autonvaraosahaku.fi\/index.php?rest_route=%2Fwp%2Fv2%2Fproduct_tag&post=11636"}],"curies":[{"name":"wp","href":"https:\/\/api.w.org\/{rel}","templated":true}]}}