{"id":11653,"date":"2021-02-21T14:12:22","date_gmt":"2021-02-21T14:12:22","guid":{"rendered":"https:\/\/www.autonvaraosahaku.fi\/?product=original-imperium-35681-jousijalan-tukilaakeri"},"modified":"2021-02-21T14:12:23","modified_gmt":"2021-02-21T14:12:23","slug":"original-imperium-35681-jousijalan-tukilaakeri","status":"publish","type":"product","link":"https:\/\/www.autonvaraosahaku.fi\/?product=original-imperium-35681-jousijalan-tukilaakeri","title":{"rendered":"ORIGINAL IMPERIUM 35681 Jousijalan tukilaakeri"},"content":{"rendered":"<p>Paino [g]: 210; Asennuspuoli: Taka-akseli; Tarvittava kappalem\u00e4\u00e4r\u00e4: 2; FORD: FIESTA V JH_, JD_,FUSION JU_; 1330706, 2S6118A116AD; Iskarin Yl\u00e4p\u00e4\u00e4,Iskunvaimentimen Yl\u00e4p\u00e4\u00e4<\/p>\n","protected":false},"excerpt":{"rendered":"<p>ORIGINAL IMPERIUM Jousijalan Tukilaakeri 35681 Iskarin Yl\u00e4p\u00e4\u00e4,Iskunvaimentimen Yl\u00e4p\u00e4\u00e4 FORD,FIESTA V JH_, JD_,FUSION JU_<\/p>\n","protected":false},"featured_media":0,"template":"","meta":{"site-sidebar-layout":"default","site-content-layout":"default","ast-global-header-display":"","ast-main-header-display":"","ast-hfb-above-header-display":"","ast-hfb-below-header-display":"","ast-hfb-mobile-header-display":"","site-post-title":"","ast-breadcrumbs-content":"","ast-featured-img":"","footer-sml-layout":"","theme-transparent-header-meta":"","adv-header-id-meta":"","stick-header-meta":"","header-above-stick-meta":"","header-main-stick-meta":"","header-below-stick-meta":""},"pwb-brand":[72],"product_cat":[45],"product_tag":[],"class_list":{"0":"post-11653","1":"product","2":"type-product","3":"status-publish","5":"pwb-brand-original-imperium","6":"product_cat-jousijalan-tukilaakeri","7":"desktop-align-left","8":"tablet-align-left","9":"mobile-align-left","11":"first","12":"instock","13":"product-type-external"},"brands":[{"id":72,"name":"ORIGINAL IMPERIUM","slug":"original-imperium"}],"_links":{"self":[{"href":"https:\/\/www.autonvaraosahaku.fi\/index.php?rest_route=\/wp\/v2\/product\/11653","targetHints":{"allow":["GET"]}}],"collection":[{"href":"https:\/\/www.autonvaraosahaku.fi\/index.php?rest_route=\/wp\/v2\/product"}],"about":[{"href":"https:\/\/www.autonvaraosahaku.fi\/index.php?rest_route=\/wp\/v2\/types\/product"}],"wp:attachment":[{"href":"https:\/\/www.autonvaraosahaku.fi\/index.php?rest_route=%2Fwp%2Fv2%2Fmedia&parent=11653"}],"wp:term":[{"taxonomy":"pwb-brand","embeddable":true,"href":"https:\/\/www.autonvaraosahaku.fi\/index.php?rest_route=%2Fwp%2Fv2%2Fpwb-brand&post=11653"},{"taxonomy":"product_cat","embeddable":true,"href":"https:\/\/www.autonvaraosahaku.fi\/index.php?rest_route=%2Fwp%2Fv2%2Fproduct_cat&post=11653"},{"taxonomy":"product_tag","embeddable":true,"href":"https:\/\/www.autonvaraosahaku.fi\/index.php?rest_route=%2Fwp%2Fv2%2Fproduct_tag&post=11653"}],"curies":[{"name":"wp","href":"https:\/\/api.w.org\/{rel}","templated":true}]}}