{"id":11656,"date":"2021-02-21T14:12:22","date_gmt":"2021-02-21T14:12:22","guid":{"rendered":"https:\/\/www.autonvaraosahaku.fi\/?product=meyle-35-28-228-0001-termostaatti"},"modified":"2021-02-21T14:12:24","modified_gmt":"2021-02-21T14:12:24","slug":"meyle-35-28-228-0001-termostaatti","status":"publish","type":"product","link":"https:\/\/www.autonvaraosahaku.fi\/?product=meyle-35-28-228-0001-termostaatti","title":{"rendered":"MEYLE 35-28 228 0001 Termostaatti"},"content":{"rendered":"<p>Avausl\u00e4mp\u00f6tila [\u00b0C]: 82; Lis\u00e4tarvike\/lis\u00e4tieto: Tiivisteill\u00e4; lis\u00e4tieto: ORIGINAL Quality; FORD: RANGER ES, ET,RANGER ER, EQ; MAZDA: 5 CR19,3 BK,6 Station Wagon GY,CX-5 KE, GH,6 Kombi GH,2 DE,323 F VI BJ,PREMACY CP,CX-7 ER,6 Hatchback GG,6 GG,3 BL,TRIBUTE EP,5 CW,3 BM,6 Kombi GJ, GH,6 Schr\u00e4gheck GH,RX 8 SE17,626 V Hatchback GF,3 Stufenheck BK,6 GH,FAMILIA V BA,MPV II LW,626 V GF,626 V Station Wagon GW,6 Stufenheck GJ, GH,323 P V BA,3 Stufenheck BL,626 IV Hatchback GE,MX-3 EC,FAMILIA VI BJ,3 Stufenheck BM,B-SERIE UN,XEDOS 6 CA,BT-50 CD, UN,XEDOS 9 TA,626 IV GE,FAMILIA V BG8,MX-6 GE,CX-5 KF; 4188498, XM348575AB, KL0115171, KL0115171A; Termostaatti, J\u00e4\u00e4hdytysneste<\/p>\n","protected":false},"excerpt":{"rendered":"<p>MEYLE Termostaatti 35-28 228 0001 Termostaatti, J\u00e4\u00e4hdytysneste FORD,MAZDA,RANGER ES, ET,RANGER ER, EQ,5 CR19,3 BK,6 Station Wagon GY,CX-5 KE, GH<\/p>\n","protected":false},"featured_media":0,"template":"","meta":{"site-sidebar-layout":"default","site-content-layout":"default","ast-global-header-display":"","ast-main-header-display":"","ast-hfb-above-header-display":"","ast-hfb-below-header-display":"","ast-hfb-mobile-header-display":"","site-post-title":"","ast-breadcrumbs-content":"","ast-featured-img":"","footer-sml-layout":"","theme-transparent-header-meta":"","adv-header-id-meta":"","stick-header-meta":"","header-above-stick-meta":"","header-main-stick-meta":"","header-below-stick-meta":""},"pwb-brand":[84],"product_cat":[174],"product_tag":[],"class_list":{"0":"post-11656","1":"product","2":"type-product","3":"status-publish","5":"pwb-brand-meyle","6":"product_cat-termostaatti","7":"desktop-align-left","8":"tablet-align-left","9":"mobile-align-left","11":"first","12":"instock","13":"product-type-external"},"brands":[{"id":84,"name":"MEYLE","slug":"meyle"}],"_links":{"self":[{"href":"https:\/\/www.autonvaraosahaku.fi\/index.php?rest_route=\/wp\/v2\/product\/11656","targetHints":{"allow":["GET"]}}],"collection":[{"href":"https:\/\/www.autonvaraosahaku.fi\/index.php?rest_route=\/wp\/v2\/product"}],"about":[{"href":"https:\/\/www.autonvaraosahaku.fi\/index.php?rest_route=\/wp\/v2\/types\/product"}],"wp:attachment":[{"href":"https:\/\/www.autonvaraosahaku.fi\/index.php?rest_route=%2Fwp%2Fv2%2Fmedia&parent=11656"}],"wp:term":[{"taxonomy":"pwb-brand","embeddable":true,"href":"https:\/\/www.autonvaraosahaku.fi\/index.php?rest_route=%2Fwp%2Fv2%2Fpwb-brand&post=11656"},{"taxonomy":"product_cat","embeddable":true,"href":"https:\/\/www.autonvaraosahaku.fi\/index.php?rest_route=%2Fwp%2Fv2%2Fproduct_cat&post=11656"},{"taxonomy":"product_tag","embeddable":true,"href":"https:\/\/www.autonvaraosahaku.fi\/index.php?rest_route=%2Fwp%2Fv2%2Fproduct_tag&post=11656"}],"curies":[{"name":"wp","href":"https:\/\/api.w.org\/{rel}","templated":true}]}}