{"id":11665,"date":"2021-02-21T14:12:25","date_gmt":"2021-02-21T14:12:25","guid":{"rendered":"https:\/\/www.autonvaraosahaku.fi\/?product=original-imperium-32332-muut-luokat"},"modified":"2021-02-21T14:12:26","modified_gmt":"2021-02-21T14:12:26","slug":"original-imperium-32332-muut-luokat","status":"publish","type":"product","link":"https:\/\/www.autonvaraosahaku.fi\/?product=original-imperium-32332-muut-luokat","title":{"rendered":"ORIGINAL IMPERIUM 32332 Muut luokat"},"content":{"rendered":"<p>Paino [g]: 246; Materiaali: Kumi-metalli; Sis\u00e4l\u00e4pimitta [mm]: 14; Ulkol\u00e4pimitta [mm]: 52; Pituus (mm): 75; Moottorimalli: LT 28-35; VW: LT 28-35 I Kasten 281-363,LT 28-35 I Bus 281-363,LT 28-35 I Pritsche\/Fahrgestell 281-363,LT 40-55 I Pritsche\/Fahrgestell 293-909,LT 40-55 I Kasten 291-512; 291511171C, 291511171C, 291511171C, 291511171C<\/p>\n","protected":false},"excerpt":{"rendered":"<p>ORIGINAL IMPERIUM Lehtijousen Hela 32332  VW,LT 28-35 I Kasten 281-363,LT 28-35 I Bus 281-363,LT 28-35 I Pritsche\/Fahrgestell 281-363<\/p>\n","protected":false},"featured_media":0,"template":"","meta":{"site-sidebar-layout":"default","site-content-layout":"default","ast-global-header-display":"","ast-main-header-display":"","ast-hfb-above-header-display":"","ast-hfb-below-header-display":"","ast-hfb-mobile-header-display":"","site-post-title":"","ast-breadcrumbs-content":"","ast-featured-img":"","footer-sml-layout":"","theme-transparent-header-meta":"","adv-header-id-meta":"","stick-header-meta":"","header-above-stick-meta":"","header-main-stick-meta":"","header-below-stick-meta":""},"pwb-brand":[72],"product_cat":[37],"product_tag":[],"class_list":{"0":"post-11665","1":"product","2":"type-product","3":"status-publish","5":"pwb-brand-original-imperium","6":"product_cat-muut-luokat","7":"desktop-align-left","8":"tablet-align-left","9":"mobile-align-left","11":"first","12":"instock","13":"product-type-external"},"brands":[{"id":72,"name":"ORIGINAL IMPERIUM","slug":"original-imperium"}],"_links":{"self":[{"href":"https:\/\/www.autonvaraosahaku.fi\/index.php?rest_route=\/wp\/v2\/product\/11665","targetHints":{"allow":["GET"]}}],"collection":[{"href":"https:\/\/www.autonvaraosahaku.fi\/index.php?rest_route=\/wp\/v2\/product"}],"about":[{"href":"https:\/\/www.autonvaraosahaku.fi\/index.php?rest_route=\/wp\/v2\/types\/product"}],"wp:attachment":[{"href":"https:\/\/www.autonvaraosahaku.fi\/index.php?rest_route=%2Fwp%2Fv2%2Fmedia&parent=11665"}],"wp:term":[{"taxonomy":"pwb-brand","embeddable":true,"href":"https:\/\/www.autonvaraosahaku.fi\/index.php?rest_route=%2Fwp%2Fv2%2Fpwb-brand&post=11665"},{"taxonomy":"product_cat","embeddable":true,"href":"https:\/\/www.autonvaraosahaku.fi\/index.php?rest_route=%2Fwp%2Fv2%2Fproduct_cat&post=11665"},{"taxonomy":"product_tag","embeddable":true,"href":"https:\/\/www.autonvaraosahaku.fi\/index.php?rest_route=%2Fwp%2Fv2%2Fproduct_tag&post=11665"}],"curies":[{"name":"wp","href":"https:\/\/api.w.org\/{rel}","templated":true}]}}