{"id":11671,"date":"2021-02-21T14:12:25","date_gmt":"2021-02-21T14:12:25","guid":{"rendered":"https:\/\/www.autonvaraosahaku.fi\/?product=van-wezel-5772918-vilkku"},"modified":"2021-02-21T14:12:27","modified_gmt":"2021-02-21T14:12:27","slug":"van-wezel-5772918-vilkku","status":"publish","type":"product","link":"https:\/\/www.autonvaraosahaku.fi\/?product=van-wezel-5772918-vilkku","title":{"rendered":"VAN WEZEL 5772918 Vilkku"},"content":{"rendered":"<p>Asennuspuoli: Oikea ulkopeili; Lyhdyn muoto: LED; Valotoiminto: pys\u00e4k\u00f6intivalolla; V\u00e4ri: valkoinen-l\u00e4pin\u00e4kyv\u00e4; Valon hajonta: Lattiavalaistus; parilliset tuotenumerot: 5772917; Vuosimalliin: 2015; VW: PASSAT Variant 365,EOS 1F7, 1F8,SCIROCCO 137, 138,PASSAT CC 357,PASSAT 362,CC 358,JETTA IV 162, 163,PASSAT ALLTRACK 365; 3C8949102A, 3C8949102E; Vilkkuvalo,Suuntavilkku<\/p>\n","protected":false},"excerpt":{"rendered":"<p>VAN WEZEL Vilkku 5772918 Vilkkuvalo,Suuntavilkku VW,PASSAT Variant 365,EOS 1F7, 1F8,SCIROCCO 137, 138,PASSAT CC 357,PASSAT 362,CC 358<\/p>\n","protected":false},"featured_media":0,"template":"","meta":{"site-sidebar-layout":"default","site-content-layout":"default","ast-global-header-display":"","ast-main-header-display":"","ast-hfb-above-header-display":"","ast-hfb-below-header-display":"","ast-hfb-mobile-header-display":"","site-post-title":"","ast-breadcrumbs-content":"","ast-featured-img":"","footer-sml-layout":"","theme-transparent-header-meta":"","adv-header-id-meta":"","stick-header-meta":"","header-above-stick-meta":"","header-main-stick-meta":"","header-below-stick-meta":""},"pwb-brand":[54],"product_cat":[149],"product_tag":[],"class_list":{"0":"post-11671","1":"product","2":"type-product","3":"status-publish","5":"pwb-brand-van-wezel","6":"product_cat-vilkku","7":"desktop-align-left","8":"tablet-align-left","9":"mobile-align-left","11":"first","12":"instock","13":"product-type-external"},"brands":[{"id":54,"name":"VAN WEZEL","slug":"van-wezel"}],"_links":{"self":[{"href":"https:\/\/www.autonvaraosahaku.fi\/index.php?rest_route=\/wp\/v2\/product\/11671","targetHints":{"allow":["GET"]}}],"collection":[{"href":"https:\/\/www.autonvaraosahaku.fi\/index.php?rest_route=\/wp\/v2\/product"}],"about":[{"href":"https:\/\/www.autonvaraosahaku.fi\/index.php?rest_route=\/wp\/v2\/types\/product"}],"wp:attachment":[{"href":"https:\/\/www.autonvaraosahaku.fi\/index.php?rest_route=%2Fwp%2Fv2%2Fmedia&parent=11671"}],"wp:term":[{"taxonomy":"pwb-brand","embeddable":true,"href":"https:\/\/www.autonvaraosahaku.fi\/index.php?rest_route=%2Fwp%2Fv2%2Fpwb-brand&post=11671"},{"taxonomy":"product_cat","embeddable":true,"href":"https:\/\/www.autonvaraosahaku.fi\/index.php?rest_route=%2Fwp%2Fv2%2Fproduct_cat&post=11671"},{"taxonomy":"product_tag","embeddable":true,"href":"https:\/\/www.autonvaraosahaku.fi\/index.php?rest_route=%2Fwp%2Fv2%2Fproduct_tag&post=11671"}],"curies":[{"name":"wp","href":"https:\/\/api.w.org\/{rel}","templated":true}]}}